{"id":10468,"date":"2022-02-28T21:57:28","date_gmt":"2022-02-28T20:57:28","guid":{"rendered":"https:\/\/www.polideas.it\/?post_type=product&#038;p=10468"},"modified":"2026-01-19T16:14:39","modified_gmt":"2026-01-19T15:14:39","slug":"omega-kuchengriff-weis-lackiert-mit-satiniertem-glaseinsatz","status":"publish","type":"product","link":"https:\/\/www.polideas.it\/de\/en-2\/kuchenknopfe-griffe\/omega-kuchengriff-weis-lackiert-mit-satiniertem-glaseinsatz\/","title":{"rendered":"Omega K\u00fcchengriff - Wei\u00df lackiert mit satiniertem Aluminium-Einsatz"},"content":{"rendered":"<p>Geometrisch geformt und extrem raffiniert, <strong>der Omega-K\u00fcchengriff von Polideas<\/strong> ist die ideale L\u00f6sung, um die M\u00f6bel in diesem wichtigen Raum des Hauses zu vervollst\u00e4ndigen und ihn mit wenig Aufwand schicker zu machen.<\/p>\n<p>Ergonomisch, robust und sicher, der <strong>Omega Griff<\/strong> eignet sich besonders f\u00fcr anspruchsvolle und moderne Umgebungen und verleiht T\u00fcren und Schubladen das gewisse Extra.<\/p>\n<p>Es sind verschiedene Farbkompositionen erh\u00e4ltlich: Rauchglaseffekt mit polierten Chromeins\u00e4tzen; wei\u00dfer Lack mit satiniertem Glaseffekt-Einsatz und transparent mit polierten Chromeins\u00e4tzen, um unterschiedliche Stilanforderungen zu erf\u00fcllen.<\/p>\n<p>Mit einer Breite von 205 mm und einer H\u00f6he von 24 mm, <strong>der Omega-Griff<\/strong> ist extrem einfach zu montieren, komfortabel und zuverl\u00e4ssig.<\/p>","protected":false},"excerpt":{"rendered":"<p>Dalla forma geometrica ed estremamente raffinata, la maniglia cucina Omega di Polideas \u00e8 la soluzione ideale per completare i mobili di questa stanza cos\u00ec importante della casa e renderli pi\u00f9 chic con poco. Ergonomica, robusta e sicura, la maniglia Omega si adatta in particolare agli ambienti pi\u00f9 ricercati e moderni, conferendo quel tocco in pi\u00f9 [&#8230;]\n","protected":false},"featured_media":14497,"comment_status":"closed","ping_status":"closed","template":"","meta":{"_acf_changed":false},"product_brand":[],"product_cat":[37],"product_tag":[3149,3150,3151,3152,3153,3154,3155,3156,3157,3158,3100,3159,3160,3161,3162,3163,3164],"class_list":{"0":"post-10468","1":"product","2":"type-product","3":"status-publish","4":"has-post-thumbnail","6":"product_cat-maniglie-pomelli-cucina","7":"product_tag-maniglia","8":"product_tag-maniglia-anta-cucina","9":"product_tag-maniglia-anta-mobile","10":"product_tag-maniglia-cassettiera","11":"product_tag-maniglia-cassetto","12":"product_tag-maniglia-cassetto-cucina","13":"product_tag-maniglia-cucina","14":"product_tag-maniglia-design","15":"product_tag-maniglia-elegante-cucina","16":"product_tag-maniglia-interasse-160mm","17":"product_tag-maniglia-mobile","18":"product_tag-maniglia-mobile-al-miglior-prezzo","19":"product_tag-maniglia-mobile-arredamento","20":"product_tag-maniglia-per-mobile-cucina","21":"product_tag-maniglie-colorate","22":"product_tag-maniglie-mobili-cucina","23":"product_tag-maniglie-trasparenti-per-mobili","25":"first","26":"instock","27":"taxable","28":"shipping-taxable","29":"purchasable","30":"product-type-simple"},"acf":[],"_links":{"self":[{"href":"https:\/\/www.polideas.it\/de\/wp-json\/wp\/v2\/product\/10468","targetHints":{"allow":["GET"]}}],"collection":[{"href":"https:\/\/www.polideas.it\/de\/wp-json\/wp\/v2\/product"}],"about":[{"href":"https:\/\/www.polideas.it\/de\/wp-json\/wp\/v2\/types\/product"}],"replies":[{"embeddable":true,"href":"https:\/\/www.polideas.it\/de\/wp-json\/wp\/v2\/comments?post=10468"}],"wp:featuredmedia":[{"embeddable":true,"href":"https:\/\/www.polideas.it\/de\/wp-json\/wp\/v2\/media\/14497"}],"wp:attachment":[{"href":"https:\/\/www.polideas.it\/de\/wp-json\/wp\/v2\/media?parent=10468"}],"wp:term":[{"taxonomy":"product_brand","embeddable":true,"href":"https:\/\/www.polideas.it\/de\/wp-json\/wp\/v2\/product_brand?post=10468"},{"taxonomy":"product_cat","embeddable":true,"href":"https:\/\/www.polideas.it\/de\/wp-json\/wp\/v2\/product_cat?post=10468"},{"taxonomy":"product_tag","embeddable":true,"href":"https:\/\/www.polideas.it\/de\/wp-json\/wp\/v2\/product_tag?post=10468"}],"curies":[{"name":"wp","href":"https:\/\/api.w.org\/{rel}","templated":true}]}}