{"id":10483,"date":"2022-02-28T21:57:30","date_gmt":"2022-02-28T20:57:30","guid":{"rendered":"https:\/\/www.polideas.it\/?post_type=product&#038;p=10483"},"modified":"2025-02-03T15:36:10","modified_gmt":"2025-02-03T14:36:10","slug":"antiker-bruckengriff-antiker-mobelgriff-in-kupferoptik","status":"publish","type":"product","link":"https:\/\/www.polideas.it\/de\/en-2\/antike-griffe-und-knopfe\/antiker-bruckengriff-antiker-mobelgriff-in-kupferoptik\/","title":{"rendered":"Br\u00fccke Antiker Griff - Antiker mobiler Griff - Kupfereffekt"},"content":{"rendered":"<p>Der Griff sieht aus wie ein Schmuckst\u00fcck aus einer anderen Zeit<strong> antiquierte Br\u00fccke <\/strong>von Polideas.<\/p>\n<p>Der Griff wurde entwickelt, um K\u00fcchen-, Schlaf- und Wohnzimmerm\u00f6bel im Retro-Stil zu gestalten.<strong> antiquierte Br\u00fccke <\/strong>ist ideal, um klassisch, industriell oder im Landhausstil eingerichtete R\u00e4ume zu vereinen.<\/p>\n<p>Erh\u00e4ltlich in eleganter <strong>Bronze-Effekt, Kupfer-Effekt und Eisen-Effekt<\/strong>Der Bridge-Griff sorgt f\u00fcr einen soliden und sicheren Halt. Dank einer komplexen, innovativen Verarbeitung, die die \u00e4sthetischen Vorz\u00fcge von langlebigem Metall mit der Praktikabilit\u00e4t und Ergonomie von hochwertigem Kunststoff verbindet, erzielt er einen einzigartigen Antik-Effekt.<\/p>\n<p>Mit einer Breite von 118 mm und einer H\u00f6he von 21 mm ist es ideal, um die klassischsten M\u00f6bel mit einem Hauch von Raffinesse zu versch\u00f6nern.<\/p>","protected":false},"excerpt":{"rendered":"<p>Der antikisierte Griff Bridge von Polideas wirkt wie ein Schmuckst\u00fcck aus vergangenen Zeiten. Der antikisierte Griff Bridge wurde entwickelt, um K\u00fcchen-, Schlafzimmer- und Wohnzimmerm\u00f6beln einen Retro-Charakter zu verleihen, und eignet sich ideal, um R\u00e4ume im klassischen, industriellen oder Landhausstil zu vereinheitlichen. Er ist in den eleganten Ausf\u00fchrungen Bronze, Kupfer und Eisen erh\u00e4ltlich.","protected":false},"featured_media":3414,"comment_status":"closed","ping_status":"closed","template":"","meta":{"_acf_changed":false},"product_brand":[],"product_cat":[72],"product_tag":[3149,3151,3180,3181,3152,3153,3156,3182,3183,3198,3100,3159,3196,3160,3184,3185,3186,3187],"class_list":{"0":"post-10483","1":"product","2":"type-product","3":"status-publish","4":"has-post-thumbnail","6":"product_cat-maniglie-pomoli-anticati","7":"product_tag-maniglia","8":"product_tag-maniglia-anta-mobile","9":"product_tag-maniglia-antica","10":"product_tag-maniglia-anticata","11":"product_tag-maniglia-cassettiera","12":"product_tag-maniglia-cassetto","13":"product_tag-maniglia-design","14":"product_tag-maniglia-effetto-anticato","15":"product_tag-maniglia-effetto-antico","16":"product_tag-maniglia-interasse-64mm","17":"product_tag-maniglia-mobile","18":"product_tag-maniglia-mobile-al-miglior-prezzo","19":"product_tag-maniglia-mobile-anticata-effetto-rame","20":"product_tag-maniglia-mobile-arredamento","21":"product_tag-maniglia-per-mobile-antico","22":"product_tag-maniglia-restauro-mobili","23":"product_tag-maniglia-rustico","24":"product_tag-maniglie-per-restaurazione-mobili","26":"first","27":"instock","28":"taxable","29":"shipping-taxable","30":"purchasable","31":"product-type-simple"},"acf":[],"_links":{"self":[{"href":"https:\/\/www.polideas.it\/de\/wp-json\/wp\/v2\/product\/10483","targetHints":{"allow":["GET"]}}],"collection":[{"href":"https:\/\/www.polideas.it\/de\/wp-json\/wp\/v2\/product"}],"about":[{"href":"https:\/\/www.polideas.it\/de\/wp-json\/wp\/v2\/types\/product"}],"replies":[{"embeddable":true,"href":"https:\/\/www.polideas.it\/de\/wp-json\/wp\/v2\/comments?post=10483"}],"wp:featuredmedia":[{"embeddable":true,"href":"https:\/\/www.polideas.it\/de\/wp-json\/wp\/v2\/media\/3414"}],"wp:attachment":[{"href":"https:\/\/www.polideas.it\/de\/wp-json\/wp\/v2\/media?parent=10483"}],"wp:term":[{"taxonomy":"product_brand","embeddable":true,"href":"https:\/\/www.polideas.it\/de\/wp-json\/wp\/v2\/product_brand?post=10483"},{"taxonomy":"product_cat","embeddable":true,"href":"https:\/\/www.polideas.it\/de\/wp-json\/wp\/v2\/product_cat?post=10483"},{"taxonomy":"product_tag","embeddable":true,"href":"https:\/\/www.polideas.it\/de\/wp-json\/wp\/v2\/product_tag?post=10483"}],"curies":[{"name":"wp","href":"https:\/\/api.w.org\/{rel}","templated":true}]}}