{"id":10500,"date":"2022-02-28T21:57:54","date_gmt":"2022-02-28T20:57:54","guid":{"rendered":"https:\/\/www.polideas.it\/?post_type=product&#038;p=10500"},"modified":"2025-02-25T11:13:00","modified_gmt":"2025-02-25T10:13:00","slug":"geo-handle-transparenter-design-schrankgriff-mit-polierten-chromeinsatzen","status":"publish","type":"product","link":"https:\/\/www.polideas.it\/de\/en-2\/wohnzimmer-knopfe-griffe\/geo-handle-transparenter-design-schrankgriff-mit-polierten-chromeinsatzen\/","title":{"rendered":"Geo Handle - Mobile Design Handle - Transparent mit polierten Chromeins\u00e4tzen"},"content":{"rendered":"<p>La <strong>Geo-Handle von Polideas<\/strong> zeichnet sich durch sein essentielles und \u00e4u\u00dferst schickes Design aus.<\/p>\n<p>Dank seiner besonderen Zusammensetzung ist Geo eine leichte und luftige Erg\u00e4nzung, die perfekt zur Erg\u00e4nzung von Wohn-, Schlaf- oder Wohnzimmerm\u00f6beln geeignet ist, indem sie den Raum aufhellt.<\/p>\n<p>Erh\u00e4ltlich im <strong>transparente Version mit polierten Chromeins\u00e4tzen und in opal-satinierter Ausf\u00fchrung mit Eins\u00e4tzen in Aluminiumoptik<\/strong>Er hat eine Breite von 183 mm und eine H\u00f6he von 25 mm und ist ideal f\u00fcr alle, die auf der Suche nach anspruchsvollen und essentiellen Designl\u00f6sungen sind, um R\u00e4ume zu vereinheitlichen.<\/p>\n<p>La <strong>Griff Geo <\/strong>ist das Ergebnis kontinuierlicher Forschung in Kombination mit der f\u00fcr Made in Italy typischen Sorgfalt. Es wird aus hochwertigen Materialien hergestellt, um jederzeit maximale Sicherheit zu gew\u00e4hrleisten.<\/p>","protected":false},"excerpt":{"rendered":"<p>La maniglia Geo di Polideas spicca per il suo design essenziale ed estremamente chic. Grazie alla particolare composizione, Geo \u00e8 un complemento leggero e arioso, perfetto per completare i mobili del living, della camera da letto o del salotto donando luminosit\u00e0 agli ambienti. Disponibile nella versione trasparente con inserti cromati lucidi e nell\u2019effetto satinato opalino [&#8230;]\n","protected":false},"featured_media":15815,"comment_status":"closed","ping_status":"closed","template":"","meta":{"_acf_changed":false},"product_brand":[],"product_cat":[47],"product_tag":[3149,3151,3173,3174,3209,3205,3152,3153,3175,3156,3158,3100,3159,3160,3211,3177,3178,3179,3164],"class_list":{"0":"post-10500","1":"product","2":"type-product","3":"status-publish","4":"has-post-thumbnail","6":"product_cat-maniglie-pomelli-camera-soggiorno","7":"product_tag-maniglia","8":"product_tag-maniglia-anta-mobile","9":"product_tag-maniglia-anta-mobile-soggiorno","10":"product_tag-maniglia-anta-soggiorno","11":"product_tag-maniglia-arredo","12":"product_tag-maniglia-camera","13":"product_tag-maniglia-cassettiera","14":"product_tag-maniglia-cassetto","15":"product_tag-maniglia-cassetto-soggiorno","16":"product_tag-maniglia-design","17":"product_tag-maniglia-interasse-160mm","18":"product_tag-maniglia-mobile","19":"product_tag-maniglia-mobile-al-miglior-prezzo","20":"product_tag-maniglia-mobile-arredamento","21":"product_tag-maniglia-mobile-camera","22":"product_tag-maniglia-mobile-soggiorno","23":"product_tag-maniglia-per-mobile-soggiorno","24":"product_tag-maniglia-soggiorno","25":"product_tag-maniglie-trasparenti-per-mobili","27":"first","28":"instock","29":"taxable","30":"shipping-taxable","31":"purchasable","32":"product-type-simple"},"acf":[],"_links":{"self":[{"href":"https:\/\/www.polideas.it\/de\/wp-json\/wp\/v2\/product\/10500","targetHints":{"allow":["GET"]}}],"collection":[{"href":"https:\/\/www.polideas.it\/de\/wp-json\/wp\/v2\/product"}],"about":[{"href":"https:\/\/www.polideas.it\/de\/wp-json\/wp\/v2\/types\/product"}],"replies":[{"embeddable":true,"href":"https:\/\/www.polideas.it\/de\/wp-json\/wp\/v2\/comments?post=10500"}],"wp:featuredmedia":[{"embeddable":true,"href":"https:\/\/www.polideas.it\/de\/wp-json\/wp\/v2\/media\/15815"}],"wp:attachment":[{"href":"https:\/\/www.polideas.it\/de\/wp-json\/wp\/v2\/media?parent=10500"}],"wp:term":[{"taxonomy":"product_brand","embeddable":true,"href":"https:\/\/www.polideas.it\/de\/wp-json\/wp\/v2\/product_brand?post=10500"},{"taxonomy":"product_cat","embeddable":true,"href":"https:\/\/www.polideas.it\/de\/wp-json\/wp\/v2\/product_cat?post=10500"},{"taxonomy":"product_tag","embeddable":true,"href":"https:\/\/www.polideas.it\/de\/wp-json\/wp\/v2\/product_tag?post=10500"}],"curies":[{"name":"wp","href":"https:\/\/api.w.org\/{rel}","templated":true}]}}