{"id":10511,"date":"2022-02-28T21:57:55","date_gmt":"2022-02-28T20:57:55","guid":{"rendered":"https:\/\/www.polideas.it\/?post_type=product&#038;p=10511"},"modified":"2025-01-29T11:54:34","modified_gmt":"2025-01-29T10:54:34","slug":"griff-linea-b-mittel-griff-mobiles-design","status":"publish","type":"product","link":"https:\/\/www.polideas.it\/de\/en-2\/wohnzimmer-knopfe-griffe\/griff-linea-b-mittel-griff-mobiles-design\/","title":{"rendered":"Grifflinie B Medium - Mobiler Design-Griff"},"content":{"rendered":"<p>Elegant, unverzichtbar und ergonomisch: das ist der <strong>Griff<\/strong> <strong>B Linie Medium<\/strong> <strong>von Polideas<\/strong>.<\/p>\n<p>Linea B Medium bietet dank seiner l\u00e4nglichen Form einen bequemen und sicheren Halt und ist f\u00fcr all diejenigen gedacht, die ihre Schlafzimmer-, Eingangs- und Wohnbereichsm\u00f6bel individuell gestalten m\u00f6chten, indem sie sich auf eine <strong>gesuchte Erg\u00e4nzung,<\/strong> und bleibt dabei extrem minimal.<\/p>\n<p>Erh\u00e4ltlich im <strong>Aluminium-Effekt-Finish<\/strong>Mit einer Breite von 150 mm und einer H\u00f6he von nur 14 mm eignet er sich perfekt f\u00fcr verschiedene Kombinationen von M\u00f6beln und insbesondere f\u00fcr die stilvolle Erg\u00e4nzung von kleinen und mittelgro\u00dfen M\u00f6beln.<\/p>\n<p>La <strong>Griff Linie B Medium <\/strong>ist das Ergebnis kontinuierlicher Forschung in Kombination mit der f\u00fcr Made in Italy typischen Sorgfalt. Es wird aus hochwertigen Materialien hergestellt, um jederzeit maximale Sicherheit zu gew\u00e4hrleisten.<\/p>","protected":false},"excerpt":{"rendered":"<p>Elegante, essenziale ed ergonomica: \u00e8 la maniglia Linea B Medium di Polideas. Assicurando una presa comoda e sicura, grazie alla forma allungata, Linea B Medium \u00e8 dedicata a chi desidera personalizzare i mobili della camera da letto, dell\u2019ingresso e della zona living puntando su un complemento ricercato, pur rimanendo estremamente minimal. Disponibile nella finitura ad [&#8230;]\n","protected":false},"featured_media":14587,"comment_status":"closed","ping_status":"closed","template":"","meta":{"_acf_changed":false},"product_brand":[],"product_cat":[47],"product_tag":[3149,3151,3173,3174,3209,3205,3152,3153,3175,3156,3210,3193,3100,3159,3160,3211,3177,3178,3179],"class_list":{"0":"post-10511","1":"product","2":"type-product","3":"status-publish","4":"has-post-thumbnail","6":"product_cat-maniglie-pomelli-camera-soggiorno","7":"product_tag-maniglia","8":"product_tag-maniglia-anta-mobile","9":"product_tag-maniglia-anta-mobile-soggiorno","10":"product_tag-maniglia-anta-soggiorno","11":"product_tag-maniglia-arredo","12":"product_tag-maniglia-camera","13":"product_tag-maniglia-cassettiera","14":"product_tag-maniglia-cassetto","15":"product_tag-maniglia-cassetto-soggiorno","16":"product_tag-maniglia-design","17":"product_tag-maniglia-effetto-alluminio","18":"product_tag-maniglia-interasse-96mm","19":"product_tag-maniglia-mobile","20":"product_tag-maniglia-mobile-al-miglior-prezzo","21":"product_tag-maniglia-mobile-arredamento","22":"product_tag-maniglia-mobile-camera","23":"product_tag-maniglia-mobile-soggiorno","24":"product_tag-maniglia-per-mobile-soggiorno","25":"product_tag-maniglia-soggiorno","27":"first","28":"instock","29":"taxable","30":"shipping-taxable","31":"purchasable","32":"product-type-simple"},"acf":[],"_links":{"self":[{"href":"https:\/\/www.polideas.it\/de\/wp-json\/wp\/v2\/product\/10511","targetHints":{"allow":["GET"]}}],"collection":[{"href":"https:\/\/www.polideas.it\/de\/wp-json\/wp\/v2\/product"}],"about":[{"href":"https:\/\/www.polideas.it\/de\/wp-json\/wp\/v2\/types\/product"}],"replies":[{"embeddable":true,"href":"https:\/\/www.polideas.it\/de\/wp-json\/wp\/v2\/comments?post=10511"}],"wp:featuredmedia":[{"embeddable":true,"href":"https:\/\/www.polideas.it\/de\/wp-json\/wp\/v2\/media\/14587"}],"wp:attachment":[{"href":"https:\/\/www.polideas.it\/de\/wp-json\/wp\/v2\/media?parent=10511"}],"wp:term":[{"taxonomy":"product_brand","embeddable":true,"href":"https:\/\/www.polideas.it\/de\/wp-json\/wp\/v2\/product_brand?post=10511"},{"taxonomy":"product_cat","embeddable":true,"href":"https:\/\/www.polideas.it\/de\/wp-json\/wp\/v2\/product_cat?post=10511"},{"taxonomy":"product_tag","embeddable":true,"href":"https:\/\/www.polideas.it\/de\/wp-json\/wp\/v2\/product_tag?post=10511"}],"curies":[{"name":"wp","href":"https:\/\/api.w.org\/{rel}","templated":true}]}}