{"id":10518,"date":"2022-02-28T21:57:56","date_gmt":"2022-02-28T20:57:56","guid":{"rendered":"https:\/\/www.polideas.it\/?post_type=product&#038;p=10518"},"modified":"2026-03-17T18:47:57","modified_gmt":"2026-03-17T17:47:57","slug":"koch-kuchengriff-verchromt-kuchenschrankgriff","status":"publish","type":"product","link":"https:\/\/www.polideas.it\/de\/en-2\/kuchenknopfe-griffe\/koch-kuchengriff-verchromt-kuchenschrankgriff\/","title":{"rendered":"Cook K\u00fcchengriff - Chrom poliert"},"content":{"rendered":"<p>Unverzichtbar und doch raffiniert in der Linie, <strong>der Cook K\u00fcchengriff von Polideas<\/strong> ist der klassische Griff, der durch seine Schlichtheit besticht, eine Eigenschaft, die sich f\u00fcr verschiedene Stilinterpretationen anbietet.<\/p>\n<p>Eine perfekte Erg\u00e4nzung f\u00fcr moderne K\u00fcchen, die <strong>Griff Koch<\/strong>Genau wie seine etwas l\u00e4ngere und schlankere Big-Version findet er dank seines immergr\u00fcnen Stils auch in klassischen K\u00fcchen seinen Platz.<\/p>\n<p><strong>Erh\u00e4ltlich in poliertem Chrom, Aluminiumeffekt, wei\u00dfem Lack und schwarzem Lack, <\/strong>passt perfekt zu geradlinigen M\u00f6beln mit modernen, tadellosen Oberfl\u00e4chen, genau wie sie.<\/p>\n<p>165 mm lang und 26 mm hoch, <strong>der Cook-Griff <\/strong>ist im Handumdrehen montiert und ver\u00e4ndert sofort das Aussehen der K\u00fcchenm\u00f6bel, indem es die Oberfl\u00e4chen vereinheitlicht und ihnen eine angeborene Eleganz verleiht.<\/p>","protected":false},"excerpt":{"rendered":"<p>Der unverzichtbare und dennoch raffinierte K\u00fcchengriff Cook von Polideas ist ein klassischer Griff, der durch seine Schlichtheit besticht, eine Eigenschaft, die sich f\u00fcr verschiedene Interpretationen des Stils eignet. Als perfekte Erg\u00e4nzung zu modernen K\u00fcchen ist der Cook Griff, genau wie seine etwas l\u00e4ngere und schlankere Big Version, auch in klassischen K\u00fcchen zu finden [...].","protected":false},"featured_media":14554,"comment_status":"closed","ping_status":"closed","template":"","meta":{"_acf_changed":false},"product_brand":[],"product_cat":[37],"product_tag":[3149,3150,3151,3152,3153,3154,3155,3156,3176,3100,3159,3160,3161],"class_list":{"0":"post-10518","1":"product","2":"type-product","3":"status-publish","4":"has-post-thumbnail","6":"product_cat-maniglie-pomelli-cucina","7":"product_tag-maniglia","8":"product_tag-maniglia-anta-cucina","9":"product_tag-maniglia-anta-mobile","10":"product_tag-maniglia-cassettiera","11":"product_tag-maniglia-cassetto","12":"product_tag-maniglia-cassetto-cucina","13":"product_tag-maniglia-cucina","14":"product_tag-maniglia-design","15":"product_tag-maniglia-interasse-128mm","16":"product_tag-maniglia-mobile","17":"product_tag-maniglia-mobile-al-miglior-prezzo","18":"product_tag-maniglia-mobile-arredamento","19":"product_tag-maniglia-per-mobile-cucina","21":"first","22":"instock","23":"taxable","24":"shipping-taxable","25":"purchasable","26":"product-type-simple"},"acf":[],"_links":{"self":[{"href":"https:\/\/www.polideas.it\/de\/wp-json\/wp\/v2\/product\/10518","targetHints":{"allow":["GET"]}}],"collection":[{"href":"https:\/\/www.polideas.it\/de\/wp-json\/wp\/v2\/product"}],"about":[{"href":"https:\/\/www.polideas.it\/de\/wp-json\/wp\/v2\/types\/product"}],"replies":[{"embeddable":true,"href":"https:\/\/www.polideas.it\/de\/wp-json\/wp\/v2\/comments?post=10518"}],"wp:featuredmedia":[{"embeddable":true,"href":"https:\/\/www.polideas.it\/de\/wp-json\/wp\/v2\/media\/14554"}],"wp:attachment":[{"href":"https:\/\/www.polideas.it\/de\/wp-json\/wp\/v2\/media?parent=10518"}],"wp:term":[{"taxonomy":"product_brand","embeddable":true,"href":"https:\/\/www.polideas.it\/de\/wp-json\/wp\/v2\/product_brand?post=10518"},{"taxonomy":"product_cat","embeddable":true,"href":"https:\/\/www.polideas.it\/de\/wp-json\/wp\/v2\/product_cat?post=10518"},{"taxonomy":"product_tag","embeddable":true,"href":"https:\/\/www.polideas.it\/de\/wp-json\/wp\/v2\/product_tag?post=10518"}],"curies":[{"name":"wp","href":"https:\/\/api.w.org\/{rel}","templated":true}]}}