{"id":10522,"date":"2022-02-28T21:58:18","date_gmt":"2022-02-28T20:58:18","guid":{"rendered":"https:\/\/www.polideas.it\/?post_type=product&#038;p=10522"},"modified":"2025-06-03T18:24:16","modified_gmt":"2025-06-03T16:24:16","slug":"cook-big-kuchengriff-chrom-poliert","status":"publish","type":"product","link":"https:\/\/www.polideas.it\/de\/en-2\/kuchenknopfe-griffe\/cook-big-kuchengriff-chrom-poliert\/","title":{"rendered":"Cook Big K\u00fcchengriff - Chrom poliert"},"content":{"rendered":"<p>Minimalistisch, quadratisch, aber erstaunlich praktisch in der Hand, <strong>der Cook Big K\u00fcchengriff von Polideas<\/strong> ist die ideale L\u00f6sung, um K\u00fcchenm\u00f6bel auf einfache und elegante Weise zu vervollst\u00e4ndigen.<\/p>\n<p>Robust und sicher, der <strong>Griff Cook Big<\/strong> ist die perfekte Erg\u00e4nzung f\u00fcr moderne K\u00fcchen, findet aber dank seines zeitlosen Stils auch in traditionelleren K\u00fcchen eine neue Anwendung.<\/p>\n<p><strong>Erh\u00e4ltlich in poliertem Chrom, Aluminiumeffekt, wei\u00dfem Lack und schwarzem Lack, <\/strong>passt perfekt zu geradlinigen M\u00f6beln mit modernen, tadellosen Oberfl\u00e4chen, genau wie sie.<\/p>\n<p>197 mm lang und 26 mm hoch, <strong>der Cook Big Griff<\/strong> ist dank seiner \u00dcberl\u00e4nge \u00e4u\u00dferst komfortabel in der Anwendung und reinigt leicht, ohne zu gl\u00e4nzen.<\/p>","protected":false},"excerpt":{"rendered":"<p>Minimal, squadrata ma sorprendentemente pratica da impugnare, la maniglia cucina Cook Big di Polideas \u00e8 la soluzione ideale per completare in modo semplice ed elegante i mobili della cucina. Robusta e sicura, la maniglia Cook Big \u00e8 il complemento perfetto delle cucine moderne, ma trova un\u2019inedita applicazione anche nelle cucine pi\u00f9 tradizionali grazie al suo [&#8230;]\n","protected":false},"featured_media":4417,"comment_status":"closed","ping_status":"closed","template":"","meta":{"_acf_changed":false},"product_brand":[],"product_cat":[37],"product_tag":[3149,3150,3151,3152,3153,3154,3155,3156,3158,3100,3159,3160,3161],"class_list":{"0":"post-10522","1":"product","2":"type-product","3":"status-publish","4":"has-post-thumbnail","6":"product_cat-maniglie-pomelli-cucina","7":"product_tag-maniglia","8":"product_tag-maniglia-anta-cucina","9":"product_tag-maniglia-anta-mobile","10":"product_tag-maniglia-cassettiera","11":"product_tag-maniglia-cassetto","12":"product_tag-maniglia-cassetto-cucina","13":"product_tag-maniglia-cucina","14":"product_tag-maniglia-design","15":"product_tag-maniglia-interasse-160mm","16":"product_tag-maniglia-mobile","17":"product_tag-maniglia-mobile-al-miglior-prezzo","18":"product_tag-maniglia-mobile-arredamento","19":"product_tag-maniglia-per-mobile-cucina","21":"first","22":"instock","23":"taxable","24":"shipping-taxable","25":"purchasable","26":"product-type-simple"},"acf":[],"_links":{"self":[{"href":"https:\/\/www.polideas.it\/de\/wp-json\/wp\/v2\/product\/10522","targetHints":{"allow":["GET"]}}],"collection":[{"href":"https:\/\/www.polideas.it\/de\/wp-json\/wp\/v2\/product"}],"about":[{"href":"https:\/\/www.polideas.it\/de\/wp-json\/wp\/v2\/types\/product"}],"replies":[{"embeddable":true,"href":"https:\/\/www.polideas.it\/de\/wp-json\/wp\/v2\/comments?post=10522"}],"wp:featuredmedia":[{"embeddable":true,"href":"https:\/\/www.polideas.it\/de\/wp-json\/wp\/v2\/media\/4417"}],"wp:attachment":[{"href":"https:\/\/www.polideas.it\/de\/wp-json\/wp\/v2\/media?parent=10522"}],"wp:term":[{"taxonomy":"product_brand","embeddable":true,"href":"https:\/\/www.polideas.it\/de\/wp-json\/wp\/v2\/product_brand?post=10522"},{"taxonomy":"product_cat","embeddable":true,"href":"https:\/\/www.polideas.it\/de\/wp-json\/wp\/v2\/product_cat?post=10522"},{"taxonomy":"product_tag","embeddable":true,"href":"https:\/\/www.polideas.it\/de\/wp-json\/wp\/v2\/product_tag?post=10522"}],"curies":[{"name":"wp","href":"https:\/\/api.w.org\/{rel}","templated":true}]}}