{"id":10546,"date":"2022-02-28T21:58:21","date_gmt":"2022-02-28T20:58:21","guid":{"rendered":"https:\/\/www.polideas.it\/?post_type=product&#038;p=10546"},"modified":"2025-08-01T01:14:07","modified_gmt":"2025-07-31T23:14:07","slug":"kinderzimmergriff-herz-gepragt-fein-hellblau","status":"publish","type":"product","link":"https:\/\/www.polideas.it\/de\/en-2\/kinderknopfe-griffe-2\/kinderzimmergriff-herz-gepragt-fein-hellblau\/","title":{"rendered":"Kinderzimmergriff Herz - Kinderzimmergriff - Feine Pr\u00e4gung Hellblau"},"content":{"rendered":"<p>Es wird die romantischsten kleinen M\u00e4dchen \u00fcberzeugen, aber auch ihre M\u00fctter, den Griff<strong>\u00a0Kinder Herz von Polideas. <\/strong><\/p>\n<p>Z\u00e4rtlich und romantisch, <strong>verleiht der Garderobe eine einzigartige Note<\/strong>Nachttische und Kommoden, die klassische Schlafzimmerm\u00f6bel sofort in einzigartige, individuelle St\u00fccke verwandeln.<\/p>\n<p>Verf\u00fcgbar in <strong>viele Nuancen<\/strong>von fein gepr\u00e4gtem Blau bis Wei\u00df, von Fuchsia bis Rosa, wird kleinen M\u00e4dchen, die M\u00e4rchen lieben, gefallen, die sich gerne wie echte Prinzessinnen f\u00fchlen.<\/p>\n<p>Der Griff wurde in voller \u00dcbereinstimmung mit der europ\u00e4ischen REACH-Verordnung hergestellt.<strong>\u00a0Kinder Herz<\/strong> ist frei von scharfen Kanten und garantiert maximale Sicherheit in allen Situationen.<\/p>","protected":false},"excerpt":{"rendered":"<p>Conquister\u00e0 le bimbe pi\u00f9 romantiche, ma anche le loro mamme, la maniglia\u00a0bimbi Cuore di Polideas. Tenero e romantico, regala un tocco unico ad armadi, comodini e cassettiere, trasformando subito i classici mobili della cameretta in pezzi unici e personalizzati. Disponibile in tante nuance, dal goffrato fine azzurro al bianco, dal fuxia al rosa, piacer\u00e0 tantissimo [&#8230;]\n","protected":false},"featured_media":13761,"comment_status":"closed","ping_status":"closed","template":"","meta":{"_acf_changed":false},"product_brand":[],"product_cat":[24],"product_tag":[3119,3120,3274,3275,3276,3277,3278,3279,3280,3281,3112,3113,3114,3122,3123,3115,3116,3124,3282,3117,3118,3125,3126,3127,3128],"class_list":{"0":"post-10546","1":"product","2":"type-product","3":"status-publish","4":"has-post-thumbnail","6":"product_cat-maniglie-pomelli-bambini","7":"product_tag-pomelli-cameretta-bimba","8":"product_tag-pomelli-cameretta-bimbo","9":"product_tag-pomello-a-forma-di-cuore","10":"product_tag-pomello-bambini","11":"product_tag-pomello-bambini-colorato","12":"product_tag-pomello-cameretta-bambini","13":"product_tag-pomello-cameretta-bambini-rosa","14":"product_tag-pomello-cassetti-bambini","15":"product_tag-pomello-cuore","16":"product_tag-pomello-cuore-cassettiera","17":"product_tag-pomolo","18":"product_tag-pomolo-al-miglior-prezzo","19":"product_tag-pomolo-anta-mobile","20":"product_tag-pomolo-bambini","21":"product_tag-pomolo-cameretta-bambini","22":"product_tag-pomolo-cassettiera","23":"product_tag-pomolo-cassetto","24":"product_tag-pomolo-cassetto-bambini","25":"product_tag-pomolo-interasse-32-mm","26":"product_tag-pomolo-mobile","27":"product_tag-pomolo-mobile-arredamento","28":"product_tag-pomolo-mobile-ragazza","29":"product_tag-pomolo-mobile-ragazzi","30":"product_tag-pomolo-mobili-bambina","31":"product_tag-pomolo-mobili-bambino","33":"first","34":"instock","35":"taxable","36":"shipping-taxable","37":"purchasable","38":"product-type-simple"},"acf":[],"_links":{"self":[{"href":"https:\/\/www.polideas.it\/de\/wp-json\/wp\/v2\/product\/10546","targetHints":{"allow":["GET"]}}],"collection":[{"href":"https:\/\/www.polideas.it\/de\/wp-json\/wp\/v2\/product"}],"about":[{"href":"https:\/\/www.polideas.it\/de\/wp-json\/wp\/v2\/types\/product"}],"replies":[{"embeddable":true,"href":"https:\/\/www.polideas.it\/de\/wp-json\/wp\/v2\/comments?post=10546"}],"wp:featuredmedia":[{"embeddable":true,"href":"https:\/\/www.polideas.it\/de\/wp-json\/wp\/v2\/media\/13761"}],"wp:attachment":[{"href":"https:\/\/www.polideas.it\/de\/wp-json\/wp\/v2\/media?parent=10546"}],"wp:term":[{"taxonomy":"product_brand","embeddable":true,"href":"https:\/\/www.polideas.it\/de\/wp-json\/wp\/v2\/product_brand?post=10546"},{"taxonomy":"product_cat","embeddable":true,"href":"https:\/\/www.polideas.it\/de\/wp-json\/wp\/v2\/product_cat?post=10546"},{"taxonomy":"product_tag","embeddable":true,"href":"https:\/\/www.polideas.it\/de\/wp-json\/wp\/v2\/product_tag?post=10546"}],"curies":[{"name":"wp","href":"https:\/\/api.w.org\/{rel}","templated":true}]}}