{"id":10553,"date":"2022-02-28T21:58:43","date_gmt":"2022-02-28T20:58:43","guid":{"rendered":"https:\/\/www.polideas.it\/?post_type=product&#038;p=10553"},"modified":"2025-02-18T11:20:17","modified_gmt":"2025-02-18T10:20:17","slug":"orbita-griff-mobel-design-weis-lackiert","status":"publish","type":"product","link":"https:\/\/www.polideas.it\/de\/en-2\/wohnzimmer-knopfe-griffe\/orbita-griff-mobel-design-weis-lackiert\/","title":{"rendered":"Orbita Griff - Mobiler Designgriff - Wei\u00df lackiert"},"content":{"rendered":"<p>Anspruchsvolles Design und abgerundete Linien f\u00fcr die<strong> Orbit-Griff von Polideas.<\/strong><\/p>\n<p>Das essentielle und geometrische Orbita ist der ideale Griff f\u00fcr die Erneuerung von Schlafzimmer-, Eingangs- und Wohnzimmerm\u00f6beln, indem es sich auf eine <strong>Gesuchte Erg\u00e4nzung <\/strong>das sich durch seinen zeitlosen Stil auszeichnet.<\/p>\n<p>Verf\u00fcgbar in <strong>Aluminium-Effekt-Oberfl\u00e4chen<\/strong>, <strong>Chrom poliert und wei\u00df lackiert<\/strong>Mit einem Durchmesser von 80 mm und einer H\u00f6he von 14 mm ist er ideal f\u00fcr verschiedene M\u00f6belkombinationen und insbesondere f\u00fcr die stilvolle Erg\u00e4nzung von Kleiderschr\u00e4nken, Schr\u00e4nken und Nachttischen.<\/p>\n<p>La <strong>Orbit Griff <\/strong>ist das Ergebnis kontinuierlicher Forschung in Kombination mit der f\u00fcr Made in Italy typischen Sorgfalt. Es wird aus hochwertigen Materialien hergestellt, um jederzeit maximale Sicherheit zu gew\u00e4hrleisten.<\/p>","protected":false},"excerpt":{"rendered":"<p>Design ricercato e linea tondeggiante per la maniglia Orbita di Polideas. Essenziale e geometrica, Orbita \u00e8 la maniglia ideale per rinnovare i mobili della camera da letto, dell\u2019ingresso e della zona living puntando su un complemento ricercato che si fa notare per il suo stile senza tempo. Disponibile nelle finiture ad effetto alluminio, cromato lucido [&#8230;]\n","protected":false},"featured_media":15813,"comment_status":"closed","ping_status":"closed","template":"","meta":{"_acf_changed":false},"product_brand":[],"product_cat":[47],"product_tag":[3149,3151,3173,3174,3209,3152,3153,3175,3156,3286,3198,3100,3159,3160,3211,3177,3178,3179],"class_list":{"0":"post-10553","1":"product","2":"type-product","3":"status-publish","4":"has-post-thumbnail","6":"product_cat-maniglie-pomelli-camera-soggiorno","7":"product_tag-maniglia","8":"product_tag-maniglia-anta-mobile","9":"product_tag-maniglia-anta-mobile-soggiorno","10":"product_tag-maniglia-anta-soggiorno","11":"product_tag-maniglia-arredo","12":"product_tag-maniglia-cassettiera","13":"product_tag-maniglia-cassetto","14":"product_tag-maniglia-cassetto-soggiorno","15":"product_tag-maniglia-design","16":"product_tag-maniglia-elegante","17":"product_tag-maniglia-interasse-64mm","18":"product_tag-maniglia-mobile","19":"product_tag-maniglia-mobile-al-miglior-prezzo","20":"product_tag-maniglia-mobile-arredamento","21":"product_tag-maniglia-mobile-camera","22":"product_tag-maniglia-mobile-soggiorno","23":"product_tag-maniglia-per-mobile-soggiorno","24":"product_tag-maniglia-soggiorno","26":"first","27":"instock","28":"taxable","29":"shipping-taxable","30":"purchasable","31":"product-type-simple"},"acf":[],"_links":{"self":[{"href":"https:\/\/www.polideas.it\/de\/wp-json\/wp\/v2\/product\/10553","targetHints":{"allow":["GET"]}}],"collection":[{"href":"https:\/\/www.polideas.it\/de\/wp-json\/wp\/v2\/product"}],"about":[{"href":"https:\/\/www.polideas.it\/de\/wp-json\/wp\/v2\/types\/product"}],"replies":[{"embeddable":true,"href":"https:\/\/www.polideas.it\/de\/wp-json\/wp\/v2\/comments?post=10553"}],"wp:featuredmedia":[{"embeddable":true,"href":"https:\/\/www.polideas.it\/de\/wp-json\/wp\/v2\/media\/15813"}],"wp:attachment":[{"href":"https:\/\/www.polideas.it\/de\/wp-json\/wp\/v2\/media?parent=10553"}],"wp:term":[{"taxonomy":"product_brand","embeddable":true,"href":"https:\/\/www.polideas.it\/de\/wp-json\/wp\/v2\/product_brand?post=10553"},{"taxonomy":"product_cat","embeddable":true,"href":"https:\/\/www.polideas.it\/de\/wp-json\/wp\/v2\/product_cat?post=10553"},{"taxonomy":"product_tag","embeddable":true,"href":"https:\/\/www.polideas.it\/de\/wp-json\/wp\/v2\/product_tag?post=10553"}],"curies":[{"name":"wp","href":"https:\/\/api.w.org\/{rel}","templated":true}]}}