{"id":10555,"date":"2022-02-28T21:58:43","date_gmt":"2022-02-28T20:58:43","guid":{"rendered":"https:\/\/www.polideas.it\/?post_type=product&#038;p=10555"},"modified":"2025-01-31T11:26:21","modified_gmt":"2025-01-31T10:26:21","slug":"packman-kinderhandy-griff-gepragt-fein-blau","status":"publish","type":"product","link":"https:\/\/www.polideas.it\/de\/en-2\/kinderknopfe-griffe-2\/packman-kinderhandy-griff-gepragt-fein-blau\/","title":{"rendered":"Packman Kinderhandy Griff - Fein gepr\u00e4gtes Hellblau"},"content":{"rendered":"<p>Es ist den abenteuerlustigsten und spielfreudigsten Kindern der Welt gewidmet. <strong>Packman Griff von Polideas<\/strong> das von dem ber\u00fchmten Spiel mit der gefr\u00e4\u00dfigen kugelf\u00f6rmigen Kreatur inspiriert ist, die sich in einem Labyrinth bewegt.<\/p>\n<p>Lustig und ungew\u00f6hnlich, <strong>der Packman-Griff<\/strong> ist perfekt, um dem Kinderzimmer einen Hauch von Originalit\u00e4t zu verleihen.<\/p>\n<p>Verf\u00fcgbar in <strong>zwei Nuancen<\/strong>, hellblau mit feiner Pr\u00e4gung und gr\u00fcn mit feiner Pr\u00e4gung, ist perfekt geeignet, um Schubladen und M\u00f6beln einen Hauch von Farbe zu verleihen. Sie k\u00f6nnen es in einer einzigen Farbe oder sogar in einer lustigen Farbkombination verwenden und es passt perfekt in Jungen- und M\u00e4dchenzimmer.<\/p>\n<p>Der Packman-Griff wird in voller \u00dcbereinstimmung mit der europ\u00e4ischen REACH-Verordnung hergestellt. Er hat keine scharfen Kanten und garantiert maximale Sicherheit in jeder Situation.<\/p>","protected":false},"excerpt":{"rendered":"<p>E\u2019 dedicata ai bambini pi\u00f9 avventurosi ed amanti dei videogiochi la maniglia Packman di Polideas che si ispira al famoso gioco con protagonista la vorace creatura sferica che si muove all\u2019interno di un labirinto. Divertente e insolita, la maniglia Packman \u00e8 perfetta per dare una marcia in pi\u00f9 alle camerette dei pi\u00f9 piccoli portando una [&#8230;]\n","protected":false},"featured_media":13840,"comment_status":"closed","ping_status":"closed","template":"","meta":{"_acf_changed":false},"product_brand":[],"product_cat":[24],"product_tag":[3149,3287,3151,3203,3207,3152,3153,3237,3198,3100,3159,3160,3241,3242,3243,3244,3288,3289,3162,3290],"class_list":{"0":"post-10555","1":"product","2":"type-product","3":"status-publish","4":"has-post-thumbnail","6":"product_cat-maniglie-pomelli-bambini","7":"product_tag-maniglia","8":"product_tag-maniglia-a-forma-di-pacman","9":"product_tag-maniglia-anta-mobile","10":"product_tag-maniglia-bambini","11":"product_tag-maniglia-cameretta-bambini","12":"product_tag-maniglia-cassettiera","13":"product_tag-maniglia-cassetto","14":"product_tag-maniglia-cassetto-bambini","15":"product_tag-maniglia-interasse-64mm","16":"product_tag-maniglia-mobile","17":"product_tag-maniglia-mobile-al-miglior-prezzo","18":"product_tag-maniglia-mobile-arredamento","19":"product_tag-maniglia-mobile-ragazza","20":"product_tag-maniglia-mobile-ragazzi","21":"product_tag-maniglia-mobili-bambina","22":"product_tag-maniglia-mobili-bambino","23":"product_tag-maniglia-packman","24":"product_tag-maniglia-pacman","25":"product_tag-maniglie-colorate","26":"product_tag-pacman-maniglia","28":"first","29":"instock","30":"taxable","31":"shipping-taxable","32":"purchasable","33":"product-type-simple"},"acf":[],"_links":{"self":[{"href":"https:\/\/www.polideas.it\/de\/wp-json\/wp\/v2\/product\/10555","targetHints":{"allow":["GET"]}}],"collection":[{"href":"https:\/\/www.polideas.it\/de\/wp-json\/wp\/v2\/product"}],"about":[{"href":"https:\/\/www.polideas.it\/de\/wp-json\/wp\/v2\/types\/product"}],"replies":[{"embeddable":true,"href":"https:\/\/www.polideas.it\/de\/wp-json\/wp\/v2\/comments?post=10555"}],"wp:featuredmedia":[{"embeddable":true,"href":"https:\/\/www.polideas.it\/de\/wp-json\/wp\/v2\/media\/13840"}],"wp:attachment":[{"href":"https:\/\/www.polideas.it\/de\/wp-json\/wp\/v2\/media?parent=10555"}],"wp:term":[{"taxonomy":"product_brand","embeddable":true,"href":"https:\/\/www.polideas.it\/de\/wp-json\/wp\/v2\/product_brand?post=10555"},{"taxonomy":"product_cat","embeddable":true,"href":"https:\/\/www.polideas.it\/de\/wp-json\/wp\/v2\/product_cat?post=10555"},{"taxonomy":"product_tag","embeddable":true,"href":"https:\/\/www.polideas.it\/de\/wp-json\/wp\/v2\/product_tag?post=10555"}],"curies":[{"name":"wp","href":"https:\/\/api.w.org\/{rel}","templated":true}]}}