{"id":10559,"date":"2022-02-28T21:58:44","date_gmt":"2022-02-28T20:58:44","guid":{"rendered":"https:\/\/www.polideas.it\/?post_type=product&#038;p=10559"},"modified":"2026-01-11T10:26:09","modified_gmt":"2026-01-11T09:26:09","slug":"kuchengriff-bogen-kuchenschrankgriff-chrom-poliert","status":"publish","type":"product","link":"https:\/\/www.polideas.it\/de\/en-2\/kuchenknopfe-griffe\/kuchengriff-bogen-kuchenschrankgriff-chrom-poliert\/","title":{"rendered":"B\u00fcgelgriff f\u00fcr die K\u00fcche - Chrom poliert"},"content":{"rendered":"<p>Minimale und geschwungene Linie, <strong>der Bow K\u00fcchengriff von Polideas<\/strong> \u00fcberarbeitet das Konzept der Griffe mit einem starken Fokus auf Platzoptimierung.<\/p>\n<p>Der minimale Fu\u00dfabdruck wird durch die <strong>Bogengriff <\/strong>ist ideal f\u00fcr alle, die eine kleine K\u00fcche haben und den Platz optimal nutzen m\u00fcssen, ohne dass Kn\u00f6pfe und Griffe bei der Bewegung st\u00f6ren.<\/p>\n<p><strong>Erh\u00e4ltlich in poliertem Chrom und Aluminiumeffekt<\/strong>Er eignet sich hervorragend f\u00fcr verdeckte Schubladen und T\u00fcren, aber auch f\u00fcr Einbauten.<\/p>\n<p>200 mm breit und 22 mm hoch, <strong>der Bogengriff <\/strong>Es l\u00e4sst sich leicht montieren und bietet einen soliden und sicheren Halt, obwohl es nur sehr wenig Platz ben\u00f6tigt.<\/p>","protected":false},"excerpt":{"rendered":"<p>Dalla linea minimal e sinuosa, la maniglia cucina Bow di Polideas rivisita il concetto di maniglia puntando molto all\u2019ottimizzazione degli spazi. Assicurando un ingombro minimo, la maniglia Bow \u00e8 l\u2019ideale per chi ha una cucina piccolina e ha necessit\u00e0 di sfruttare al meglio gli spazi evitando che pomelli e maniglie diventino un intralcio durante i [&#8230;]\n","protected":false},"featured_media":4439,"comment_status":"closed","ping_status":"closed","template":"","meta":{"_acf_changed":false},"product_brand":[],"product_cat":[37],"product_tag":[3200,3150,3155,3292,3156,3293,3176,3100,3159,3189],"class_list":{"0":"post-10559","1":"product","2":"type-product","3":"status-publish","4":"has-post-thumbnail","6":"product_cat-maniglie-pomelli-cucina","7":"product_tag-maniglia-anta","8":"product_tag-maniglia-anta-cucina","9":"product_tag-maniglia-cucina","10":"product_tag-maniglia-cucina-bow","11":"product_tag-maniglia-design","12":"product_tag-maniglia-design-mobile","13":"product_tag-maniglia-interasse-128mm","14":"product_tag-maniglia-mobile","15":"product_tag-maniglia-mobile-al-miglior-prezzo","16":"product_tag-maniglia-mobile-cucina","18":"first","19":"instock","20":"taxable","21":"shipping-taxable","22":"purchasable","23":"product-type-simple"},"acf":[],"_links":{"self":[{"href":"https:\/\/www.polideas.it\/de\/wp-json\/wp\/v2\/product\/10559","targetHints":{"allow":["GET"]}}],"collection":[{"href":"https:\/\/www.polideas.it\/de\/wp-json\/wp\/v2\/product"}],"about":[{"href":"https:\/\/www.polideas.it\/de\/wp-json\/wp\/v2\/types\/product"}],"replies":[{"embeddable":true,"href":"https:\/\/www.polideas.it\/de\/wp-json\/wp\/v2\/comments?post=10559"}],"wp:featuredmedia":[{"embeddable":true,"href":"https:\/\/www.polideas.it\/de\/wp-json\/wp\/v2\/media\/4439"}],"wp:attachment":[{"href":"https:\/\/www.polideas.it\/de\/wp-json\/wp\/v2\/media?parent=10559"}],"wp:term":[{"taxonomy":"product_brand","embeddable":true,"href":"https:\/\/www.polideas.it\/de\/wp-json\/wp\/v2\/product_brand?post=10559"},{"taxonomy":"product_cat","embeddable":true,"href":"https:\/\/www.polideas.it\/de\/wp-json\/wp\/v2\/product_cat?post=10559"},{"taxonomy":"product_tag","embeddable":true,"href":"https:\/\/www.polideas.it\/de\/wp-json\/wp\/v2\/product_tag?post=10559"}],"curies":[{"name":"wp","href":"https:\/\/api.w.org\/{rel}","templated":true}]}}