{"id":10564,"date":"2022-02-28T21:58:45","date_gmt":"2022-02-28T20:58:45","guid":{"rendered":"https:\/\/www.polideas.it\/?post_type=product&#038;p=10564"},"modified":"2025-08-02T21:21:09","modified_gmt":"2025-08-02T19:21:09","slug":"yoghi-bar-kindermobelknopf-gepragt-fein-grun","status":"publish","type":"product","link":"https:\/\/www.polideas.it\/de\/en-2\/kinderknopfe-griffe-2\/yoghi-bar-kindermobelknopf-gepragt-fein-grun\/","title":{"rendered":"Yoghi B\u00e4r Kindergriff - Kinder-Handygriff - Gepr\u00e4gtes feines Gr\u00fcn"},"content":{"rendered":"<p>F\u00fcr alle Kinder, die Teddyb\u00e4ren lieben, wurde das neue <strong>Yoghi Griff<\/strong> bereichert das Polideas-Sortiment an Kn\u00f6pfen, die von den zartesten und freundlichsten Tieren inspiriert sind, um praktische und einzigartige Einrichtungsaccessoires zu schaffen.<\/p>\n<p>Polideas nimmt die <strong>klassische Teddyb\u00e4rform<\/strong>mit seinem knuddeligen Gesicht und verwandelt ihn in einen perfekten Knopf, um das Kinderzimmer zu versch\u00f6nern.<\/p>\n<p>Verf\u00fcgbar in <strong>viele Schattierungen<\/strong>Von den feinen Pr\u00e4gungen in Blau, Gelb und Rosa bis hin zu den gr\u00fcnen und opalen Glaseffekten ist der Yoghi-Griff auch ideal f\u00fcr Babyzimmer sowie zur Versch\u00f6nerung von \u00e4lteren Kinderzimmern.<\/p>\n<p>Der Yoghi-Griff wird in voller \u00dcbereinstimmung mit der europ\u00e4ischen REACH-Verordnung hergestellt, hat keine scharfen Kanten und garantiert maximale Sicherheit in jeder Situation.<\/p>","protected":false},"excerpt":{"rendered":"<p>Der neue Yoghi-Griff wurde f\u00fcr alle Kinder entwickelt, die Teddyb\u00e4ren lieben. Er bereichert die Polideas-Linie von Kn\u00f6pfen, die von den niedlichsten und lustigsten Tieren inspiriert sind, um praktische und einzigartige Einrichtungsaccessoires zu schaffen. Polideas nimmt die klassische Form des Teddyb\u00e4ren mit seinem knuddeligen Gesicht und verwandelt sie in einen praktischen Knopf.","protected":false},"featured_media":7342,"comment_status":"closed","ping_status":"closed","template":"","meta":{"_acf_changed":false},"product_brand":[],"product_cat":[24],"product_tag":[3199,3294,3295,3296,3112,3113,3114,3121,3297,3122,3298,3123,3299,3115,3116,3124,3282,3117,3118,3125,3126,3127,3128,3300,3301],"class_list":{"0":"post-10564","1":"product","2":"type-product","3":"status-publish","4":"has-post-thumbnail","6":"product_cat-maniglie-pomelli-bambini","7":"product_tag-maniglia-interasse-32-mm","8":"product_tag-maniglia-orsetto","9":"product_tag-maniglia-orso","10":"product_tag-pomello-orso-bianco","11":"product_tag-pomolo","12":"product_tag-pomolo-al-miglior-prezzo","13":"product_tag-pomolo-anta-mobile","14":"product_tag-pomolo-armadio","15":"product_tag-pomolo-arredo","16":"product_tag-pomolo-bambini","17":"product_tag-pomolo-bambino-bianco","18":"product_tag-pomolo-cameretta-bambini","19":"product_tag-pomolo-cameretta-orso","20":"product_tag-pomolo-cassettiera","21":"product_tag-pomolo-cassetto","22":"product_tag-pomolo-cassetto-bambini","23":"product_tag-pomolo-interasse-32-mm","24":"product_tag-pomolo-mobile","25":"product_tag-pomolo-mobile-arredamento","26":"product_tag-pomolo-mobile-ragazza","27":"product_tag-pomolo-mobile-ragazzi","28":"product_tag-pomolo-mobili-bambina","29":"product_tag-pomolo-mobili-bambino","30":"product_tag-pomolo-per-bambini","31":"product_tag-pomolo-stanza-bambini","33":"first","34":"instock","35":"taxable","36":"shipping-taxable","37":"purchasable","38":"product-type-simple"},"acf":[],"_links":{"self":[{"href":"https:\/\/www.polideas.it\/de\/wp-json\/wp\/v2\/product\/10564","targetHints":{"allow":["GET"]}}],"collection":[{"href":"https:\/\/www.polideas.it\/de\/wp-json\/wp\/v2\/product"}],"about":[{"href":"https:\/\/www.polideas.it\/de\/wp-json\/wp\/v2\/types\/product"}],"replies":[{"embeddable":true,"href":"https:\/\/www.polideas.it\/de\/wp-json\/wp\/v2\/comments?post=10564"}],"wp:featuredmedia":[{"embeddable":true,"href":"https:\/\/www.polideas.it\/de\/wp-json\/wp\/v2\/media\/7342"}],"wp:attachment":[{"href":"https:\/\/www.polideas.it\/de\/wp-json\/wp\/v2\/media?parent=10564"}],"wp:term":[{"taxonomy":"product_brand","embeddable":true,"href":"https:\/\/www.polideas.it\/de\/wp-json\/wp\/v2\/product_brand?post=10564"},{"taxonomy":"product_cat","embeddable":true,"href":"https:\/\/www.polideas.it\/de\/wp-json\/wp\/v2\/product_cat?post=10564"},{"taxonomy":"product_tag","embeddable":true,"href":"https:\/\/www.polideas.it\/de\/wp-json\/wp\/v2\/product_tag?post=10564"}],"curies":[{"name":"wp","href":"https:\/\/api.w.org\/{rel}","templated":true}]}}