{"id":10572,"date":"2022-02-28T21:59:07","date_gmt":"2022-02-28T20:59:07","guid":{"rendered":"https:\/\/www.polideas.it\/?post_type=product&#038;p=10572"},"modified":"2025-01-30T11:24:10","modified_gmt":"2025-01-30T10:24:10","slug":"antiker-griff-t-mobelgriff-mit-antikem-bronzeeffekt","status":"publish","type":"product","link":"https:\/\/www.polideas.it\/de\/en-2\/antike-griffe-und-knopfe\/antiker-griff-t-mobelgriff-mit-antikem-bronzeeffekt\/","title":{"rendered":"Anticata T-Griff - Anticata Mobiler Griff - Bronze-Effekt"},"content":{"rendered":"<p>Mit seiner unverwechselbaren minimalistischen und doch beeindruckenden Form ist der Griff <strong>antiquiert T <\/strong>von Polideas ist ein zeitloser Klassiker.<\/p>\n<p>Der Griff wurde entwickelt, um K\u00fcchen-, Schlaf- und Wohnzimmerm\u00f6bel im Retro-Stil zu gestalten.<strong> antiquiert T <\/strong>ist ideal, um klassisch, industriell oder im Landhausstil eingerichtete R\u00e4ume zu vereinen.<\/p>\n<p>Erh\u00e4ltlich in eleganter <strong>Bronze-Effekt, Kupfer-Effekt und Eisen-Effekt<\/strong>Der T-Griff sorgt f\u00fcr einen soliden und sicheren Halt. Dank einer komplexen, innovativen Verarbeitung, die die \u00e4sthetischen Vorz\u00fcge von langlebigem Metall mit der Praktikabilit\u00e4t und Ergonomie von hochwertigem Kunststoff verbindet, erzielt er einen einzigartigen Antik-Effekt.<\/p>\n<p>Mit einer Breite von 240 mm und einer H\u00f6he von 34 mm ist er ideal, um alte Griffe an stabileren antiken M\u00f6beln zu ersetzen, ohne dabei an Authentizit\u00e4t einzub\u00fc\u00dfen.<\/p>","protected":false},"excerpt":{"rendered":"<p>Mit seiner unverwechselbaren minimalistischen, aber wirkungsvollen Form ist der antikisierte Griff T von Polideas ein zeitloser Klassiker. Der antikisierte Griff T wurde entwickelt, um K\u00fcchen-, Schlafzimmer- und Wohnzimmerm\u00f6bel im Retro-Stil individuell zu gestalten, und eignet sich ideal, um R\u00e4ume im klassischen, industriellen oder Landhausstil zu vereinheitlichen. Er ist in eleganten Ausf\u00fchrungen mit [\u2026]","protected":false},"featured_media":12051,"comment_status":"closed","ping_status":"closed","template":"","meta":{"_acf_changed":false},"product_brand":[],"product_cat":[72],"product_tag":[3149,3151,3180,3181,3152,3153,3156,3182,3183,3193,3100,3159,3160,3184,3185,3186,3187],"class_list":{"0":"post-10572","1":"product","2":"type-product","3":"status-publish","4":"has-post-thumbnail","6":"product_cat-maniglie-pomoli-anticati","7":"product_tag-maniglia","8":"product_tag-maniglia-anta-mobile","9":"product_tag-maniglia-antica","10":"product_tag-maniglia-anticata","11":"product_tag-maniglia-cassettiera","12":"product_tag-maniglia-cassetto","13":"product_tag-maniglia-design","14":"product_tag-maniglia-effetto-anticato","15":"product_tag-maniglia-effetto-antico","16":"product_tag-maniglia-interasse-96mm","17":"product_tag-maniglia-mobile","18":"product_tag-maniglia-mobile-al-miglior-prezzo","19":"product_tag-maniglia-mobile-arredamento","20":"product_tag-maniglia-per-mobile-antico","21":"product_tag-maniglia-restauro-mobili","22":"product_tag-maniglia-rustico","23":"product_tag-maniglie-per-restaurazione-mobili","25":"first","26":"instock","27":"taxable","28":"shipping-taxable","29":"purchasable","30":"product-type-simple"},"acf":[],"_links":{"self":[{"href":"https:\/\/www.polideas.it\/de\/wp-json\/wp\/v2\/product\/10572","targetHints":{"allow":["GET"]}}],"collection":[{"href":"https:\/\/www.polideas.it\/de\/wp-json\/wp\/v2\/product"}],"about":[{"href":"https:\/\/www.polideas.it\/de\/wp-json\/wp\/v2\/types\/product"}],"replies":[{"embeddable":true,"href":"https:\/\/www.polideas.it\/de\/wp-json\/wp\/v2\/comments?post=10572"}],"wp:featuredmedia":[{"embeddable":true,"href":"https:\/\/www.polideas.it\/de\/wp-json\/wp\/v2\/media\/12051"}],"wp:attachment":[{"href":"https:\/\/www.polideas.it\/de\/wp-json\/wp\/v2\/media?parent=10572"}],"wp:term":[{"taxonomy":"product_brand","embeddable":true,"href":"https:\/\/www.polideas.it\/de\/wp-json\/wp\/v2\/product_brand?post=10572"},{"taxonomy":"product_cat","embeddable":true,"href":"https:\/\/www.polideas.it\/de\/wp-json\/wp\/v2\/product_cat?post=10572"},{"taxonomy":"product_tag","embeddable":true,"href":"https:\/\/www.polideas.it\/de\/wp-json\/wp\/v2\/product_tag?post=10572"}],"curies":[{"name":"wp","href":"https:\/\/api.w.org\/{rel}","templated":true}]}}