{"id":10616,"date":"2022-02-28T21:59:34","date_gmt":"2022-02-28T20:59:34","guid":{"rendered":"https:\/\/www.polideas.it\/?post_type=product&#038;p=10616"},"modified":"2025-02-04T17:57:44","modified_gmt":"2025-02-04T16:57:44","slug":"elefantenknopf-kinderschrankknopf-milchglaseffekt-opalinfarben","status":"publish","type":"product","link":"https:\/\/www.polideas.it\/de\/en-2\/kinderknopfe-griffe-2\/elefantenknopf-kinderschrankknopf-milchglaseffekt-opalinfarben\/","title":{"rendered":"Pomolo Bimbi Elefante - Kinderm\u00f6belknopf - Satinierter Glaseffekt opalfarben"},"content":{"rendered":"<p>Der Elefantenknopf ist den Kindern gewidmet, die das M\u00e4rchen von Dumbo lieben. Er ist Teil von Polideas' Animalier-Linie, die einige der Lieblingstiere der Kinder in praktische Accessoires verwandelt.<\/p>\n<p>Polideas nimmt die <strong>klassische Elefantenform<\/strong>mit seinem niedlichen R\u00fcssel und den gro\u00dfen Ohren und verwandelt ihn in den perfekten Knauf, um das Kinderzimmer neu zu beleben.<\/p>\n<p>Verf\u00fcgbar in <strong>viele Schattierungen<\/strong>vom fein gepr\u00e4gten Blau, Gelb und Rosa bis zum gr\u00fcnen und opalfarbenen Milchglaseffekt kann der Elefantenknopf auch mit den anderen <strong>Kn\u00f6pfe mit Tiermotiven von Polideas<\/strong> f\u00fcr einen super fr\u00f6hlichen Effekt.<\/p>\n<p>Hergestellt in voller \u00dcbereinstimmung mit der europ\u00e4ischen REACH-Verordnung, ist der Elefante-Knauf frei von scharfen Kanten und garantiert maximale Sicherheit in jeder Situation.<\/p>","protected":false},"excerpt":{"rendered":"<p>Dedicato ai bambini che amano la favola di Dumbo, il Pomolo Elefante fa parte della linea animalier di Polideas che trasforma in pratici complementi alcuni degli animaletti pi\u00f9 amati dai bambini. Polideas riprende la classica forma dell\u2019elefante, con la sua simpatica proboscide e le grandi orecchie, e la trasforma in un pomolo perfetto per dare [&#8230;]\n","protected":false},"featured_media":11504,"comment_status":"open","ping_status":"closed","template":"","meta":{"_acf_changed":false},"product_brand":[],"product_cat":[24],"product_tag":[3119,3120,3112,3113,3114,3121,3122,3123,3115,3116,3124,3117,3118,3125,3126,3127,3128],"class_list":{"0":"post-10616","1":"product","2":"type-product","3":"status-publish","4":"has-post-thumbnail","6":"product_cat-maniglie-pomelli-bambini","7":"product_tag-pomelli-cameretta-bimba","8":"product_tag-pomelli-cameretta-bimbo","9":"product_tag-pomolo","10":"product_tag-pomolo-al-miglior-prezzo","11":"product_tag-pomolo-anta-mobile","12":"product_tag-pomolo-armadio","13":"product_tag-pomolo-bambini","14":"product_tag-pomolo-cameretta-bambini","15":"product_tag-pomolo-cassettiera","16":"product_tag-pomolo-cassetto","17":"product_tag-pomolo-cassetto-bambini","18":"product_tag-pomolo-mobile","19":"product_tag-pomolo-mobile-arredamento","20":"product_tag-pomolo-mobile-ragazza","21":"product_tag-pomolo-mobile-ragazzi","22":"product_tag-pomolo-mobili-bambina","23":"product_tag-pomolo-mobili-bambino","25":"first","26":"instock","27":"taxable","28":"shipping-taxable","29":"purchasable","30":"product-type-simple"},"acf":[],"_links":{"self":[{"href":"https:\/\/www.polideas.it\/de\/wp-json\/wp\/v2\/product\/10616","targetHints":{"allow":["GET"]}}],"collection":[{"href":"https:\/\/www.polideas.it\/de\/wp-json\/wp\/v2\/product"}],"about":[{"href":"https:\/\/www.polideas.it\/de\/wp-json\/wp\/v2\/types\/product"}],"replies":[{"embeddable":true,"href":"https:\/\/www.polideas.it\/de\/wp-json\/wp\/v2\/comments?post=10616"}],"wp:featuredmedia":[{"embeddable":true,"href":"https:\/\/www.polideas.it\/de\/wp-json\/wp\/v2\/media\/11504"}],"wp:attachment":[{"href":"https:\/\/www.polideas.it\/de\/wp-json\/wp\/v2\/media?parent=10616"}],"wp:term":[{"taxonomy":"product_brand","embeddable":true,"href":"https:\/\/www.polideas.it\/de\/wp-json\/wp\/v2\/product_brand?post=10616"},{"taxonomy":"product_cat","embeddable":true,"href":"https:\/\/www.polideas.it\/de\/wp-json\/wp\/v2\/product_cat?post=10616"},{"taxonomy":"product_tag","embeddable":true,"href":"https:\/\/www.polideas.it\/de\/wp-json\/wp\/v2\/product_tag?post=10616"}],"curies":[{"name":"wp","href":"https:\/\/api.w.org\/{rel}","templated":true}]}}