{"id":10642,"date":"2022-02-28T21:59:59","date_gmt":"2022-02-28T20:59:59","guid":{"rendered":"https:\/\/www.polideas.it\/?post_type=product&#038;p=10642"},"modified":"2025-10-18T16:00:06","modified_gmt":"2025-10-18T14:00:06","slug":"vollmond-kindermobelknopf-gepragt-fein-weis","status":"publish","type":"product","link":"https:\/\/www.polideas.it\/de\/en-2\/kinderknopfe-griffe-2\/vollmond-kindermobelknopf-gepragt-fein-weis\/","title":{"rendered":"Vollmond - Mobile f\u00fcr Kinder - Fein gepr\u00e4gter wei\u00dfer Knopf"},"content":{"rendered":"<p>Wie an jedem Sternenhimmel, der etwas auf sich h\u00e4lt, kann auch im Kinderzimmer ein sch\u00f6ner Vollmond aufgehen: Er ist der <strong>Vollmond-Knopf von Polideas<\/strong>!<\/p>\n<p>Mit seiner unverwechselbaren runden und zarten Form ist der <strong>Vollmond-Babyknopf<\/strong> verwandelt die gew\u00f6hnlichen M\u00f6bel sofort in neue und unerwartete Elemente und verleiht ihnen einen v\u00f6llig neuen Look.<\/p>\n<p>Erh\u00e4ltlich in den edlen Pr\u00e4gefarben Wei\u00df, Rosa und Hellblau, ist es auch die ideale Erg\u00e4nzung zu den <strong>Babyzimmer.<\/strong><\/p>\n<p>In voller \u00dcbereinstimmung mit der europ\u00e4ischen REACH-Verordnung hergestellt, ist das <strong>Vollmond-Babyknopf<\/strong> ist frei von scharfen Kanten und garantiert maximale Sicherheit in allen Situationen.<\/p>","protected":false},"excerpt":{"rendered":"<p>Proprio come in ogni cielo stellato che si rispetti, anche nella cameretta dei pi\u00f9 piccoli pu\u00f2 sorgere una bellissima luna piena: \u00e8 il pomolo Full Moon di Polideas! Con la sua inconfondibile forma tonda e tenera, il pomolo bimbi Full Moon trasforma subito i soliti mobili in elementi d\u2019arredo nuovi e inaspettati, conferendo loro tutto [&#8230;]\n","protected":false},"featured_media":15810,"comment_status":"closed","ping_status":"closed","template":"","meta":{"_acf_changed":false},"product_brand":[],"product_cat":[24],"product_tag":[3112,3113,3114,3121,3122,3123,3115,3116,3124,3117,3118,3125,3126,3127,3128],"class_list":{"0":"post-10642","1":"product","2":"type-product","3":"status-publish","4":"has-post-thumbnail","6":"product_cat-maniglie-pomelli-bambini","7":"product_tag-pomolo","8":"product_tag-pomolo-al-miglior-prezzo","9":"product_tag-pomolo-anta-mobile","10":"product_tag-pomolo-armadio","11":"product_tag-pomolo-bambini","12":"product_tag-pomolo-cameretta-bambini","13":"product_tag-pomolo-cassettiera","14":"product_tag-pomolo-cassetto","15":"product_tag-pomolo-cassetto-bambini","16":"product_tag-pomolo-mobile","17":"product_tag-pomolo-mobile-arredamento","18":"product_tag-pomolo-mobile-ragazza","19":"product_tag-pomolo-mobile-ragazzi","20":"product_tag-pomolo-mobili-bambina","21":"product_tag-pomolo-mobili-bambino","23":"first","24":"instock","25":"taxable","26":"shipping-taxable","27":"purchasable","28":"product-type-simple"},"acf":[],"_links":{"self":[{"href":"https:\/\/www.polideas.it\/de\/wp-json\/wp\/v2\/product\/10642","targetHints":{"allow":["GET"]}}],"collection":[{"href":"https:\/\/www.polideas.it\/de\/wp-json\/wp\/v2\/product"}],"about":[{"href":"https:\/\/www.polideas.it\/de\/wp-json\/wp\/v2\/types\/product"}],"replies":[{"embeddable":true,"href":"https:\/\/www.polideas.it\/de\/wp-json\/wp\/v2\/comments?post=10642"}],"wp:featuredmedia":[{"embeddable":true,"href":"https:\/\/www.polideas.it\/de\/wp-json\/wp\/v2\/media\/15810"}],"wp:attachment":[{"href":"https:\/\/www.polideas.it\/de\/wp-json\/wp\/v2\/media?parent=10642"}],"wp:term":[{"taxonomy":"product_brand","embeddable":true,"href":"https:\/\/www.polideas.it\/de\/wp-json\/wp\/v2\/product_brand?post=10642"},{"taxonomy":"product_cat","embeddable":true,"href":"https:\/\/www.polideas.it\/de\/wp-json\/wp\/v2\/product_cat?post=10642"},{"taxonomy":"product_tag","embeddable":true,"href":"https:\/\/www.polideas.it\/de\/wp-json\/wp\/v2\/product_tag?post=10642"}],"curies":[{"name":"wp","href":"https:\/\/api.w.org\/{rel}","templated":true}]}}