{"id":10659,"date":"2022-02-28T22:00:22","date_gmt":"2022-02-28T21:00:22","guid":{"rendered":"https:\/\/www.polideas.it\/?post_type=product&#038;p=10659"},"modified":"2025-02-18T11:14:56","modified_gmt":"2025-02-18T10:14:56","slug":"quadratischer-soul-kuchengriff-geformt-weis","status":"publish","type":"product","link":"https:\/\/www.polideas.it\/de\/en-2\/kuchenknopfe-griffe\/quadratischer-soul-kuchengriff-geformt-weis\/","title":{"rendered":"Square Soul - Quadratischer K\u00fcchengriff - Wei\u00df geformt"},"content":{"rendered":"<p>Sorgt f\u00fcr optimalen Halt des K\u00fcchengriffs <strong>Quadratische Seele von Polideas<\/strong>Es wurde entworfen, um den Platz zu optimieren und die Unordnung zu minimieren, wobei es einen einzigartigen und raffinierten Stil beibeh\u00e4lt.<\/p>\n<p>Dank seiner <strong>Minimalistischer und doch zeitloser Stil<\/strong>Er ist die perfekte Erg\u00e4nzung sowohl f\u00fcr klassischere K\u00fcchen, die einen Hauch von Neuheit brauchen, als auch f\u00fcr modernere K\u00fcchen, die eine warme und gem\u00fctliche Atmosph\u00e4re schaffen wollen.<\/p>\n<p><strong>Erh\u00e4ltlich in den Ausf\u00fchrungen wei\u00df bedruckt, schwarz bedruckt und transparent bedruckt,<\/strong> ist vor allem f\u00fcr diejenigen ideal, die gerne mit einfachen Nuancen spielen und eine raffinierte, geradlinige K\u00fcche w\u00fcnschen.<\/p>\n<p>Mit einer Breite von 45 mm und einer Tiefe von 25 mm, <strong>der Square Soul Griff <\/strong>passt perfekt zu versteckten und eingebauten M\u00f6beln und ist dabei bequem zu bedienen.<\/p>\n<p>&nbsp;<\/p>","protected":false},"excerpt":{"rendered":"<p>&nbsp;<\/p>\n<p>&nbsp;<\/p>","protected":false},"featured_media":15811,"comment_status":"closed","ping_status":"closed","template":"","meta":{"_acf_changed":false},"product_brand":[],"product_cat":[37],"product_tag":[3149,3150,3151,3152,3153,3154,3155,3156,3199,3100,3159,3160,3161,3162],"class_list":{"0":"post-10659","1":"product","2":"type-product","3":"status-publish","4":"has-post-thumbnail","6":"product_cat-maniglie-pomelli-cucina","7":"product_tag-maniglia","8":"product_tag-maniglia-anta-cucina","9":"product_tag-maniglia-anta-mobile","10":"product_tag-maniglia-cassettiera","11":"product_tag-maniglia-cassetto","12":"product_tag-maniglia-cassetto-cucina","13":"product_tag-maniglia-cucina","14":"product_tag-maniglia-design","15":"product_tag-maniglia-interasse-32-mm","16":"product_tag-maniglia-mobile","17":"product_tag-maniglia-mobile-al-miglior-prezzo","18":"product_tag-maniglia-mobile-arredamento","19":"product_tag-maniglia-per-mobile-cucina","20":"product_tag-maniglie-colorate","22":"first","23":"instock","24":"taxable","25":"shipping-taxable","26":"purchasable","27":"product-type-simple"},"acf":[],"_links":{"self":[{"href":"https:\/\/www.polideas.it\/de\/wp-json\/wp\/v2\/product\/10659","targetHints":{"allow":["GET"]}}],"collection":[{"href":"https:\/\/www.polideas.it\/de\/wp-json\/wp\/v2\/product"}],"about":[{"href":"https:\/\/www.polideas.it\/de\/wp-json\/wp\/v2\/types\/product"}],"replies":[{"embeddable":true,"href":"https:\/\/www.polideas.it\/de\/wp-json\/wp\/v2\/comments?post=10659"}],"wp:featuredmedia":[{"embeddable":true,"href":"https:\/\/www.polideas.it\/de\/wp-json\/wp\/v2\/media\/15811"}],"wp:attachment":[{"href":"https:\/\/www.polideas.it\/de\/wp-json\/wp\/v2\/media?parent=10659"}],"wp:term":[{"taxonomy":"product_brand","embeddable":true,"href":"https:\/\/www.polideas.it\/de\/wp-json\/wp\/v2\/product_brand?post=10659"},{"taxonomy":"product_cat","embeddable":true,"href":"https:\/\/www.polideas.it\/de\/wp-json\/wp\/v2\/product_cat?post=10659"},{"taxonomy":"product_tag","embeddable":true,"href":"https:\/\/www.polideas.it\/de\/wp-json\/wp\/v2\/product_tag?post=10659"}],"curies":[{"name":"wp","href":"https:\/\/api.w.org\/{rel}","templated":true}]}}