{"id":10670,"date":"2022-02-28T22:00:24","date_gmt":"2022-02-28T21:00:24","guid":{"rendered":"https:\/\/www.polideas.it\/?post_type=product&#038;p=10670"},"modified":"2025-07-14T14:07:21","modified_gmt":"2025-07-14T12:07:21","slug":"kleiner-dunner-kuchenschrankgriff","status":"publish","type":"product","link":"https:\/\/www.polideas.it\/de\/en-2\/kuchenknopfe-griffe\/kleiner-dunner-kuchenschrankgriff\/","title":{"rendered":"K\u00fcchengriff Klein D\u00fcnn - K\u00fcchenm\u00f6belgriff"},"content":{"rendered":"<p>Es zeichnet sich durch ein \u00e4u\u00dferst raffiniertes, essentielles aber pr\u00e4gnantes Design aus, <strong>der kleine d\u00fcnne K\u00fcchengriff von Polideas<\/strong>.<\/p>\n<p>Es bietet einen komfortablen und sicheren Griff trotz der kleinen Oberfl\u00e4che des <strong>Griff Klein D\u00fcnn<\/strong> der mit seinem minimalistischen und eleganten Stil sowohl in klassische als auch in moderne K\u00fcchen passt.<\/p>\n<p><strong>Erh\u00e4ltlich mit dem eleganten Schirm in Nickeloptik, <\/strong>Er verleiht den \u00fcblichen M\u00f6beln einen ganz neuen Reiz und ist eine perfekte Erg\u00e4nzung zu traditionellen T\u00fcren und M\u00f6beln. Er l\u00e4sst sich verdeckt und vertieft anbringen, so dass die Unordnung reduziert wird.<\/p>\n<p>170 mm breit und 16 mm hoch, <strong>der Kleine D\u00fcnne Griff<\/strong> ist im Handumdrehen montiert und erm\u00f6glicht es Ihnen, das Design Ihrer K\u00fcchenschr\u00e4nke mit wenig Aufwand zu erneuern.<\/p>","protected":false},"excerpt":{"rendered":"<p>Si caratterizza per un design estremamente ricercato, essenziale ma incisivo, la maniglia cucina Small Thin di Polideas. Garantisce una presa comoda e sicura nonostante la superficie contenuta la maniglia Small Thin che, con il suo stile minimal ed elegante, si adatta perfettamente sia alle cucine classiche che a quelle moderne. Disponibile nell\u2019elegante nuance effetto nickel, [&#8230;]\n","protected":false},"featured_media":7410,"comment_status":"closed","ping_status":"closed","template":"","meta":{"_acf_changed":false},"product_brand":[],"product_cat":[37,377],"product_tag":[3149,3150,3151,3209,3152,3153,3154,3155,3156,3158,3365,3100,3159,3160,3189,3161],"class_list":{"0":"post-10670","1":"product","2":"type-product","3":"status-publish","4":"has-post-thumbnail","6":"product_cat-maniglie-pomelli-cucina","7":"product_cat-maniglie-pomelli-metallo","8":"product_tag-maniglia","9":"product_tag-maniglia-anta-cucina","10":"product_tag-maniglia-anta-mobile","11":"product_tag-maniglia-arredo","12":"product_tag-maniglia-cassettiera","13":"product_tag-maniglia-cassetto","14":"product_tag-maniglia-cassetto-cucina","15":"product_tag-maniglia-cucina","16":"product_tag-maniglia-design","17":"product_tag-maniglia-interasse-160mm","18":"product_tag-maniglia-metallo","19":"product_tag-maniglia-mobile","20":"product_tag-maniglia-mobile-al-miglior-prezzo","21":"product_tag-maniglia-mobile-arredamento","22":"product_tag-maniglia-mobile-cucina","23":"product_tag-maniglia-per-mobile-cucina","25":"first","26":"instock","27":"taxable","28":"shipping-taxable","29":"purchasable","30":"product-type-simple"},"acf":[],"_links":{"self":[{"href":"https:\/\/www.polideas.it\/de\/wp-json\/wp\/v2\/product\/10670","targetHints":{"allow":["GET"]}}],"collection":[{"href":"https:\/\/www.polideas.it\/de\/wp-json\/wp\/v2\/product"}],"about":[{"href":"https:\/\/www.polideas.it\/de\/wp-json\/wp\/v2\/types\/product"}],"replies":[{"embeddable":true,"href":"https:\/\/www.polideas.it\/de\/wp-json\/wp\/v2\/comments?post=10670"}],"wp:featuredmedia":[{"embeddable":true,"href":"https:\/\/www.polideas.it\/de\/wp-json\/wp\/v2\/media\/7410"}],"wp:attachment":[{"href":"https:\/\/www.polideas.it\/de\/wp-json\/wp\/v2\/media?parent=10670"}],"wp:term":[{"taxonomy":"product_brand","embeddable":true,"href":"https:\/\/www.polideas.it\/de\/wp-json\/wp\/v2\/product_brand?post=10670"},{"taxonomy":"product_cat","embeddable":true,"href":"https:\/\/www.polideas.it\/de\/wp-json\/wp\/v2\/product_cat?post=10670"},{"taxonomy":"product_tag","embeddable":true,"href":"https:\/\/www.polideas.it\/de\/wp-json\/wp\/v2\/product_tag?post=10670"}],"curies":[{"name":"wp","href":"https:\/\/api.w.org\/{rel}","templated":true}]}}