{"id":10688,"date":"2022-02-28T22:00:47","date_gmt":"2022-02-28T21:00:47","guid":{"rendered":"https:\/\/www.polideas.it\/?post_type=product&#038;p=10688"},"modified":"2025-02-04T11:41:17","modified_gmt":"2025-02-04T10:41:17","slug":"griff-dicle-tasli-groser-griff-mobiles-design","status":"publish","type":"product","link":"https:\/\/www.polideas.it\/de\/en-2\/griffe-metallknopfe\/griff-dicle-tasli-groser-griff-mobiles-design\/","title":{"rendered":"Dicle Griff Tasli Big - Mobiler Design-Griff"},"content":{"rendered":"<p>Der Griff sieht aus wie eine elegante und kostbare, mit Diamanten besetzte Halskette <strong>Dicle Tasli Big von Polideas.<\/strong><\/p>\n<p>Kein gew\u00f6hnlicher Griff, sondern eine wertvolle und raffinierte Erg\u00e4nzung f\u00fcr alle, die ihre M\u00f6bel erneuern oder ihnen einen luxuri\u00f6sen und raffinierten Look verleihen m\u00f6chten.<\/p>\n<p>Erh\u00e4ltlich in der eleganten gl\u00e4nzenden Chrom-Metall-Optik, <strong>Dicle Tasli Gro\u00df<\/strong> ist der perfekte Griff, um dunkle M\u00f6bel zu beleuchten, aber auch um faszinierende Lichtspiele auf helleren, farbigen M\u00f6beln zu erzeugen.<\/p>\n<p>172 mm Breite und 15,45 H\u00f6he sorgen f\u00fcr einen festen und sicheren Griff und gleichzeitig f\u00fcr eine <strong>Zartes und schickes Aussehen<\/strong>.<\/p>","protected":false},"excerpt":{"rendered":"<p>Sembra un elegante e prezioso collier tempestato di diamanti la maniglia Dicle Tasli Big di Polideas. Non la solita maniglia, ma un complemento prezioso e ricercato adatto a chi desidera rinnovare i mobili della propria casa o conferire loro un aspetto lussuoso e raffinato. Disponibile nell\u2019elegante effetto metal cromato lucido, Dicle Tasli Big \u00e8 la [&#8230;]\n","protected":false},"featured_media":13710,"comment_status":"closed","ping_status":"closed","template":"","meta":{"_acf_changed":false},"product_brand":[],"product_cat":[377],"product_tag":[3149,3200,3151,3209,3152,3153,3156,3391,3158,3100,3159,3160,3310],"class_list":{"0":"post-10688","1":"product","2":"type-product","3":"status-publish","4":"has-post-thumbnail","6":"product_cat-maniglie-pomelli-metallo","7":"product_tag-maniglia","8":"product_tag-maniglia-anta","9":"product_tag-maniglia-anta-mobile","10":"product_tag-maniglia-arredo","11":"product_tag-maniglia-cassettiera","12":"product_tag-maniglia-cassetto","13":"product_tag-maniglia-design","14":"product_tag-maniglia-diamanti","15":"product_tag-maniglia-interasse-160mm","16":"product_tag-maniglia-mobile","17":"product_tag-maniglia-mobile-al-miglior-prezzo","18":"product_tag-maniglia-mobile-arredamento","19":"product_tag-maniglia-polideas","21":"first","22":"instock","23":"taxable","24":"shipping-taxable","25":"purchasable","26":"product-type-simple"},"acf":[],"_links":{"self":[{"href":"https:\/\/www.polideas.it\/de\/wp-json\/wp\/v2\/product\/10688","targetHints":{"allow":["GET"]}}],"collection":[{"href":"https:\/\/www.polideas.it\/de\/wp-json\/wp\/v2\/product"}],"about":[{"href":"https:\/\/www.polideas.it\/de\/wp-json\/wp\/v2\/types\/product"}],"replies":[{"embeddable":true,"href":"https:\/\/www.polideas.it\/de\/wp-json\/wp\/v2\/comments?post=10688"}],"wp:featuredmedia":[{"embeddable":true,"href":"https:\/\/www.polideas.it\/de\/wp-json\/wp\/v2\/media\/13710"}],"wp:attachment":[{"href":"https:\/\/www.polideas.it\/de\/wp-json\/wp\/v2\/media?parent=10688"}],"wp:term":[{"taxonomy":"product_brand","embeddable":true,"href":"https:\/\/www.polideas.it\/de\/wp-json\/wp\/v2\/product_brand?post=10688"},{"taxonomy":"product_cat","embeddable":true,"href":"https:\/\/www.polideas.it\/de\/wp-json\/wp\/v2\/product_cat?post=10688"},{"taxonomy":"product_tag","embeddable":true,"href":"https:\/\/www.polideas.it\/de\/wp-json\/wp\/v2\/product_tag?post=10688"}],"curies":[{"name":"wp","href":"https:\/\/api.w.org\/{rel}","templated":true}]}}