{"id":10700,"date":"2022-02-28T22:01:09","date_gmt":"2022-02-28T21:01:09","guid":{"rendered":"https:\/\/www.polideas.it\/?post_type=product&#038;p=10700"},"modified":"2025-02-03T14:01:58","modified_gmt":"2025-02-03T13:01:58","slug":"zylinderfus-fur-schrankausfuhrung-2","status":"publish","type":"product","link":"https:\/\/www.polideas.it\/de\/en-2\/fuse-und-bewegliche-fuse\/zylinderfus-fur-schrankausfuhrung-2\/","title":{"rendered":"Zylinderfu\u00df - Fu\u00df f\u00fcr M\u00f6beldesign - H120"},"content":{"rendered":"<p>Um M\u00f6bel und Schr\u00e4nke individuell zu gestalten, ist es ideal, wenn Sie sich f\u00fcr einige <strong>solide und robuste F\u00fc\u00dfe<\/strong>die aber perfekt in den Stil des eigenen Hauses passen.<\/p>\n<p>In der Tat sind die F\u00fc\u00dfe dieses einzigartige und erkennbare Detail, das es erm\u00f6glicht, R\u00e4ume einheitlich zu gestalten, ohne dabei auf Eleganz zu verzichten.<\/p>\n<p><strong>Polideas Zylinderfu\u00df<\/strong>mit seiner kompakten, zylindrischen Form ist dank seines raffinierten Designs die ideale Erg\u00e4nzung zu den modernsten und anspruchsvollsten M\u00f6beln.<\/p>\n<p>Erh\u00e4ltlich in poliertem Chrom, <strong>Der Zylinder hat zwei verschiedene H\u00f6hen - 100 mm und 120 mm.<\/strong> die es Ihnen erm\u00f6glichen, die beste L\u00f6sung f\u00fcr jeden Bedarf zu w\u00e4hlen.<\/p>","protected":false},"excerpt":{"rendered":"<p>Per personalizzare mobili e mobiletti, l\u2019ideale \u00e8 puntare su dei piedini solidi e robusti, ma che si adattino perfettamente allo stile della propria casa. I piedini rappresentano infatti quel dettaglio unico e riconoscibile che permette di uniformare gli ambienti senza rinunciare all\u2019eleganza. Piedino Cilindro di Polideas, con la sua forma cilindrica e compatta, \u00e8 il [&#8230;]","protected":false},"featured_media":13925,"comment_status":"closed","ping_status":"closed","template":"","meta":{"_acf_changed":false},"product_brand":[],"product_cat":[58],"product_tag":[3358,3359,3360,3361,3362,3363,3364],"class_list":{"0":"post-10700","1":"product","2":"type-product","3":"status-publish","4":"has-post-thumbnail","6":"product_cat-piedini-e-piedi-mobili","7":"product_tag-piede-per-mobile","8":"product_tag-piedini-per-mobili","9":"product_tag-piedino-design-mobile","10":"product_tag-piedino-mobile","11":"product_tag-piedino-mobile-cucina","12":"product_tag-piedino-mobile-salotto","13":"product_tag-piedino-mobile-soggiorno","15":"first","16":"instock","17":"taxable","18":"shipping-taxable","19":"purchasable","20":"product-type-simple"},"acf":[],"_links":{"self":[{"href":"https:\/\/www.polideas.it\/de\/wp-json\/wp\/v2\/product\/10700","targetHints":{"allow":["GET"]}}],"collection":[{"href":"https:\/\/www.polideas.it\/de\/wp-json\/wp\/v2\/product"}],"about":[{"href":"https:\/\/www.polideas.it\/de\/wp-json\/wp\/v2\/types\/product"}],"replies":[{"embeddable":true,"href":"https:\/\/www.polideas.it\/de\/wp-json\/wp\/v2\/comments?post=10700"}],"wp:featuredmedia":[{"embeddable":true,"href":"https:\/\/www.polideas.it\/de\/wp-json\/wp\/v2\/media\/13925"}],"wp:attachment":[{"href":"https:\/\/www.polideas.it\/de\/wp-json\/wp\/v2\/media?parent=10700"}],"wp:term":[{"taxonomy":"product_brand","embeddable":true,"href":"https:\/\/www.polideas.it\/de\/wp-json\/wp\/v2\/product_brand?post=10700"},{"taxonomy":"product_cat","embeddable":true,"href":"https:\/\/www.polideas.it\/de\/wp-json\/wp\/v2\/product_cat?post=10700"},{"taxonomy":"product_tag","embeddable":true,"href":"https:\/\/www.polideas.it\/de\/wp-json\/wp\/v2\/product_tag?post=10700"}],"curies":[{"name":"wp","href":"https:\/\/api.w.org\/{rel}","templated":true}]}}