{"id":10711,"date":"2022-02-28T22:01:11","date_gmt":"2022-02-28T21:01:11","guid":{"rendered":"https:\/\/www.polideas.it\/?post_type=product&#038;p=10711"},"modified":"2025-01-29T11:24:35","modified_gmt":"2025-01-29T10:24:35","slug":"profil-c-groser-griff-mobiles-design","status":"publish","type":"product","link":"https:\/\/www.polideas.it\/de\/en-2\/wohnzimmer-knopfe-griffe\/profil-c-groser-griff-mobiles-design\/","title":{"rendered":"Griffprofil C Gro\u00df - Mobiler Designgriff"},"content":{"rendered":"<p>Raffiniert und subtil, aber dennoch robust: das ist das Markenzeichen des <strong>Griff<\/strong> <strong>Profil C Gro\u00df von Polideas<\/strong>.<\/p>\n<p>Das Profil C Big verbindet Stil mit praktischem Nutzen und ist f\u00fcr all diejenigen gedacht, die ihre Schlafzimmer-, Eingangs- und Wohnbereichsm\u00f6bel auf elegante Art und Weise dank der <strong>Wesentliches und anspruchsvolles Design.<\/strong><\/p>\n<p>Erh\u00e4ltlich im <strong>Aluminium-Effekt-Finish<\/strong>Mit einer Breite von 200 mm und einer H\u00f6he von nur 9 mm ist er die ideale Erg\u00e4nzung, um kleinen M\u00f6belst\u00fccken in der Wohnung, insbesondere Schubladen und Kommoden, neues Leben einzuhauchen.<\/p>\n<p>La <strong>Griff Profil C Gro\u00df <\/strong>ist das Ergebnis kontinuierlicher Forschung in Kombination mit der f\u00fcr Made in Italy typischen Sorgfalt. Es wird aus hochwertigen Materialien hergestellt, um jederzeit maximale Sicherheit zu gew\u00e4hrleisten.<\/p>","protected":false},"excerpt":{"rendered":"<p>Raffinata e sottile, ma robusta: \u00e8 l\u2019identikit della maniglia Profile C Big di Polideas. Coniugando stile e praticit\u00e0 d\u2019uso, Profile C Big \u00e8 dedicata a chi desidera personalizzare i mobili della camera da letto, dell\u2019ingresso e della zona living in maniera elegante grazie al design essenziale e ricercato. Disponibile nella finitura ad effetto alluminio, ha [&#8230;]","protected":false},"featured_media":14598,"comment_status":"closed","ping_status":"closed","template":"","meta":{"_acf_changed":false},"product_brand":[],"product_cat":[47],"product_tag":[3149,3151,3173,3174,3209,3205,3152,3153,3175,3156,3158,3100,3159,3160,3211,3177,3413,3178,3179],"class_list":{"0":"post-10711","1":"product","2":"type-product","3":"status-publish","4":"has-post-thumbnail","6":"product_cat-maniglie-pomelli-camera-soggiorno","7":"product_tag-maniglia","8":"product_tag-maniglia-anta-mobile","9":"product_tag-maniglia-anta-mobile-soggiorno","10":"product_tag-maniglia-anta-soggiorno","11":"product_tag-maniglia-arredo","12":"product_tag-maniglia-camera","13":"product_tag-maniglia-cassettiera","14":"product_tag-maniglia-cassetto","15":"product_tag-maniglia-cassetto-soggiorno","16":"product_tag-maniglia-design","17":"product_tag-maniglia-interasse-160mm","18":"product_tag-maniglia-mobile","19":"product_tag-maniglia-mobile-al-miglior-prezzo","20":"product_tag-maniglia-mobile-arredamento","21":"product_tag-maniglia-mobile-camera","22":"product_tag-maniglia-mobile-soggiorno","23":"product_tag-maniglia-per-mobile-interasse-160-mm","24":"product_tag-maniglia-per-mobile-soggiorno","25":"product_tag-maniglia-soggiorno","27":"first","28":"instock","29":"taxable","30":"shipping-taxable","31":"purchasable","32":"product-type-simple"},"acf":[],"_links":{"self":[{"href":"https:\/\/www.polideas.it\/de\/wp-json\/wp\/v2\/product\/10711","targetHints":{"allow":["GET"]}}],"collection":[{"href":"https:\/\/www.polideas.it\/de\/wp-json\/wp\/v2\/product"}],"about":[{"href":"https:\/\/www.polideas.it\/de\/wp-json\/wp\/v2\/types\/product"}],"replies":[{"embeddable":true,"href":"https:\/\/www.polideas.it\/de\/wp-json\/wp\/v2\/comments?post=10711"}],"wp:featuredmedia":[{"embeddable":true,"href":"https:\/\/www.polideas.it\/de\/wp-json\/wp\/v2\/media\/14598"}],"wp:attachment":[{"href":"https:\/\/www.polideas.it\/de\/wp-json\/wp\/v2\/media?parent=10711"}],"wp:term":[{"taxonomy":"product_brand","embeddable":true,"href":"https:\/\/www.polideas.it\/de\/wp-json\/wp\/v2\/product_brand?post=10711"},{"taxonomy":"product_cat","embeddable":true,"href":"https:\/\/www.polideas.it\/de\/wp-json\/wp\/v2\/product_cat?post=10711"},{"taxonomy":"product_tag","embeddable":true,"href":"https:\/\/www.polideas.it\/de\/wp-json\/wp\/v2\/product_tag?post=10711"}],"curies":[{"name":"wp","href":"https:\/\/api.w.org\/{rel}","templated":true}]}}