{"id":10712,"date":"2022-02-28T22:01:11","date_gmt":"2022-02-28T21:01:11","guid":{"rendered":"https:\/\/www.polideas.it\/?post_type=product&#038;p=10712"},"modified":"2025-02-03T10:43:53","modified_gmt":"2025-02-03T09:43:53","slug":"hoher-fus-fur-mobeldesign","status":"publish","type":"product","link":"https:\/\/www.polideas.it\/de\/en-2\/fuse-und-bewegliche-fuse\/hoher-fus-fur-mobeldesign\/","title":{"rendered":"Fu\u00dfh\u00f6he - Fu\u00df f\u00fcr M\u00f6beldesign - H100"},"content":{"rendered":"<p>Um M\u00f6bel und Schr\u00e4nke individuell zu gestalten, ist es ideal, wenn Sie sich f\u00fcr einige <strong>solide und robuste F\u00fc\u00dfe<\/strong>die aber perfekt in den Stil des eigenen Hauses passen.<\/p>\n<p>In der Tat sind die F\u00fc\u00dfe dieses einzigartige und erkennbare Detail, das es erm\u00f6glicht, R\u00e4ume einheitlich zu gestalten, ohne dabei auf Eleganz zu verzichten.<\/p>\n<p><strong>Polideas Hoher Fu\u00df<\/strong> ist die ideale Erg\u00e4nzung zu den einfachsten und modernsten M\u00f6beln und ist dank seiner L-Form ideal, um das Durcheinander unter den M\u00f6beln zu minimieren und die Reinigung zu erleichtern.<\/p>\n<p>Erh\u00e4ltlich in der Farbe Aluminium-Effekt, <strong>Low hat eine Gr\u00f6\u00dfe von 33 x 33 mm und zwei verschiedene H\u00f6hen <\/strong>- von 100 mm und 120 mm - um allen Anforderungen gerecht zu werden.<\/p>","protected":false},"excerpt":{"rendered":"<p>Per personalizzare mobili e mobiletti, l\u2019ideale \u00e8 puntare su dei piedini solidi e robusti, ma che si adattino perfettamente allo stile della propria casa. I piedini rappresentano infatti quel dettaglio unico e riconoscibile che permette di uniformare gli ambienti senza rinunciare all\u2019eleganza. Piedino Hight di Polideas \u00e8 il complemento ideale dei mobili pi\u00f9 essenziali e [&#8230;]","protected":false},"featured_media":13897,"comment_status":"closed","ping_status":"closed","template":"","meta":{"_acf_changed":false},"product_brand":[],"product_cat":[58],"product_tag":[3358,3359,3360,3361,3362,3363,3364],"class_list":{"0":"post-10712","1":"product","2":"type-product","3":"status-publish","4":"has-post-thumbnail","6":"product_cat-piedini-e-piedi-mobili","7":"product_tag-piede-per-mobile","8":"product_tag-piedini-per-mobili","9":"product_tag-piedino-design-mobile","10":"product_tag-piedino-mobile","11":"product_tag-piedino-mobile-cucina","12":"product_tag-piedino-mobile-salotto","13":"product_tag-piedino-mobile-soggiorno","15":"first","16":"instock","17":"taxable","18":"shipping-taxable","19":"purchasable","20":"product-type-simple"},"acf":[],"_links":{"self":[{"href":"https:\/\/www.polideas.it\/de\/wp-json\/wp\/v2\/product\/10712","targetHints":{"allow":["GET"]}}],"collection":[{"href":"https:\/\/www.polideas.it\/de\/wp-json\/wp\/v2\/product"}],"about":[{"href":"https:\/\/www.polideas.it\/de\/wp-json\/wp\/v2\/types\/product"}],"replies":[{"embeddable":true,"href":"https:\/\/www.polideas.it\/de\/wp-json\/wp\/v2\/comments?post=10712"}],"wp:featuredmedia":[{"embeddable":true,"href":"https:\/\/www.polideas.it\/de\/wp-json\/wp\/v2\/media\/13897"}],"wp:attachment":[{"href":"https:\/\/www.polideas.it\/de\/wp-json\/wp\/v2\/media?parent=10712"}],"wp:term":[{"taxonomy":"product_brand","embeddable":true,"href":"https:\/\/www.polideas.it\/de\/wp-json\/wp\/v2\/product_brand?post=10712"},{"taxonomy":"product_cat","embeddable":true,"href":"https:\/\/www.polideas.it\/de\/wp-json\/wp\/v2\/product_cat?post=10712"},{"taxonomy":"product_tag","embeddable":true,"href":"https:\/\/www.polideas.it\/de\/wp-json\/wp\/v2\/product_tag?post=10712"}],"curies":[{"name":"wp","href":"https:\/\/api.w.org\/{rel}","templated":true}]}}