{"id":10734,"date":"2022-02-28T22:01:35","date_gmt":"2022-02-28T21:01:35","guid":{"rendered":"https:\/\/www.polideas.it\/?post_type=product&#038;p=10734"},"modified":"2024-12-19T23:08:40","modified_gmt":"2024-12-19T22:08:40","slug":"kinderzimmer-garderobenstange-blau","status":"publish","type":"product","link":"https:\/\/www.polideas.it\/de\/en-2\/kleiderbugel-und-taschen\/kinderzimmer-garderobenstange-blau\/","title":{"rendered":"Tondino Blaue Kinderzimmergarderobe"},"content":{"rendered":"<h1>1. PRAKTISCH<\/h1>\n<p class=\"p1\">Die Stange ist sehr einfach zu montieren, es werden nur 2 Schrauben mit D\u00fcbeln ben\u00f6tigt.<\/p>\n<p class=\"p1\">Der freundliche Kleiderb\u00fcgel ist dank des bequemen, abgerundeten Hakens, der speziell f\u00fcr Rucks\u00e4cke und Taschen zus\u00e4tzlich zur Kleidung entwickelt wurde, auch sehr praktisch.<\/p>\n<h1>2. ROBUST<\/h1>\n<p><img loading=\"lazy\" decoding=\"async\" class=\"alignleft wp-image-4513 size-thumbnail\" src=\"https:\/\/www.polideas.it\/wp-content\/uploads\/2013\/08\/tondino-portata-280x280.jpg\" alt=\"\" width=\"280\" height=\"280\" srcset=\"https:\/\/www.polideas.it\/wp-content\/uploads\/2013\/08\/tondino-portata-280x280.jpg 280w, https:\/\/www.polideas.it\/wp-content\/uploads\/2013\/08\/tondino-portata-400x400.jpg 400w, https:\/\/www.polideas.it\/wp-content\/uploads\/2013\/08\/tondino-portata-768x768.jpg 768w, https:\/\/www.polideas.it\/wp-content\/uploads\/2013\/08\/tondino-portata-247x247.jpg 247w, https:\/\/www.polideas.it\/wp-content\/uploads\/2013\/08\/tondino-portata-510x510.jpg 510w, https:\/\/www.polideas.it\/wp-content\/uploads\/2013\/08\/tondino-portata-100x100.jpg 100w, https:\/\/www.polideas.it\/wp-content\/uploads\/2013\/08\/tondino-portata.jpg 800w\" sizes=\"auto, (max-width: 280px) 100vw, 280px\" \/><\/p>\n<p class=\"p1\">Der Aufh\u00e4nger wurde von den Labors Catas und Fisher getestet:<\/p>\n<p class=\"p2\"><span class=\"s1\"><b>- Catas Test<\/b><\/span><\/p>\n<p>hat die Zugfestigkeitstests bestanden. Der mit zwei Schrauben an einer 45\u00b0 geneigten Platte befestigte Aufh\u00e4nger wurde am Haken belastet und erreichte die maximale Last von 127 kg.<\/p>\n<p class=\"p2\"><span class=\"s1\"><b>- Fischer-Test<\/b><\/span><\/p>\n<p>hat die Scherbelastungstests bestanden.<\/p>\n<p>Der H\u00e4nger, der mit zwei Schrauben an einer um 90\u00b0 geneigten Platte befestigt ist, wurde am Haken belastet und erreichte die maximale Last von 300 kg.<\/p>\n<h1><\/h1>\n<h1><\/h1>\n<h1>3. SAFE<\/h1>\n<p class=\"p1\"><span class=\"s1\"><b>- Keine Kanten<\/b><\/span><\/p>\n<p>dank seines sanft geschwungenen Designs,<\/p>\n<p>ist weniger gef\u00e4hrlich f\u00fcr Kinder als herk\u00f6mmliche Kleiderb\u00fcgel auf dem Markt<\/p>\n<p class=\"p1\"><span class=\"s1\"><b>- Keine abnehmbaren Teile<\/b><\/span><\/p>\n<p>die von Kleinkindern verschluckt werden k\u00f6nnen.<\/p>\n<p class=\"p1\"><span class=\"s1\"><b>- Es ist ungiftig<\/b><\/span><\/p>\n<p>Der Stab ist unlackiert und das Rohmaterial ist ungiftig.<\/p>\n<p class=\"p1\"><span class=\"s1\"><b>- \u00c8<span class=\"Apple-converted-space\">\u00a0\u00a0<\/span>feuerfest<\/b><\/span><\/p>\n<p>dank seines nicht brennbaren Materials.<\/p>\n<h1>4. FARBEN<\/h1>\n<p class=\"p1\">Tondino ist in verschiedenen Farben und Fantasy-Versionen erh\u00e4ltlich.<\/p>\n<p>W\u00e4hlen Sie den gew\u00fcnschten Kleiderb\u00fcgelfreund.<\/p>","protected":false},"excerpt":{"rendered":"<p><strong>Der Tondino Kleiderb\u00fcgel<\/strong> ist eine innovative Idee, die speziell f\u00fcr Kinder entwickelt wurde: farbenfroh, einfach und praktisch, sieht er fr\u00f6hlich und freundlich aus und kann \u00fcberall aufgestellt werden.<\/p>\n<p><strong>In der blauen Version<\/strong>Tondino ist ideal f\u00fcr Schlafzimmer, die im Marinestil eingerichtet sind oder in denen k\u00fchle Farben dominieren, aber aufgrund seines klassischen Stils eignet er sich fast \u00fcberall, von der Eingangshalle bis zum Wohnzimmer.<\/p>\n<p>Mit einem einzigartigen runden Design, <strong>Stab ist sicher<\/strong> weil sie keine Kanten hat.<\/p>\n<p>Es ist auch aus <strong>hypoallergenes Gummi<\/strong> und in voller \u00dcbereinstimmung mit der europ\u00e4ischen REACH-Verordnung, so dass in jeder Situation maximale Sicherheit gew\u00e4hrleistet ist.<\/p>","protected":false},"featured_media":2946,"comment_status":"closed","ping_status":"closed","template":"","meta":{"_acf_changed":false},"product_brand":[],"product_cat":[84,371],"product_tag":[3425,3487,3488,3489,3490,3429,3430,3491,3431,3492,3432,3493,3433,3434,3494,3495,3496,3497,3436,3437,3498],"class_list":{"0":"post-10734","1":"product","2":"type-product","3":"status-publish","4":"has-post-thumbnail","6":"product_cat-appendi_abiti-e-borse","7":"product_cat-appendi_abiti_bambini_tondino","8":"product_tag-appendi-abiti","9":"product_tag-appendi-abiti-blu","10":"product_tag-appendi-abiti-camera-bambini","11":"product_tag-appendi-abiti-cameretta-bambini","12":"product_tag-appendi-abiti-per-bambini-blu","13":"product_tag-appendiabiti","14":"product_tag-appendiabiti-amazon","15":"product_tag-appendiabiti-bambini","16":"product_tag-appendiabiti-bambini-amazon","17":"product_tag-appendiabiti-bambini-prezzo","18":"product_tag-appendiabiti-bambino","19":"product_tag-appendiabiti-blu","20":"product_tag-appendiabiti-colorato","21":"product_tag-appendiabiti-prezzo","22":"product_tag-appendino-blu","23":"product_tag-appendino-camera-bambini","24":"product_tag-appendino-cameretta-bambini","25":"product_tag-appendino-tondino","26":"product_tag-attaccapanni","27":"product_tag-attaccapanni-bambini","28":"product_tag-attaccapanni-colorato","30":"first","31":"instock","32":"taxable","33":"shipping-taxable","34":"purchasable","35":"product-type-simple"},"acf":[],"_links":{"self":[{"href":"https:\/\/www.polideas.it\/de\/wp-json\/wp\/v2\/product\/10734","targetHints":{"allow":["GET"]}}],"collection":[{"href":"https:\/\/www.polideas.it\/de\/wp-json\/wp\/v2\/product"}],"about":[{"href":"https:\/\/www.polideas.it\/de\/wp-json\/wp\/v2\/types\/product"}],"replies":[{"embeddable":true,"href":"https:\/\/www.polideas.it\/de\/wp-json\/wp\/v2\/comments?post=10734"}],"wp:featuredmedia":[{"embeddable":true,"href":"https:\/\/www.polideas.it\/de\/wp-json\/wp\/v2\/media\/2946"}],"wp:attachment":[{"href":"https:\/\/www.polideas.it\/de\/wp-json\/wp\/v2\/media?parent=10734"}],"wp:term":[{"taxonomy":"product_brand","embeddable":true,"href":"https:\/\/www.polideas.it\/de\/wp-json\/wp\/v2\/product_brand?post=10734"},{"taxonomy":"product_cat","embeddable":true,"href":"https:\/\/www.polideas.it\/de\/wp-json\/wp\/v2\/product_cat?post=10734"},{"taxonomy":"product_tag","embeddable":true,"href":"https:\/\/www.polideas.it\/de\/wp-json\/wp\/v2\/product_tag?post=10734"}],"curies":[{"name":"wp","href":"https:\/\/api.w.org\/{rel}","templated":true}]}}