{"id":10513,"date":"2022-02-28T21:57:55","date_gmt":"2022-02-28T20:57:55","guid":{"rendered":"https:\/\/www.polideas.it\/?post_type=product&#038;p=10513"},"modified":"2025-01-29T14:59:27","modified_gmt":"2025-01-29T13:59:27","slug":"handle-linea-d-medium-handle-mobile-design","status":"publish","type":"product","link":"https:\/\/www.polideas.it\/en\/en-2\/living-room-knobs-handles\/handle-linea-d-medium-handle-mobile-design\/","title":{"rendered":"D Line Medium Handle - Mobile Design Handle"},"content":{"rendered":"<p>Extremely elegant in its simplicity, the <strong>Polideas D Medium Line handle<\/strong> is the perfect complement to add character to furniture.<\/p>\n<p>Ergonomic grip, sophisticated design and unbeatable linearity: <strong>D Line Medium<\/strong> is the ideal handle to give a modern touch to more classic furniture or to renovate even the most contemporary furniture.<\/p>\n<p>Available in the <strong>aluminium effect finish<\/strong>It has a width of 214 mm and a height of 16 mm, making it perfect for different furniture combinations.<\/p>\n<p>La <strong>D Line Medium handle <\/strong>is the result of continuous research combined with the attention typical of Made in Italy productions and is manufactured with top quality materials to guarantee maximum safety at all times.<\/p>","protected":false},"excerpt":{"rendered":"<p>Estremamente elegante nella sua semplicit\u00e0, la maniglia Linea D Medium di Polideas \u00e8 il complemento perfetto per dare carattere ai mobili. Presa ergonomica, design ricercato e linearit\u00e0 imbattibile: Linea D Medium \u00e8 la maniglia ideale per dare un tocco di modernit\u00e0 ai mobili pi\u00f9 classici o rinnovare persino quelli pi\u00f9 contemporanei. Disponibile nella finitura ad [&#8230;]\n","protected":false},"featured_media":7556,"comment_status":"closed","ping_status":"closed","template":"","meta":{"_acf_changed":false},"product_brand":[],"product_cat":[47],"product_tag":[3149,3200,3151,3173,3174,3209,3205,3152,3153,3175,3156,3210,3158,3100,3159,3160,3211,3177,3178,3179],"class_list":{"0":"post-10513","1":"product","2":"type-product","3":"status-publish","4":"has-post-thumbnail","6":"product_cat-maniglie-pomelli-camera-soggiorno","7":"product_tag-maniglia","8":"product_tag-maniglia-anta","9":"product_tag-maniglia-anta-mobile","10":"product_tag-maniglia-anta-mobile-soggiorno","11":"product_tag-maniglia-anta-soggiorno","12":"product_tag-maniglia-arredo","13":"product_tag-maniglia-camera","14":"product_tag-maniglia-cassettiera","15":"product_tag-maniglia-cassetto","16":"product_tag-maniglia-cassetto-soggiorno","17":"product_tag-maniglia-design","18":"product_tag-maniglia-effetto-alluminio","19":"product_tag-maniglia-interasse-160mm","20":"product_tag-maniglia-mobile","21":"product_tag-maniglia-mobile-al-miglior-prezzo","22":"product_tag-maniglia-mobile-arredamento","23":"product_tag-maniglia-mobile-camera","24":"product_tag-maniglia-mobile-soggiorno","25":"product_tag-maniglia-per-mobile-soggiorno","26":"product_tag-maniglia-soggiorno","28":"first","29":"instock","30":"taxable","31":"shipping-taxable","32":"purchasable","33":"product-type-simple"},"acf":[],"_links":{"self":[{"href":"https:\/\/www.polideas.it\/en\/wp-json\/wp\/v2\/product\/10513","targetHints":{"allow":["GET"]}}],"collection":[{"href":"https:\/\/www.polideas.it\/en\/wp-json\/wp\/v2\/product"}],"about":[{"href":"https:\/\/www.polideas.it\/en\/wp-json\/wp\/v2\/types\/product"}],"replies":[{"embeddable":true,"href":"https:\/\/www.polideas.it\/en\/wp-json\/wp\/v2\/comments?post=10513"}],"wp:featuredmedia":[{"embeddable":true,"href":"https:\/\/www.polideas.it\/en\/wp-json\/wp\/v2\/media\/7556"}],"wp:attachment":[{"href":"https:\/\/www.polideas.it\/en\/wp-json\/wp\/v2\/media?parent=10513"}],"wp:term":[{"taxonomy":"product_brand","embeddable":true,"href":"https:\/\/www.polideas.it\/en\/wp-json\/wp\/v2\/product_brand?post=10513"},{"taxonomy":"product_cat","embeddable":true,"href":"https:\/\/www.polideas.it\/en\/wp-json\/wp\/v2\/product_cat?post=10513"},{"taxonomy":"product_tag","embeddable":true,"href":"https:\/\/www.polideas.it\/en\/wp-json\/wp\/v2\/product_tag?post=10513"}],"curies":[{"name":"wp","href":"https:\/\/api.w.org\/{rel}","templated":true}]}}