{"id":10520,"date":"2022-02-28T21:57:56","date_gmt":"2022-02-28T20:57:56","guid":{"rendered":"https:\/\/www.polideas.it\/?post_type=product&#038;p=10520"},"modified":"2025-09-25T18:27:10","modified_gmt":"2025-09-25T16:27:10","slug":"cook-kitchen-handle-black-lacquered-kitchen-cabinet-handle","status":"publish","type":"product","link":"https:\/\/www.polideas.it\/en\/en-2\/kitchen-knobs-handles\/cook-kitchen-handle-black-lacquered-kitchen-cabinet-handle\/","title":{"rendered":"Cook Kitchen Handle - Kitchen Cabinet Handle - Black Lacquered"},"content":{"rendered":"<p>Essential yet refined in line, <strong>the Cook kitchen handle by Polideas<\/strong> is the classic handle that appeals for its simplicity, a quality that lends itself to different style interpretations.<\/p>\n<p>A perfect complement to modern kitchens, the <strong>handle Cook<\/strong>just like its slightly longer and slimmer Big version, it also finds a place in classic kitchens thanks to its evergreen style.<\/p>\n<p><strong>Available in polished chrome, aluminium effect, white lacquer and black lacquer, <\/strong>goes perfectly with linear furniture with modern, impeccable surfaces, just like her.<\/p>\n<p>165 mm long and 26 mm high, <strong>the Cook handle <\/strong>is assembled in an instant and instantly changes the look of the kitchen furniture, unifying the surfaces and giving it an innate elegance.<\/p>","protected":false},"excerpt":{"rendered":"<p>Essenziale eppure ricercata nella linea, la maniglia cucina Cook di Polideas \u00e8 la classica maniglia che piace per la sua semplicit\u00e0, qualit\u00e0 che si presta a diverse interpretazioni di stile. Complemento perfetto delle cucine moderne, la maniglia Cook, esattamente come la sua versione Big leggermente pi\u00f9 lunga e sottile, trova collocazione anche nelle cucine classiche [&#8230;]\n","protected":false},"featured_media":14540,"comment_status":"closed","ping_status":"closed","template":"","meta":{"_acf_changed":false},"product_brand":[],"product_cat":[37],"product_tag":[3149,3150,3151,3152,3153,3154,3155,3156,3176,3100,3159,3160,3161],"class_list":{"0":"post-10520","1":"product","2":"type-product","3":"status-publish","4":"has-post-thumbnail","6":"product_cat-maniglie-pomelli-cucina","7":"product_tag-maniglia","8":"product_tag-maniglia-anta-cucina","9":"product_tag-maniglia-anta-mobile","10":"product_tag-maniglia-cassettiera","11":"product_tag-maniglia-cassetto","12":"product_tag-maniglia-cassetto-cucina","13":"product_tag-maniglia-cucina","14":"product_tag-maniglia-design","15":"product_tag-maniglia-interasse-128mm","16":"product_tag-maniglia-mobile","17":"product_tag-maniglia-mobile-al-miglior-prezzo","18":"product_tag-maniglia-mobile-arredamento","19":"product_tag-maniglia-per-mobile-cucina","21":"first","22":"instock","23":"taxable","24":"shipping-taxable","25":"purchasable","26":"product-type-simple"},"acf":[],"_links":{"self":[{"href":"https:\/\/www.polideas.it\/en\/wp-json\/wp\/v2\/product\/10520","targetHints":{"allow":["GET"]}}],"collection":[{"href":"https:\/\/www.polideas.it\/en\/wp-json\/wp\/v2\/product"}],"about":[{"href":"https:\/\/www.polideas.it\/en\/wp-json\/wp\/v2\/types\/product"}],"replies":[{"embeddable":true,"href":"https:\/\/www.polideas.it\/en\/wp-json\/wp\/v2\/comments?post=10520"}],"wp:featuredmedia":[{"embeddable":true,"href":"https:\/\/www.polideas.it\/en\/wp-json\/wp\/v2\/media\/14540"}],"wp:attachment":[{"href":"https:\/\/www.polideas.it\/en\/wp-json\/wp\/v2\/media?parent=10520"}],"wp:term":[{"taxonomy":"product_brand","embeddable":true,"href":"https:\/\/www.polideas.it\/en\/wp-json\/wp\/v2\/product_brand?post=10520"},{"taxonomy":"product_cat","embeddable":true,"href":"https:\/\/www.polideas.it\/en\/wp-json\/wp\/v2\/product_cat?post=10520"},{"taxonomy":"product_tag","embeddable":true,"href":"https:\/\/www.polideas.it\/en\/wp-json\/wp\/v2\/product_tag?post=10520"}],"curies":[{"name":"wp","href":"https:\/\/api.w.org\/{rel}","templated":true}]}}