{"id":10533,"date":"2022-02-28T21:58:19","date_gmt":"2022-02-28T20:58:19","guid":{"rendered":"https:\/\/www.polideas.it\/?post_type=product&#038;p=10533"},"modified":"2025-06-02T10:46:40","modified_gmt":"2025-06-02T08:46:40","slug":"giotto-childrens-furniture-handle-embossed-fine-white","status":"publish","type":"product","link":"https:\/\/www.polideas.it\/en\/en-2\/childrens-knobs-handles\/giotto-childrens-furniture-handle-embossed-fine-white\/","title":{"rendered":"Giotto Children's Handle - Children's Mobile Handle - Fine Embossed White"},"content":{"rendered":"<p>With a nice rounded shape, the <strong>Giotto handle<\/strong> is perfect for a simple and practical renovation of the children's room.<\/p>\n<p>Very easy to assemble, it is ideal for giving a <strong>touch of originality<\/strong> to furniture and drawers, making them more cheerful and attractive.<\/p>\n<p>With the <strong>Giotto children's handle by Polideas<\/strong> you can renovate your children's room in a matter of minutes by choosing from 4 different shades: fine embossed light blue, pink and white or the sophisticated aluminium effect, which is also perfect for older children's rooms that want an extra touch of style.<\/p>\n<p>Manufactured in full compliance with the European REACH regulation, the Giotto handle has no sharp edges and guarantees maximum safety in every situation.<\/p>","protected":false},"excerpt":{"rendered":"<p>Dalla simpatica forma tondeggiante, la maniglia Giotto \u00e8 perfetta per rinnovare in modo semplice e pratico la camera dei pi\u00f9 piccoli. Semplicissima da montare, \u00e8 l\u2019ideale per regalare un tocco di originalit\u00e0 a mobili e cassetti, rendendoli pi\u00f9 allegri e accattivanti. Con la maniglia bimbi Giotto di Polideas potete rinnovare in pochi minuti la camera [&#8230;]\n","protected":false},"featured_media":11826,"comment_status":"closed","ping_status":"closed","template":"","meta":{"_acf_changed":false},"product_brand":[],"product_cat":[24],"product_tag":[3149,3151,3203,3207,3152,3153,3237,3210,3238,3239,3240,3198,3100,3159,3160,3241,3242,3243,3244,3245,3246,3162],"class_list":{"0":"post-10533","1":"product","2":"type-product","3":"status-publish","4":"has-post-thumbnail","6":"product_cat-maniglie-pomelli-bambini","7":"product_tag-maniglia","8":"product_tag-maniglia-anta-mobile","9":"product_tag-maniglia-bambini","10":"product_tag-maniglia-cameretta-bambini","11":"product_tag-maniglia-cassettiera","12":"product_tag-maniglia-cassetto","13":"product_tag-maniglia-cassetto-bambini","14":"product_tag-maniglia-effetto-alluminio","15":"product_tag-maniglia-goffrata-azzurra","16":"product_tag-maniglia-goffrata-rosa","17":"product_tag-maniglia-groffrata-bianca","18":"product_tag-maniglia-interasse-64mm","19":"product_tag-maniglia-mobile","20":"product_tag-maniglia-mobile-al-miglior-prezzo","21":"product_tag-maniglia-mobile-arredamento","22":"product_tag-maniglia-mobile-ragazza","23":"product_tag-maniglia-mobile-ragazzi","24":"product_tag-maniglia-mobili-bambina","25":"product_tag-maniglia-mobili-bambino","26":"product_tag-maniglia-per-bambini","27":"product_tag-maniglia-stanza-bambini","28":"product_tag-maniglie-colorate","30":"first","31":"instock","32":"taxable","33":"shipping-taxable","34":"purchasable","35":"product-type-simple"},"acf":[],"_links":{"self":[{"href":"https:\/\/www.polideas.it\/en\/wp-json\/wp\/v2\/product\/10533","targetHints":{"allow":["GET"]}}],"collection":[{"href":"https:\/\/www.polideas.it\/en\/wp-json\/wp\/v2\/product"}],"about":[{"href":"https:\/\/www.polideas.it\/en\/wp-json\/wp\/v2\/types\/product"}],"replies":[{"embeddable":true,"href":"https:\/\/www.polideas.it\/en\/wp-json\/wp\/v2\/comments?post=10533"}],"wp:featuredmedia":[{"embeddable":true,"href":"https:\/\/www.polideas.it\/en\/wp-json\/wp\/v2\/media\/11826"}],"wp:attachment":[{"href":"https:\/\/www.polideas.it\/en\/wp-json\/wp\/v2\/media?parent=10533"}],"wp:term":[{"taxonomy":"product_brand","embeddable":true,"href":"https:\/\/www.polideas.it\/en\/wp-json\/wp\/v2\/product_brand?post=10533"},{"taxonomy":"product_cat","embeddable":true,"href":"https:\/\/www.polideas.it\/en\/wp-json\/wp\/v2\/product_cat?post=10533"},{"taxonomy":"product_tag","embeddable":true,"href":"https:\/\/www.polideas.it\/en\/wp-json\/wp\/v2\/product_tag?post=10533"}],"curies":[{"name":"wp","href":"https:\/\/api.w.org\/{rel}","templated":true}]}}