{"id":10570,"date":"2022-02-28T21:58:46","date_gmt":"2022-02-28T20:58:46","guid":{"rendered":"https:\/\/www.polideas.it\/?post_type=product&#038;p=10570"},"modified":"2025-01-30T11:52:14","modified_gmt":"2025-01-30T10:52:14","slug":"antique-handle-t-antique-iron-effect-furniture-handle","status":"publish","type":"product","link":"https:\/\/www.polideas.it\/en\/en-2\/antique-handles-knobs\/antique-handle-t-antique-iron-effect-furniture-handle\/","title":{"rendered":"Handle Anticata T - Antique Mobile Handle - Iron Effect"},"content":{"rendered":"<p>With its unmistakable minimalist yet impressive shape, the handle <strong>antiqued T <\/strong>of Polideas is a timeless classic.<\/p>\n<p>Designed to customise kitchen, bedroom and living room furniture with a retro feel, the handle<strong> antiqued T <\/strong>is ideal for unifying rooms furnished in a classic, industrial or country style.<\/p>\n<p>Available in elegant <strong>bronze effect, copper effect and iron effect<\/strong>, the T handle ensures a solid and secure grip and, thanks to a complex, innovative workmanship that combines the aesthetic qualities of lived-in metal with the practicality and ergonomics of quality plastic materials, it achieves a unique antique effect.<\/p>\n<p>With a width of 240 mm and a height of 34 mm, it is ideal for replacing old handles on sturdier antique furniture, without losing an ounce of authenticity.<\/p>","protected":false},"excerpt":{"rendered":"<p>Dall\u2019inconfondibile forma minimal, ma d\u2019effetto, la maniglia anticata T di Polideas \u00e8 un grande classico senza tempo. Pensata per personalizzare i mobili di cucina, camere da letto e living dal sapore retr\u00f2, la maniglia anticata T \u00e8 l\u2019ideale per uniformare gli ambienti arredati in stile classico, industrial o country. Disponibile nelle eleganti versioni ad effetto [&#8230;]","protected":false},"featured_media":12046,"comment_status":"closed","ping_status":"closed","template":"","meta":{"_acf_changed":false},"product_brand":[],"product_cat":[72],"product_tag":[3149,3151,3180,3181,3152,3153,3156,3182,3183,3193,3100,3159,3160,3184,3185,3186,3187],"class_list":{"0":"post-10570","1":"product","2":"type-product","3":"status-publish","4":"has-post-thumbnail","6":"product_cat-maniglie-pomoli-anticati","7":"product_tag-maniglia","8":"product_tag-maniglia-anta-mobile","9":"product_tag-maniglia-antica","10":"product_tag-maniglia-anticata","11":"product_tag-maniglia-cassettiera","12":"product_tag-maniglia-cassetto","13":"product_tag-maniglia-design","14":"product_tag-maniglia-effetto-anticato","15":"product_tag-maniglia-effetto-antico","16":"product_tag-maniglia-interasse-96mm","17":"product_tag-maniglia-mobile","18":"product_tag-maniglia-mobile-al-miglior-prezzo","19":"product_tag-maniglia-mobile-arredamento","20":"product_tag-maniglia-per-mobile-antico","21":"product_tag-maniglia-restauro-mobili","22":"product_tag-maniglia-rustico","23":"product_tag-maniglie-per-restaurazione-mobili","25":"first","26":"instock","27":"taxable","28":"shipping-taxable","29":"purchasable","30":"product-type-simple"},"acf":[],"_links":{"self":[{"href":"https:\/\/www.polideas.it\/en\/wp-json\/wp\/v2\/product\/10570","targetHints":{"allow":["GET"]}}],"collection":[{"href":"https:\/\/www.polideas.it\/en\/wp-json\/wp\/v2\/product"}],"about":[{"href":"https:\/\/www.polideas.it\/en\/wp-json\/wp\/v2\/types\/product"}],"replies":[{"embeddable":true,"href":"https:\/\/www.polideas.it\/en\/wp-json\/wp\/v2\/comments?post=10570"}],"wp:featuredmedia":[{"embeddable":true,"href":"https:\/\/www.polideas.it\/en\/wp-json\/wp\/v2\/media\/12046"}],"wp:attachment":[{"href":"https:\/\/www.polideas.it\/en\/wp-json\/wp\/v2\/media?parent=10570"}],"wp:term":[{"taxonomy":"product_brand","embeddable":true,"href":"https:\/\/www.polideas.it\/en\/wp-json\/wp\/v2\/product_brand?post=10570"},{"taxonomy":"product_cat","embeddable":true,"href":"https:\/\/www.polideas.it\/en\/wp-json\/wp\/v2\/product_cat?post=10570"},{"taxonomy":"product_tag","embeddable":true,"href":"https:\/\/www.polideas.it\/en\/wp-json\/wp\/v2\/product_tag?post=10570"}],"curies":[{"name":"wp","href":"https:\/\/api.w.org\/{rel}","templated":true}]}}