{"id":10594,"date":"2022-02-28T21:59:10","date_gmt":"2022-02-28T20:59:10","guid":{"rendered":"https:\/\/www.polideas.it\/?post_type=product&#038;p=10594"},"modified":"2025-01-30T10:45:19","modified_gmt":"2025-01-30T09:45:19","slug":"agora-handle-design-furniture-handle-aluminium-effect","status":"publish","type":"product","link":"https:\/\/www.polideas.it\/en\/en-2\/living-room-knobs-handles\/agora-handle-design-furniture-handle-aluminium-effect\/","title":{"rendered":"Agora Handle - Mobile Design Handle - Aluminium Effect"},"content":{"rendered":"<p>Essential line, but with a well-defined character for the <strong>handle<\/strong> <strong>Agora of Polideas<\/strong>.<\/p>\n<p>Dedicated to those who wish to personalise their bedroom furniture, drawers and chests of drawers in primis, it also lends itself perfectly to <strong>modernising furniture <\/strong>of the entrance and living area.<\/p>\n<p>Available in <strong>polished chrome and aluminium effect finishes<\/strong>It has a width of 140 mm and a height of 32 mm, making it the ideal complement to breathe new life into rooms in the home, providing a secure and ergonomic grip with minimal bulk.<\/p>\n<p>La <strong>Agora handle<\/strong> is the result of continuous research combined with the attention typical of Made in Italy productions and is manufactured with top quality materials to guarantee maximum safety at all times.<\/p>","protected":false},"excerpt":{"rendered":"<p>Linea essenziale, ma dal carattere ben definito per la maniglia Agor\u00e0 di Polideas. Dedicata a chi desidera personalizzare con semplicit\u00e0 ed efficacia i mobili della camera da letto, cassettiere e com\u00f2 in primis, si presta perfettamente anche a modernizzare i mobili dell\u2019ingresso e della zona living. Disponibile nelle finiture cromato lucido ed effetto alluminio, ha [&#8230;]\n","protected":false},"featured_media":12061,"comment_status":"closed","ping_status":"closed","template":"","meta":{"_acf_changed":false},"product_brand":[],"product_cat":[47],"product_tag":[3149,3151,3173,3174,3209,3152,3153,3175,3156,3176,3100,3159,3160,3211,3177,3178,3179],"class_list":{"0":"post-10594","1":"product","2":"type-product","3":"status-publish","4":"has-post-thumbnail","6":"product_cat-maniglie-pomelli-camera-soggiorno","7":"product_tag-maniglia","8":"product_tag-maniglia-anta-mobile","9":"product_tag-maniglia-anta-mobile-soggiorno","10":"product_tag-maniglia-anta-soggiorno","11":"product_tag-maniglia-arredo","12":"product_tag-maniglia-cassettiera","13":"product_tag-maniglia-cassetto","14":"product_tag-maniglia-cassetto-soggiorno","15":"product_tag-maniglia-design","16":"product_tag-maniglia-interasse-128mm","17":"product_tag-maniglia-mobile","18":"product_tag-maniglia-mobile-al-miglior-prezzo","19":"product_tag-maniglia-mobile-arredamento","20":"product_tag-maniglia-mobile-camera","21":"product_tag-maniglia-mobile-soggiorno","22":"product_tag-maniglia-per-mobile-soggiorno","23":"product_tag-maniglia-soggiorno","25":"first","26":"instock","27":"taxable","28":"shipping-taxable","29":"purchasable","30":"product-type-simple"},"acf":[],"_links":{"self":[{"href":"https:\/\/www.polideas.it\/en\/wp-json\/wp\/v2\/product\/10594","targetHints":{"allow":["GET"]}}],"collection":[{"href":"https:\/\/www.polideas.it\/en\/wp-json\/wp\/v2\/product"}],"about":[{"href":"https:\/\/www.polideas.it\/en\/wp-json\/wp\/v2\/types\/product"}],"replies":[{"embeddable":true,"href":"https:\/\/www.polideas.it\/en\/wp-json\/wp\/v2\/comments?post=10594"}],"wp:featuredmedia":[{"embeddable":true,"href":"https:\/\/www.polideas.it\/en\/wp-json\/wp\/v2\/media\/12061"}],"wp:attachment":[{"href":"https:\/\/www.polideas.it\/en\/wp-json\/wp\/v2\/media?parent=10594"}],"wp:term":[{"taxonomy":"product_brand","embeddable":true,"href":"https:\/\/www.polideas.it\/en\/wp-json\/wp\/v2\/product_brand?post=10594"},{"taxonomy":"product_cat","embeddable":true,"href":"https:\/\/www.polideas.it\/en\/wp-json\/wp\/v2\/product_cat?post=10594"},{"taxonomy":"product_tag","embeddable":true,"href":"https:\/\/www.polideas.it\/en\/wp-json\/wp\/v2\/product_tag?post=10594"}],"curies":[{"name":"wp","href":"https:\/\/api.w.org\/{rel}","templated":true}]}}