{"id":10461,"date":"2022-02-28T21:57:06","date_gmt":"2022-02-28T20:57:06","guid":{"rendered":"https:\/\/www.polideas.it\/?post_type=product&#038;p=10461"},"modified":"2025-01-31T14:23:46","modified_gmt":"2025-01-31T13:23:46","slug":"mueble-infantil-pomo-equipo-efecto-cristal-esmerilado-color-opalino","status":"publish","type":"product","link":"https:\/\/www.polideas.it\/es\/en-2\/pomos-tiradores-infantiles-2\/mueble-infantil-pomo-equipo-efecto-cristal-esmerilado-color-opalino\/","title":{"rendered":"Pomo infantil Squad - Pomo para muebles infantiles - Color opalino efecto cristal satinado"},"content":{"rendered":"<p>Los ni\u00f1os mayores que deseen tener un dormitorio \"de mayores\" encontrar\u00e1n el <strong>Pomo del equipo Polideas.<\/strong><\/p>\n<p>De forma cuadrada y geom\u00e9trica, simple y lineal, el <strong>Equipo de perillas para ni\u00f1os<\/strong> es perfecto para las habitaciones infantiles m\u00e1s modernas, caracterizadas por un mobiliario m\u00ednimo con unos pocos colores bien mezclados.<\/p>\n<p>El particular <strong>efecto de vidrio esmerilado<\/strong>disponible en opalina, azul claro y rosa, a\u00f1adir\u00e1 un toque de rigor y sofisticaci\u00f3n a armarios, c\u00f3modas y mesillas de noche.<\/p>\n<p>Fabricado en total conformidad con la normativa europea REACH, <strong>el equipo de perillas para ni\u00f1os<\/strong> est\u00e1 libre de bordes afilados y garantiza la m\u00e1xima seguridad en todas las situaciones.<\/p>","protected":false},"excerpt":{"rendered":"<p>I bambini pi\u00f9 grandicelli che desiderano avere una cameretta \u201cda grandi\u201d troveranno irresistibile il pomolo Squadra Polideas. Dalla forma squadrata e geometrica, semplice e lineare, il pomolo bimbi Squadra \u00e8 perfetto per le camerette pi\u00f9 moderne, caratterizzate da mobili minimal con pochi colori ben dosati. Il particolare effetto vetro satinato, disponibile nelle tonalit\u00e0 opalino, azzurro [&#8230;]\n","protected":false},"featured_media":11357,"comment_status":"closed","ping_status":"closed","template":"","meta":{"_acf_changed":false},"product_brand":[],"product_cat":[24],"product_tag":[3119,3120,3148,3112,3113,3114,3121,3122,3123,3115,3116,3124,3117,3118,3125,3126,3127,3128],"class_list":{"0":"post-10461","1":"product","2":"type-product","3":"status-publish","4":"has-post-thumbnail","6":"product_cat-maniglie-pomelli-bambini","7":"product_tag-pomelli-cameretta-bimba","8":"product_tag-pomelli-cameretta-bimbo","9":"product_tag-pomelli-trasparenti-per-mobili","10":"product_tag-pomolo","11":"product_tag-pomolo-al-miglior-prezzo","12":"product_tag-pomolo-anta-mobile","13":"product_tag-pomolo-armadio","14":"product_tag-pomolo-bambini","15":"product_tag-pomolo-cameretta-bambini","16":"product_tag-pomolo-cassettiera","17":"product_tag-pomolo-cassetto","18":"product_tag-pomolo-cassetto-bambini","19":"product_tag-pomolo-mobile","20":"product_tag-pomolo-mobile-arredamento","21":"product_tag-pomolo-mobile-ragazza","22":"product_tag-pomolo-mobile-ragazzi","23":"product_tag-pomolo-mobili-bambina","24":"product_tag-pomolo-mobili-bambino","26":"first","27":"instock","28":"taxable","29":"shipping-taxable","30":"purchasable","31":"product-type-simple"},"acf":[],"_links":{"self":[{"href":"https:\/\/www.polideas.it\/es\/wp-json\/wp\/v2\/product\/10461","targetHints":{"allow":["GET"]}}],"collection":[{"href":"https:\/\/www.polideas.it\/es\/wp-json\/wp\/v2\/product"}],"about":[{"href":"https:\/\/www.polideas.it\/es\/wp-json\/wp\/v2\/types\/product"}],"replies":[{"embeddable":true,"href":"https:\/\/www.polideas.it\/es\/wp-json\/wp\/v2\/comments?post=10461"}],"wp:featuredmedia":[{"embeddable":true,"href":"https:\/\/www.polideas.it\/es\/wp-json\/wp\/v2\/media\/11357"}],"wp:attachment":[{"href":"https:\/\/www.polideas.it\/es\/wp-json\/wp\/v2\/media?parent=10461"}],"wp:term":[{"taxonomy":"product_brand","embeddable":true,"href":"https:\/\/www.polideas.it\/es\/wp-json\/wp\/v2\/product_brand?post=10461"},{"taxonomy":"product_cat","embeddable":true,"href":"https:\/\/www.polideas.it\/es\/wp-json\/wp\/v2\/product_cat?post=10461"},{"taxonomy":"product_tag","embeddable":true,"href":"https:\/\/www.polideas.it\/es\/wp-json\/wp\/v2\/product_tag?post=10461"}],"curies":[{"name":"wp","href":"https:\/\/api.w.org\/{rel}","templated":true}]}}