{"id":10503,"date":"2022-02-28T21:57:54","date_gmt":"2022-02-28T20:57:54","guid":{"rendered":"https:\/\/www.polideas.it\/?post_type=product&#038;p=10503"},"modified":"2025-02-03T14:48:52","modified_gmt":"2025-02-03T13:48:52","slug":"tirador-nicho-antiguo-tirador-de-armario-efecto-cobre","status":"publish","type":"product","link":"https:\/\/www.polideas.it\/es\/en-2\/tiradores-antiguos-pomos\/tirador-nicho-antiguo-tirador-de-armario-efecto-cobre\/","title":{"rendered":"Tirador Nicho Antiguo - Tirador Mueble Antiguo - Efecto Cobre"},"content":{"rendered":"<p>Parece el casco de un guerrero glorioso el mango <strong>Nicho envejecido <\/strong>de Polideas.<\/p>\n<p>Dise\u00f1ado para personalizar muebles de cocina, dormitorios y salones con un aire retro, el tirador<strong> Nicho envejecido <\/strong>es ideal para unificar habitaciones amuebladas en estilo cl\u00e1sico, industrial o campestre.<\/p>\n<p>Disponible en elegante <strong>efecto bronce, efecto cobre y efecto hierro<\/strong>, el mango Nicchia garantiza un agarre s\u00f3lido y seguro y, gracias a una compleja e innovadora elaboraci\u00f3n que combina los m\u00e9ritos est\u00e9ticos del metal envejecido con la practicidad y ergonom\u00eda de los materiales pl\u00e1sticos de calidad, consigue un efecto antiguo \u00fanico.<\/p>\n<p>Con una anchura de 105 mm y una altura de 34 mm, es ideal para sustituir viejos tiradores en muebles antiguos sin perder un \u00e1pice de autenticidad, d\u00e1ndoles un toque extra de clase.<\/p>","protected":false},"excerpt":{"rendered":"<p>El tirador envejecido Nicchia de Polideas parece el casco de un glorioso guerrero. Dise\u00f1ado para personalizar los muebles de cocina, dormitorios y salones con un toque retro, el tirador envejecido Nicchia es ideal para uniformizar los ambientes decorados en estilo cl\u00e1sico, industrial o r\u00fastico. Disponible en elegantes versiones con efecto bronce, cobre y [\u2026]","protected":false},"featured_media":11268,"comment_status":"closed","ping_status":"closed","template":"","meta":{"_acf_changed":false},"product_brand":[],"product_cat":[72],"product_tag":[3149,3151,3180,3181,3152,3153,3156,3182,3183,3198,3100,3159,3160,3184,3185,3186,3187],"class_list":{"0":"post-10503","1":"product","2":"type-product","3":"status-publish","4":"has-post-thumbnail","6":"product_cat-maniglie-pomoli-anticati","7":"product_tag-maniglia","8":"product_tag-maniglia-anta-mobile","9":"product_tag-maniglia-antica","10":"product_tag-maniglia-anticata","11":"product_tag-maniglia-cassettiera","12":"product_tag-maniglia-cassetto","13":"product_tag-maniglia-design","14":"product_tag-maniglia-effetto-anticato","15":"product_tag-maniglia-effetto-antico","16":"product_tag-maniglia-interasse-64mm","17":"product_tag-maniglia-mobile","18":"product_tag-maniglia-mobile-al-miglior-prezzo","19":"product_tag-maniglia-mobile-arredamento","20":"product_tag-maniglia-per-mobile-antico","21":"product_tag-maniglia-restauro-mobili","22":"product_tag-maniglia-rustico","23":"product_tag-maniglie-per-restaurazione-mobili","25":"first","26":"instock","27":"taxable","28":"shipping-taxable","29":"purchasable","30":"product-type-simple"},"acf":[],"_links":{"self":[{"href":"https:\/\/www.polideas.it\/es\/wp-json\/wp\/v2\/product\/10503","targetHints":{"allow":["GET"]}}],"collection":[{"href":"https:\/\/www.polideas.it\/es\/wp-json\/wp\/v2\/product"}],"about":[{"href":"https:\/\/www.polideas.it\/es\/wp-json\/wp\/v2\/types\/product"}],"replies":[{"embeddable":true,"href":"https:\/\/www.polideas.it\/es\/wp-json\/wp\/v2\/comments?post=10503"}],"wp:featuredmedia":[{"embeddable":true,"href":"https:\/\/www.polideas.it\/es\/wp-json\/wp\/v2\/media\/11268"}],"wp:attachment":[{"href":"https:\/\/www.polideas.it\/es\/wp-json\/wp\/v2\/media?parent=10503"}],"wp:term":[{"taxonomy":"product_brand","embeddable":true,"href":"https:\/\/www.polideas.it\/es\/wp-json\/wp\/v2\/product_brand?post=10503"},{"taxonomy":"product_cat","embeddable":true,"href":"https:\/\/www.polideas.it\/es\/wp-json\/wp\/v2\/product_cat?post=10503"},{"taxonomy":"product_tag","embeddable":true,"href":"https:\/\/www.polideas.it\/es\/wp-json\/wp\/v2\/product_tag?post=10503"}],"curies":[{"name":"wp","href":"https:\/\/api.w.org\/{rel}","templated":true}]}}