{"id":10506,"date":"2022-02-28T21:57:54","date_gmt":"2022-02-28T20:57:54","guid":{"rendered":"https:\/\/www.polideas.it\/?post_type=product&#038;p=10506"},"modified":"2025-02-04T18:05:28","modified_gmt":"2025-02-04T17:05:28","slug":"dormitorio-infantil-adhesivo-decoracion-oso","status":"publish","type":"product","link":"https:\/\/www.polideas.it\/es\/en-2\/pomos-tiradores-infantiles-2\/dormitorio-infantil-adhesivo-decoracion-oso\/","title":{"rendered":"Decoraci\u00f3n con pegatinas de ositos - Decoraci\u00f3n de habitaciones infantiles"},"content":{"rendered":"<p>\u00bfLe parecen las paredes de la habitaci\u00f3n de sus hijos un poco desnudas y quiz\u00e1s le gustar\u00eda hacerlas m\u00e1s alegres y coloridas? \u00bfO tal vez le gustar\u00eda dar <strong>toque de novedad<\/strong> \u00bfincluso a los muebles cl\u00e1sicos?<\/p>\n<p>El <strong>pegatinas infantiles decoraci\u00f3n Oso<\/strong> es justo lo que necesita: se trata de una decoraci\u00f3n adhesiva con forma de osito de peluche que puede pegarse en las paredes, pero tambi\u00e9n en los muebles, para dar un toque extra de alegr\u00eda y ternura.<\/p>\n<p><strong>Oso adhesivo Polideas<\/strong>en el tradicional color marr\u00f3n con ribetes azules, tiene una cara dulce y simp\u00e1tica que encantar\u00e1 a sus hijos.<\/p>\n<p>Fabricado en total conformidad con la normativa europea REACH, <strong>pegatinas infantiles decoraci\u00f3n Oso<\/strong> est\u00e1 libre de bordes afilados y garantiza la m\u00e1xima seguridad en todas las situaciones.<\/p>","protected":false},"excerpt":{"rendered":"<p>Le pareti della cameretta dei vostri bambini vi sembrano un po\u2019 spoglie e magari desiderate renderle pi\u00f9 allegre e colorate? O magari volete dare un tocco di novit\u00e0 anche ai classici mobili? Il decoro adesivo bimbi Bear \u00e8 proprio quello che fa per voi: si tratta di un decoro adesivo a forma di tenero orsetto [&#8230;]\n","protected":false},"featured_media":11427,"comment_status":"closed","ping_status":"closed","template":"","meta":{"_acf_changed":false},"product_brand":[],"product_cat":[24],"product_tag":[3213,3214,3215,3216,3217,3218,3219,3119],"class_list":{"0":"post-10506","1":"product","2":"type-product","3":"status-publish","4":"has-post-thumbnail","6":"product_cat-maniglie-pomelli-bambini","7":"product_tag-adesivi-orsetti-cameretta-bimbi","8":"product_tag-adesivo-orsetto","9":"product_tag-decorazioni-camerette-neonati","10":"product_tag-decorazioni-mobili-bambini","11":"product_tag-decoro-cameretta","12":"product_tag-decoro-cassetto-bimbo","13":"product_tag-decoro-orso-stanza-bambini","14":"product_tag-pomelli-cameretta-bimba","16":"first","17":"instock","18":"taxable","19":"shipping-taxable","20":"purchasable","21":"product-type-simple"},"acf":[],"_links":{"self":[{"href":"https:\/\/www.polideas.it\/es\/wp-json\/wp\/v2\/product\/10506","targetHints":{"allow":["GET"]}}],"collection":[{"href":"https:\/\/www.polideas.it\/es\/wp-json\/wp\/v2\/product"}],"about":[{"href":"https:\/\/www.polideas.it\/es\/wp-json\/wp\/v2\/types\/product"}],"replies":[{"embeddable":true,"href":"https:\/\/www.polideas.it\/es\/wp-json\/wp\/v2\/comments?post=10506"}],"wp:featuredmedia":[{"embeddable":true,"href":"https:\/\/www.polideas.it\/es\/wp-json\/wp\/v2\/media\/11427"}],"wp:attachment":[{"href":"https:\/\/www.polideas.it\/es\/wp-json\/wp\/v2\/media?parent=10506"}],"wp:term":[{"taxonomy":"product_brand","embeddable":true,"href":"https:\/\/www.polideas.it\/es\/wp-json\/wp\/v2\/product_brand?post=10506"},{"taxonomy":"product_cat","embeddable":true,"href":"https:\/\/www.polideas.it\/es\/wp-json\/wp\/v2\/product_cat?post=10506"},{"taxonomy":"product_tag","embeddable":true,"href":"https:\/\/www.polideas.it\/es\/wp-json\/wp\/v2\/product_tag?post=10506"}],"curies":[{"name":"wp","href":"https:\/\/api.w.org\/{rel}","templated":true}]}}