{"id":10521,"date":"2022-02-28T21:58:18","date_gmt":"2022-02-28T20:58:18","guid":{"rendered":"https:\/\/www.polideas.it\/?post_type=product&#038;p=10521"},"modified":"2025-05-05T18:59:13","modified_gmt":"2025-05-05T16:59:13","slug":"tirador-de-cocina-efecto-aluminio-tirador-de-cocina","status":"publish","type":"product","link":"https:\/\/www.polideas.it\/es\/en-2\/pomos-de-cocina-tiradores\/tirador-de-cocina-efecto-aluminio-tirador-de-cocina\/","title":{"rendered":"Asa de cocina Cook - Asa para muebles de cocina - Efecto aluminio"},"content":{"rendered":"<p>Esencial pero refinada en su l\u00ednea, <strong>el mango de cocina Cook de Polideas<\/strong> es el tirador cl\u00e1sico que atrae por su sencillez, una cualidad que se presta a diferentes interpretaciones estil\u00edsticas.<\/p>\n<p>Complemento perfecto de las cocinas modernas, el <strong>mango Cocinero<\/strong>Al igual que su versi\u00f3n Big, ligeramente m\u00e1s larga y delgada, tambi\u00e9n encuentra un lugar en las cocinas cl\u00e1sicas gracias a su estilo imperecedero.<\/p>\n<p><strong>Disponible en cromo pulido, efecto aluminio, lacado blanco y lacado negro, <\/strong>combina perfectamente con muebles lineales de superficies modernas e impecables, como ella.<\/p>\n<p>165 mm de largo y 26 mm de alto, <strong>el mango Cook <\/strong>se monta en un instante y cambia al instante el aspecto de los muebles de cocina, unificando las superficies y dot\u00e1ndolas de una elegancia innata.<\/p>","protected":false},"excerpt":{"rendered":"<p>Essenziale eppure ricercata nella linea, la maniglia cucina Cook di Polideas \u00e8 la classica maniglia che piace per la sua semplicit\u00e0, qualit\u00e0 che si presta a diverse interpretazioni di stile. Complemento perfetto delle cucine moderne, la maniglia Cook, esattamente come la sua versione Big leggermente pi\u00f9 lunga e sottile, trova collocazione anche nelle cucine classiche [&#8230;]\n","protected":false},"featured_media":14556,"comment_status":"closed","ping_status":"closed","template":"","meta":{"_acf_changed":false},"product_brand":[],"product_cat":[37],"product_tag":[3149,3150,3151,3152,3153,3154,3155,3156,3176,3100,3159,3160,3161],"class_list":{"0":"post-10521","1":"product","2":"type-product","3":"status-publish","4":"has-post-thumbnail","6":"product_cat-maniglie-pomelli-cucina","7":"product_tag-maniglia","8":"product_tag-maniglia-anta-cucina","9":"product_tag-maniglia-anta-mobile","10":"product_tag-maniglia-cassettiera","11":"product_tag-maniglia-cassetto","12":"product_tag-maniglia-cassetto-cucina","13":"product_tag-maniglia-cucina","14":"product_tag-maniglia-design","15":"product_tag-maniglia-interasse-128mm","16":"product_tag-maniglia-mobile","17":"product_tag-maniglia-mobile-al-miglior-prezzo","18":"product_tag-maniglia-mobile-arredamento","19":"product_tag-maniglia-per-mobile-cucina","21":"first","22":"instock","23":"taxable","24":"shipping-taxable","25":"purchasable","26":"product-type-simple"},"acf":[],"_links":{"self":[{"href":"https:\/\/www.polideas.it\/es\/wp-json\/wp\/v2\/product\/10521","targetHints":{"allow":["GET"]}}],"collection":[{"href":"https:\/\/www.polideas.it\/es\/wp-json\/wp\/v2\/product"}],"about":[{"href":"https:\/\/www.polideas.it\/es\/wp-json\/wp\/v2\/types\/product"}],"replies":[{"embeddable":true,"href":"https:\/\/www.polideas.it\/es\/wp-json\/wp\/v2\/comments?post=10521"}],"wp:featuredmedia":[{"embeddable":true,"href":"https:\/\/www.polideas.it\/es\/wp-json\/wp\/v2\/media\/14556"}],"wp:attachment":[{"href":"https:\/\/www.polideas.it\/es\/wp-json\/wp\/v2\/media?parent=10521"}],"wp:term":[{"taxonomy":"product_brand","embeddable":true,"href":"https:\/\/www.polideas.it\/es\/wp-json\/wp\/v2\/product_brand?post=10521"},{"taxonomy":"product_cat","embeddable":true,"href":"https:\/\/www.polideas.it\/es\/wp-json\/wp\/v2\/product_cat?post=10521"},{"taxonomy":"product_tag","embeddable":true,"href":"https:\/\/www.polideas.it\/es\/wp-json\/wp\/v2\/product_tag?post=10521"}],"curies":[{"name":"wp","href":"https:\/\/api.w.org\/{rel}","templated":true}]}}