{"id":10523,"date":"2022-02-28T21:58:18","date_gmt":"2022-02-28T20:58:18","guid":{"rendered":"https:\/\/www.polideas.it\/?post_type=product&#038;p=10523"},"modified":"2025-07-01T16:50:06","modified_gmt":"2025-07-01T14:50:06","slug":"cocinero-gran-tirador-lacado-blanco-para-armario-de-cocina","status":"publish","type":"product","link":"https:\/\/www.polideas.it\/es\/en-2\/pomos-de-cocina-tiradores\/cocinero-gran-tirador-lacado-blanco-para-armario-de-cocina\/","title":{"rendered":"Tirador de cocina Cook - Tirador para armarios de cocina - Lacado en blanco"},"content":{"rendered":"<p>M\u00ednima, cuadrada pero sorprendentemente pr\u00e1ctica de sujetar, <strong>el asa de cocina Cook Big de Polideas<\/strong> es la soluci\u00f3n ideal para completar el mobiliario de cocina de forma sencilla y elegante.<\/p>\n<p>Robusto y seguro, el <strong>handle Cocinar a lo grande<\/strong> es el complemento perfecto para las cocinas modernas, pero tambi\u00e9n encuentra una nueva aplicaci\u00f3n en las cocinas m\u00e1s tradicionales gracias a su estilo atemporal.<\/p>\n<p><strong>Disponible en cromo pulido, efecto aluminio, lacado blanco y lacado negro, <\/strong>combina perfectamente con muebles lineales de superficies modernas e impecables, como ella.<\/p>\n<p>197 mm de largo y 26 mm de alto, <strong>el mango Cook Big<\/strong> es extremadamente c\u00f3moda de usar gracias a su longitud extra y se limpia f\u00e1cilmente sin dejar de brillar.<\/p>","protected":false},"excerpt":{"rendered":"<p>Minimalista, cuadrada pero sorprendentemente pr\u00e1ctica de agarrar, la manija para cocina Cook Big de Polideas es la soluci\u00f3n ideal para completar de forma sencilla y elegante los muebles de cocina. Robusta y segura, la manija Cook Big es el complemento perfecto para las cocinas modernas, pero tambi\u00e9n encuentra una aplicaci\u00f3n in\u00e9dita en las cocinas m\u00e1s tradicionales gracias a su [\u2026]","protected":false},"featured_media":15817,"comment_status":"closed","ping_status":"closed","template":"","meta":{"_acf_changed":false},"product_brand":[],"product_cat":[37],"product_tag":[3149,3150,3151,3152,3153,3154,3155,3156,3158,3100,3159,3160,3161],"class_list":{"0":"post-10523","1":"product","2":"type-product","3":"status-publish","4":"has-post-thumbnail","6":"product_cat-maniglie-pomelli-cucina","7":"product_tag-maniglia","8":"product_tag-maniglia-anta-cucina","9":"product_tag-maniglia-anta-mobile","10":"product_tag-maniglia-cassettiera","11":"product_tag-maniglia-cassetto","12":"product_tag-maniglia-cassetto-cucina","13":"product_tag-maniglia-cucina","14":"product_tag-maniglia-design","15":"product_tag-maniglia-interasse-160mm","16":"product_tag-maniglia-mobile","17":"product_tag-maniglia-mobile-al-miglior-prezzo","18":"product_tag-maniglia-mobile-arredamento","19":"product_tag-maniglia-per-mobile-cucina","21":"first","22":"instock","23":"taxable","24":"shipping-taxable","25":"purchasable","26":"product-type-simple"},"acf":[],"_links":{"self":[{"href":"https:\/\/www.polideas.it\/es\/wp-json\/wp\/v2\/product\/10523","targetHints":{"allow":["GET"]}}],"collection":[{"href":"https:\/\/www.polideas.it\/es\/wp-json\/wp\/v2\/product"}],"about":[{"href":"https:\/\/www.polideas.it\/es\/wp-json\/wp\/v2\/types\/product"}],"replies":[{"embeddable":true,"href":"https:\/\/www.polideas.it\/es\/wp-json\/wp\/v2\/comments?post=10523"}],"wp:featuredmedia":[{"embeddable":true,"href":"https:\/\/www.polideas.it\/es\/wp-json\/wp\/v2\/media\/15817"}],"wp:attachment":[{"href":"https:\/\/www.polideas.it\/es\/wp-json\/wp\/v2\/media?parent=10523"}],"wp:term":[{"taxonomy":"product_brand","embeddable":true,"href":"https:\/\/www.polideas.it\/es\/wp-json\/wp\/v2\/product_brand?post=10523"},{"taxonomy":"product_cat","embeddable":true,"href":"https:\/\/www.polideas.it\/es\/wp-json\/wp\/v2\/product_cat?post=10523"},{"taxonomy":"product_tag","embeddable":true,"href":"https:\/\/www.polideas.it\/es\/wp-json\/wp\/v2\/product_tag?post=10523"}],"curies":[{"name":"wp","href":"https:\/\/api.w.org\/{rel}","templated":true}]}}