{"id":10536,"date":"2022-02-28T21:58:20","date_gmt":"2022-02-28T20:58:20","guid":{"rendered":"https:\/\/www.polideas.it\/?post_type=product&#038;p=10536"},"modified":"2025-01-31T09:55:20","modified_gmt":"2025-01-31T08:55:20","slug":"giotto-mango-movil-infantil-efecto-aluminio","status":"publish","type":"product","link":"https:\/\/www.polideas.it\/es\/en-2\/pomos-tiradores-infantiles-2\/giotto-mango-movil-infantil-efecto-aluminio\/","title":{"rendered":"Tirador infantil Giotto - Tirador m\u00f3vil infantil - Efecto aluminio"},"content":{"rendered":"<p>Con una bonita forma redondeada, el <strong>Asa Giotto<\/strong> es perfecto para una renovaci\u00f3n sencilla y pr\u00e1ctica de la habitaci\u00f3n de los ni\u00f1os.<\/p>\n<p>Muy f\u00e1cil de montar, es ideal para regalar un <strong>toque de originalidad<\/strong> a muebles y cajones, haci\u00e9ndolos m\u00e1s alegres y atractivos.<\/p>\n<p>Con el <strong>Asa infantil Giotto de Polideas<\/strong> podr\u00e1 renovar la habitaci\u00f3n de sus hijos en cuesti\u00f3n de minutos eligiendo entre 4 tonalidades diferentes: azul claro gofrado fino, rosa y blanco o el sofisticado efecto aluminio, que tambi\u00e9n es perfecto para las habitaciones de ni\u00f1os mayores que desean un toque extra de estilo.<\/p>\n<p>Fabricado en total conformidad con la normativa europea REACH, el mango Giotto no tiene bordes afilados y garantiza la m\u00e1xima seguridad en cualquier situaci\u00f3n.<\/p>","protected":false},"excerpt":{"rendered":"<p>Con su simp\u00e1tica forma redondeada, el tirador Giotto es perfecto para renovar de forma sencilla y pr\u00e1ctica la habitaci\u00f3n de los m\u00e1s peque\u00f1os. Muy f\u00e1cil de montar, es ideal para dar un toque de originalidad a muebles y cajones, haci\u00e9ndolos m\u00e1s alegres y atractivos. Con el tirador infantil Giotto de Polideas, puede renovar en pocos minutos la habitaci\u00f3n [\u2026]","protected":false},"featured_media":11816,"comment_status":"closed","ping_status":"closed","template":"","meta":{"_acf_changed":false},"product_brand":[],"product_cat":[24],"product_tag":[3149,3151,3203,3207,3152,3153,3237,3210,3238,3239,3240,3198,3100,3159,3160,3241,3242,3243,3244,3245,3246,3162],"class_list":{"0":"post-10536","1":"product","2":"type-product","3":"status-publish","4":"has-post-thumbnail","6":"product_cat-maniglie-pomelli-bambini","7":"product_tag-maniglia","8":"product_tag-maniglia-anta-mobile","9":"product_tag-maniglia-bambini","10":"product_tag-maniglia-cameretta-bambini","11":"product_tag-maniglia-cassettiera","12":"product_tag-maniglia-cassetto","13":"product_tag-maniglia-cassetto-bambini","14":"product_tag-maniglia-effetto-alluminio","15":"product_tag-maniglia-goffrata-azzurra","16":"product_tag-maniglia-goffrata-rosa","17":"product_tag-maniglia-groffrata-bianca","18":"product_tag-maniglia-interasse-64mm","19":"product_tag-maniglia-mobile","20":"product_tag-maniglia-mobile-al-miglior-prezzo","21":"product_tag-maniglia-mobile-arredamento","22":"product_tag-maniglia-mobile-ragazza","23":"product_tag-maniglia-mobile-ragazzi","24":"product_tag-maniglia-mobili-bambina","25":"product_tag-maniglia-mobili-bambino","26":"product_tag-maniglia-per-bambini","27":"product_tag-maniglia-stanza-bambini","28":"product_tag-maniglie-colorate","30":"first","31":"instock","32":"taxable","33":"shipping-taxable","34":"purchasable","35":"product-type-simple"},"acf":[],"_links":{"self":[{"href":"https:\/\/www.polideas.it\/es\/wp-json\/wp\/v2\/product\/10536","targetHints":{"allow":["GET"]}}],"collection":[{"href":"https:\/\/www.polideas.it\/es\/wp-json\/wp\/v2\/product"}],"about":[{"href":"https:\/\/www.polideas.it\/es\/wp-json\/wp\/v2\/types\/product"}],"replies":[{"embeddable":true,"href":"https:\/\/www.polideas.it\/es\/wp-json\/wp\/v2\/comments?post=10536"}],"wp:featuredmedia":[{"embeddable":true,"href":"https:\/\/www.polideas.it\/es\/wp-json\/wp\/v2\/media\/11816"}],"wp:attachment":[{"href":"https:\/\/www.polideas.it\/es\/wp-json\/wp\/v2\/media?parent=10536"}],"wp:term":[{"taxonomy":"product_brand","embeddable":true,"href":"https:\/\/www.polideas.it\/es\/wp-json\/wp\/v2\/product_brand?post=10536"},{"taxonomy":"product_cat","embeddable":true,"href":"https:\/\/www.polideas.it\/es\/wp-json\/wp\/v2\/product_cat?post=10536"},{"taxonomy":"product_tag","embeddable":true,"href":"https:\/\/www.polideas.it\/es\/wp-json\/wp\/v2\/product_tag?post=10536"}],"curies":[{"name":"wp","href":"https:\/\/api.w.org\/{rel}","templated":true}]}}