{"id":10541,"date":"2022-02-28T21:58:21","date_gmt":"2022-02-28T20:58:21","guid":{"rendered":"https:\/\/www.polideas.it\/?post_type=product&#038;p=10541"},"modified":"2026-02-15T15:04:36","modified_gmt":"2026-02-15T14:04:36","slug":"movil-infantil-asa-corazon-grande-relieve-fino-fucsia","status":"publish","type":"product","link":"https:\/\/www.polideas.it\/es\/en-2\/pomos-tiradores-infantiles-2\/movil-infantil-asa-corazon-grande-relieve-fino-fucsia\/","title":{"rendered":"Mango Bimbi Cuore Grande - Mango M\u00f3vil Infantil - Estampado fino fucsia"},"content":{"rendered":"<p>Rom\u00e1ntico y delicado, el <strong>handle Coraz\u00f3n de Polideas<\/strong> est\u00e1 dise\u00f1ado para dar ese toque extra a los dormitorios de las ni\u00f1as a las que les encanta sentirse protagonistas de un cuento de hadas.<\/p>\n<p>Perfecto para renovar cajones y muebles y transformar la habitaci\u00f3n de una ni\u00f1a en un lugar m\u00e1gico y principesco, el <strong>manejar a los ni\u00f1os coraz\u00f3n <\/strong>se monta en dos minutos con un simple destornillador y da un aspecto completamente nuevo a cualquier habitaci\u00f3n.<\/p>\n<p>Disponible en <strong>dos matices diferentes<\/strong>, azul claro fino en relieve y fucsia fino en relieve, el coraz\u00f3n de asa infantil es ideal para habitaciones infantiles amuebladas en estilo cl\u00e1sico y shabby chic.<\/p>\n<p>Fabricado en total conformidad con la normativa europea REACH, el mango Cuore no tiene aristas cortantes y garantiza la m\u00e1xima seguridad en cualquier situaci\u00f3n.<\/p>","protected":false},"excerpt":{"rendered":"<p>Rom\u00e1ntica y delicada, la manija Cuore de Polideas est\u00e1 pensada para dar ese toque extra a las habitaciones de las ni\u00f1as que aman sentirse protagonistas de un cuento de hadas. Perfecta para renovar cajones y muebles y transformar la habitaci\u00f3n de las ni\u00f1as en un lugar m\u00e1gico y principesco, la manija infantil en forma de coraz\u00f3n se monta en dos minutos con [\u2026]","protected":false},"featured_media":15773,"comment_status":"closed","ping_status":"closed","template":"","meta":{"_acf_changed":false},"product_brand":[],"product_cat":[24],"product_tag":[3247,3248,3249,3250,3149,3151,3203,3206,3207,3152,3153,3237,3251,3252,3210,3238,3239,3240,3199,3100,3159,3160,3241,3242,3243,3244,3245,3246,3253,3254,3255,3256,3257],"class_list":{"0":"post-10541","1":"product","2":"type-product","3":"status-publish","4":"has-post-thumbnail","6":"product_cat-maniglie-pomelli-bambini","7":"product_tag-cameretta-cuore","8":"product_tag-cameretta-fucsia","9":"product_tag-cuore-fucsia","10":"product_tag-cuore-fuxia","11":"product_tag-maniglia","12":"product_tag-maniglia-anta-mobile","13":"product_tag-maniglia-bambini","14":"product_tag-maniglia-cameretta","15":"product_tag-maniglia-cameretta-bambini","16":"product_tag-maniglia-cassettiera","17":"product_tag-maniglia-cassetto","18":"product_tag-maniglia-cassetto-bambini","19":"product_tag-maniglia-cassetto-cuore","20":"product_tag-maniglia-cuore","21":"product_tag-maniglia-effetto-alluminio","22":"product_tag-maniglia-goffrata-azzurra","23":"product_tag-maniglia-goffrata-rosa","24":"product_tag-maniglia-groffrata-bianca","25":"product_tag-maniglia-interasse-32-mm","26":"product_tag-maniglia-mobile","27":"product_tag-maniglia-mobile-al-miglior-prezzo","28":"product_tag-maniglia-mobile-arredamento","29":"product_tag-maniglia-mobile-ragazza","30":"product_tag-maniglia-mobile-ragazzi","31":"product_tag-maniglia-mobili-bambina","32":"product_tag-maniglia-mobili-bambino","33":"product_tag-maniglia-per-bambini","34":"product_tag-maniglia-stanza-bambini","35":"product_tag-maniglie-a-cuore-per-camerette","36":"product_tag-maniglie-a-forma-di-cuore","37":"product_tag-maniglie-per-mobili-bambini","38":"product_tag-pomelli-a-cuore","39":"product_tag-pomelli-cuore","41":"first","42":"instock","43":"taxable","44":"shipping-taxable","45":"purchasable","46":"product-type-simple"},"acf":[],"_links":{"self":[{"href":"https:\/\/www.polideas.it\/es\/wp-json\/wp\/v2\/product\/10541","targetHints":{"allow":["GET"]}}],"collection":[{"href":"https:\/\/www.polideas.it\/es\/wp-json\/wp\/v2\/product"}],"about":[{"href":"https:\/\/www.polideas.it\/es\/wp-json\/wp\/v2\/types\/product"}],"replies":[{"embeddable":true,"href":"https:\/\/www.polideas.it\/es\/wp-json\/wp\/v2\/comments?post=10541"}],"wp:featuredmedia":[{"embeddable":true,"href":"https:\/\/www.polideas.it\/es\/wp-json\/wp\/v2\/media\/15773"}],"wp:attachment":[{"href":"https:\/\/www.polideas.it\/es\/wp-json\/wp\/v2\/media?parent=10541"}],"wp:term":[{"taxonomy":"product_brand","embeddable":true,"href":"https:\/\/www.polideas.it\/es\/wp-json\/wp\/v2\/product_brand?post=10541"},{"taxonomy":"product_cat","embeddable":true,"href":"https:\/\/www.polideas.it\/es\/wp-json\/wp\/v2\/product_cat?post=10541"},{"taxonomy":"product_tag","embeddable":true,"href":"https:\/\/www.polideas.it\/es\/wp-json\/wp\/v2\/product_tag?post=10541"}],"curies":[{"name":"wp","href":"https:\/\/api.w.org\/{rel}","templated":true}]}}