{"id":10543,"date":"2022-02-28T21:58:21","date_gmt":"2022-02-28T20:58:21","guid":{"rendered":"https:\/\/www.polideas.it\/?post_type=product&#038;p=10543"},"modified":"2026-02-02T11:08:50","modified_gmt":"2026-02-02T10:08:50","slug":"habitacion-infantil-asa-corazon-en-relieve-blanco-fino","status":"publish","type":"product","link":"https:\/\/www.polideas.it\/es\/en-2\/pomos-tiradores-infantiles-2\/habitacion-infantil-asa-corazon-en-relieve-blanco-fino\/","title":{"rendered":"Tirador Infantil Coraz\u00f3n - Tirador Habitaci\u00f3n Infantil - Estampado fino Blanco"},"content":{"rendered":"<p>Convencer\u00e1 a las ni\u00f1as m\u00e1s rom\u00e1nticas, pero tambi\u00e9n a sus madres, el mango<strong>\u00a0ni\u00f1os Coraz\u00f3n de Polideas. <\/strong><\/p>\n<p>Tierno y rom\u00e1ntico, <strong>da un toque \u00fanico a los armarios<\/strong>mesillas de noche y c\u00f3modas, transformando de inmediato los cl\u00e1sicos muebles de dormitorio en piezas \u00fanicas y personalizadas.<\/p>\n<p>Disponible en <strong>muchos matices<\/strong>desde el fino azul repujado hasta el blanco, pasando por el fucsia y el rosa, atraer\u00e1 a las ni\u00f1as amantes de los cuentos de hadas a las que les encanta sentirse como aut\u00e9nticas princesas.<\/p>\n<p>Fabricado en total conformidad con la normativa europea REACH, el asa<strong>\u00a0ni\u00f1os Coraz\u00f3n<\/strong> est\u00e1 libre de bordes afilados y garantiza la m\u00e1xima seguridad en todas las situaciones.<\/p>","protected":false},"excerpt":{"rendered":"<p>Conquister\u00e0 le bimbe pi\u00f9 romantiche, ma anche le loro mamme, la maniglia\u00a0bimbi Cuore di Polideas. Tenero e romantico, regala un tocco unico ad armadi, comodini e cassettiere, trasformando subito i classici mobili della cameretta in pezzi unici e personalizzati. Disponibile in tante nuance, dal goffrato fine azzurro al bianco, dal fuxia al rosa, piacer\u00e0 tantissimo [&#8230;]\n","protected":false},"featured_media":15764,"comment_status":"closed","ping_status":"closed","template":"","meta":{"_acf_changed":false},"product_brand":[],"product_cat":[24],"product_tag":[3258,3200,3259,3260,3204,3205,3261,3206,3207,3252,3199,3100],"class_list":{"0":"post-10543","1":"product","2":"type-product","3":"status-publish","4":"has-post-thumbnail","6":"product_cat-maniglie-pomelli-bambini","7":"product_tag-maniglia-a-forma-di-cuore","8":"product_tag-maniglia-anta","9":"product_tag-maniglia-bimba","10":"product_tag-maniglia-bimbi","11":"product_tag-maniglia-bimbo","12":"product_tag-maniglia-camera","13":"product_tag-maniglia-camera-da-letto","14":"product_tag-maniglia-cameretta","15":"product_tag-maniglia-cameretta-bambini","16":"product_tag-maniglia-cuore","17":"product_tag-maniglia-interasse-32-mm","18":"product_tag-maniglia-mobile","20":"first","21":"instock","22":"taxable","23":"shipping-taxable","24":"purchasable","25":"product-type-simple"},"acf":[],"_links":{"self":[{"href":"https:\/\/www.polideas.it\/es\/wp-json\/wp\/v2\/product\/10543","targetHints":{"allow":["GET"]}}],"collection":[{"href":"https:\/\/www.polideas.it\/es\/wp-json\/wp\/v2\/product"}],"about":[{"href":"https:\/\/www.polideas.it\/es\/wp-json\/wp\/v2\/types\/product"}],"replies":[{"embeddable":true,"href":"https:\/\/www.polideas.it\/es\/wp-json\/wp\/v2\/comments?post=10543"}],"wp:featuredmedia":[{"embeddable":true,"href":"https:\/\/www.polideas.it\/es\/wp-json\/wp\/v2\/media\/15764"}],"wp:attachment":[{"href":"https:\/\/www.polideas.it\/es\/wp-json\/wp\/v2\/media?parent=10543"}],"wp:term":[{"taxonomy":"product_brand","embeddable":true,"href":"https:\/\/www.polideas.it\/es\/wp-json\/wp\/v2\/product_brand?post=10543"},{"taxonomy":"product_cat","embeddable":true,"href":"https:\/\/www.polideas.it\/es\/wp-json\/wp\/v2\/product_cat?post=10543"},{"taxonomy":"product_tag","embeddable":true,"href":"https:\/\/www.polideas.it\/es\/wp-json\/wp\/v2\/product_tag?post=10543"}],"curies":[{"name":"wp","href":"https:\/\/api.w.org\/{rel}","templated":true}]}}