{"id":10547,"date":"2022-02-28T21:58:42","date_gmt":"2022-02-28T20:58:42","guid":{"rendered":"https:\/\/www.polideas.it\/?post_type=product&#038;p=10547"},"modified":"2026-05-10T10:45:07","modified_gmt":"2026-05-10T08:45:07","slug":"tirador-de-cocina-de-ferrocarril-tirador-de-cocina-de-cromo-pulido","status":"publish","type":"product","link":"https:\/\/www.polideas.it\/es\/en-2\/pomos-de-cocina-tiradores\/tirador-de-cocina-de-ferrocarril-tirador-de-cocina-de-cromo-pulido\/","title":{"rendered":"Tirador de cocina Railway - Cromo pulido"},"content":{"rendered":"<p>Dise\u00f1o novedoso y l\u00edneas elegantes y esenciales para <strong>el tirador de cocina Railway de Polideas<\/strong>.<\/p>\n<p>Con una forma distintiva que recuerda a dos finas asas de parellele, <strong>Ferrocarril <\/strong>es la soluci\u00f3n ideal para a\u00f1adir car\u00e1cter a los muebles de cocina y darles un nuevo encanto.<\/p>\n<p><strong>Disponible en cromo pulido y efecto aluminio<\/strong>, encaja perfectamente con los muebles m\u00e1s modernos, pero tambi\u00e9n puede aportar un toque nuevo e inesperado a las cocinas m\u00e1s cl\u00e1sicas y tradicionales.<\/p>\n<p>Con una anchura de 140 mm y una altura de 25 mm, <strong>el asa del ferrocarril <\/strong>garantiza un agarre firme y ergon\u00f3mico sin perder de vista un estilo impecable.<\/p>","protected":false},"excerpt":{"rendered":"<p>Design inedito e linee essenziali ed eleganti per la maniglia cucina Railway di Polideas. Dalla particolare forma che ricorda due sottili maniglie parellele, Railway \u00e8 la soluzione ideale per dare carattere ai mobili della cucina regalandogli un\u2019allure tutta nuova. Disponibile nelle versioni cromato lucido ed effetto alluminio, si adatta alla perfezione con i mobili pi\u00f9 [&#8230;]\n","protected":false},"featured_media":14523,"comment_status":"closed","ping_status":"closed","template":"","meta":{"_acf_changed":false},"product_brand":[],"product_cat":[37],"product_tag":[3149,3150,3151,3152,3153,3154,3155,3156,3176,3100,3159,3160,3161],"class_list":{"0":"post-10547","1":"product","2":"type-product","3":"status-publish","4":"has-post-thumbnail","6":"product_cat-maniglie-pomelli-cucina","7":"product_tag-maniglia","8":"product_tag-maniglia-anta-cucina","9":"product_tag-maniglia-anta-mobile","10":"product_tag-maniglia-cassettiera","11":"product_tag-maniglia-cassetto","12":"product_tag-maniglia-cassetto-cucina","13":"product_tag-maniglia-cucina","14":"product_tag-maniglia-design","15":"product_tag-maniglia-interasse-128mm","16":"product_tag-maniglia-mobile","17":"product_tag-maniglia-mobile-al-miglior-prezzo","18":"product_tag-maniglia-mobile-arredamento","19":"product_tag-maniglia-per-mobile-cucina","21":"first","22":"instock","23":"taxable","24":"shipping-taxable","25":"purchasable","26":"product-type-simple"},"acf":[],"_links":{"self":[{"href":"https:\/\/www.polideas.it\/es\/wp-json\/wp\/v2\/product\/10547","targetHints":{"allow":["GET"]}}],"collection":[{"href":"https:\/\/www.polideas.it\/es\/wp-json\/wp\/v2\/product"}],"about":[{"href":"https:\/\/www.polideas.it\/es\/wp-json\/wp\/v2\/types\/product"}],"replies":[{"embeddable":true,"href":"https:\/\/www.polideas.it\/es\/wp-json\/wp\/v2\/comments?post=10547"}],"wp:featuredmedia":[{"embeddable":true,"href":"https:\/\/www.polideas.it\/es\/wp-json\/wp\/v2\/media\/14523"}],"wp:attachment":[{"href":"https:\/\/www.polideas.it\/es\/wp-json\/wp\/v2\/media?parent=10547"}],"wp:term":[{"taxonomy":"product_brand","embeddable":true,"href":"https:\/\/www.polideas.it\/es\/wp-json\/wp\/v2\/product_brand?post=10547"},{"taxonomy":"product_cat","embeddable":true,"href":"https:\/\/www.polideas.it\/es\/wp-json\/wp\/v2\/product_cat?post=10547"},{"taxonomy":"product_tag","embeddable":true,"href":"https:\/\/www.polideas.it\/es\/wp-json\/wp\/v2\/product_tag?post=10547"}],"curies":[{"name":"wp","href":"https:\/\/api.w.org\/{rel}","templated":true}]}}