{"id":10553,"date":"2022-02-28T21:58:43","date_gmt":"2022-02-28T20:58:43","guid":{"rendered":"https:\/\/www.polideas.it\/?post_type=product&#038;p=10553"},"modified":"2025-02-18T11:20:17","modified_gmt":"2025-02-18T10:20:17","slug":"orbita-tirador-mueble-diseno-lacado-blanco","status":"publish","type":"product","link":"https:\/\/www.polideas.it\/es\/en-2\/pomos-de-salon-tiradores\/orbita-tirador-mueble-diseno-lacado-blanco\/","title":{"rendered":"Asa Orbita - Asa de dise\u00f1o m\u00f3vil - Lacada en blanco"},"content":{"rendered":"<p>Dise\u00f1o sofisticado y l\u00edneas redondeadas para el<strong> Asa orbital de Polideas.<\/strong><\/p>\n<p>Esencial y geom\u00e9trico, Orbita es el tirador ideal para renovar los muebles del dormitorio, la entrada y el sal\u00f3n centr\u00e1ndose en un <strong>complemento buscado <\/strong>que destaca por su estilo atemporal.<\/p>\n<p>Disponible en <strong>acabados efecto aluminio<\/strong>, <strong>cromo pulido y lacado en blanco<\/strong>Tiene un di\u00e1metro de 80 mm y una altura de 14 mm, por lo que es ideal para diversas combinaciones de muebles y, en particular, para completar con estilo armarios, gabinetes y mesillas de noche.<\/p>\n<p>La <strong>Mango orbital <\/strong>es el resultado de una investigaci\u00f3n continua combinada con la atenci\u00f3n t\u00edpica de las producciones Made in Italy y est\u00e1 fabricado con materiales de primera calidad para garantizar la m\u00e1xima seguridad en todo momento.<\/p>","protected":false},"excerpt":{"rendered":"<p>Dise\u00f1o refinado y l\u00edneas redondeadas para el tirador Orbita de Polideas. Esencial y geom\u00e9trica, Orbita es la manilla ideal para renovar el mobiliario de dormitorios, entradas y salones apostando por un accesorio refinado que destaca por su estilo atemporal. Disponible en acabados con efecto aluminio, cromo pulido [...]","protected":false},"featured_media":15813,"comment_status":"closed","ping_status":"closed","template":"","meta":{"_acf_changed":false},"product_brand":[],"product_cat":[47],"product_tag":[3149,3151,3173,3174,3209,3152,3153,3175,3156,3286,3198,3100,3159,3160,3211,3177,3178,3179],"class_list":{"0":"post-10553","1":"product","2":"type-product","3":"status-publish","4":"has-post-thumbnail","6":"product_cat-maniglie-pomelli-camera-soggiorno","7":"product_tag-maniglia","8":"product_tag-maniglia-anta-mobile","9":"product_tag-maniglia-anta-mobile-soggiorno","10":"product_tag-maniglia-anta-soggiorno","11":"product_tag-maniglia-arredo","12":"product_tag-maniglia-cassettiera","13":"product_tag-maniglia-cassetto","14":"product_tag-maniglia-cassetto-soggiorno","15":"product_tag-maniglia-design","16":"product_tag-maniglia-elegante","17":"product_tag-maniglia-interasse-64mm","18":"product_tag-maniglia-mobile","19":"product_tag-maniglia-mobile-al-miglior-prezzo","20":"product_tag-maniglia-mobile-arredamento","21":"product_tag-maniglia-mobile-camera","22":"product_tag-maniglia-mobile-soggiorno","23":"product_tag-maniglia-per-mobile-soggiorno","24":"product_tag-maniglia-soggiorno","26":"first","27":"instock","28":"taxable","29":"shipping-taxable","30":"purchasable","31":"product-type-simple"},"acf":[],"_links":{"self":[{"href":"https:\/\/www.polideas.it\/es\/wp-json\/wp\/v2\/product\/10553","targetHints":{"allow":["GET"]}}],"collection":[{"href":"https:\/\/www.polideas.it\/es\/wp-json\/wp\/v2\/product"}],"about":[{"href":"https:\/\/www.polideas.it\/es\/wp-json\/wp\/v2\/types\/product"}],"replies":[{"embeddable":true,"href":"https:\/\/www.polideas.it\/es\/wp-json\/wp\/v2\/comments?post=10553"}],"wp:featuredmedia":[{"embeddable":true,"href":"https:\/\/www.polideas.it\/es\/wp-json\/wp\/v2\/media\/15813"}],"wp:attachment":[{"href":"https:\/\/www.polideas.it\/es\/wp-json\/wp\/v2\/media?parent=10553"}],"wp:term":[{"taxonomy":"product_brand","embeddable":true,"href":"https:\/\/www.polideas.it\/es\/wp-json\/wp\/v2\/product_brand?post=10553"},{"taxonomy":"product_cat","embeddable":true,"href":"https:\/\/www.polideas.it\/es\/wp-json\/wp\/v2\/product_cat?post=10553"},{"taxonomy":"product_tag","embeddable":true,"href":"https:\/\/www.polideas.it\/es\/wp-json\/wp\/v2\/product_tag?post=10553"}],"curies":[{"name":"wp","href":"https:\/\/api.w.org\/{rel}","templated":true}]}}