{"id":10577,"date":"2022-02-28T21:59:08","date_gmt":"2022-02-28T20:59:08","guid":{"rendered":"https:\/\/www.polideas.it\/?post_type=product&#038;p=10577"},"modified":"2026-03-21T14:41:12","modified_gmt":"2026-03-21T13:41:12","slug":"tirador-redondo-antiguo-tirador-antiguo-efecto-hierro-para-muebles","status":"publish","type":"product","link":"https:\/\/www.polideas.it\/es\/en-2\/tiradores-antiguos-pomos\/tirador-redondo-antiguo-tirador-antiguo-efecto-hierro-para-muebles\/","title":{"rendered":"Asa redonda antigua - Asa m\u00f3vil antigua - Efecto hierro"},"content":{"rendered":"<p>Sencilla, cuadrada y de estilo atemporal: as\u00ed es la manilla <strong>redondo envejecido <\/strong>de Polideas.<\/p>\n<p>Dise\u00f1ado para personalizar muebles de cocina, dormitorios y salones con un aire retro, el tirador<strong> redondo envejecido <\/strong>es ideal para unificar habitaciones amuebladas en estilo cl\u00e1sico, industrial o campestre.<\/p>\n<p>Disponible en elegante <strong>efecto bronce, efecto cobre y efecto hierro<\/strong>, el mango redondo garantiza un agarre s\u00f3lido y seguro y, gracias a una compleja t\u00e9cnica de procesamiento innovadora que combina las cualidades est\u00e9ticas del metal desgastado con la practicidad y ergonom\u00eda de los materiales pl\u00e1sticos de calidad, consigue un efecto antiguo \u00fanico.<\/p>\n<p>Con una anchura de 108 mm y una altura de s\u00f3lo 17 mm, es perfecto para peque\u00f1os muebles cl\u00e1sicos y antiguos.<\/p>","protected":false},"excerpt":{"rendered":"<p>Sencilla, cuadrada y con un estilo atemporal: as\u00ed es la manija envejecida Round de Polideas. Dise\u00f1ada para personalizar los muebles de cocina, dormitorios y salones con un toque retro, la manija envejecida Round es ideal para uniformizar los ambientes decorados en estilo cl\u00e1sico, industrial o r\u00fastico. Disponible en elegantes versiones con efecto bronce, efecto cobre [\u2026]","protected":false},"featured_media":11309,"comment_status":"closed","ping_status":"closed","template":"","meta":{"_acf_changed":false},"product_brand":[],"product_cat":[72],"product_tag":[3149,3151,3180,3181,3152,3153,3156,3182,3183,3193,3100,3159,3160,3184,3185,3186,3187],"class_list":{"0":"post-10577","1":"product","2":"type-product","3":"status-publish","4":"has-post-thumbnail","6":"product_cat-maniglie-pomoli-anticati","7":"product_tag-maniglia","8":"product_tag-maniglia-anta-mobile","9":"product_tag-maniglia-antica","10":"product_tag-maniglia-anticata","11":"product_tag-maniglia-cassettiera","12":"product_tag-maniglia-cassetto","13":"product_tag-maniglia-design","14":"product_tag-maniglia-effetto-anticato","15":"product_tag-maniglia-effetto-antico","16":"product_tag-maniglia-interasse-96mm","17":"product_tag-maniglia-mobile","18":"product_tag-maniglia-mobile-al-miglior-prezzo","19":"product_tag-maniglia-mobile-arredamento","20":"product_tag-maniglia-per-mobile-antico","21":"product_tag-maniglia-restauro-mobili","22":"product_tag-maniglia-rustico","23":"product_tag-maniglie-per-restaurazione-mobili","25":"first","26":"instock","27":"taxable","28":"shipping-taxable","29":"purchasable","30":"product-type-simple"},"acf":[],"_links":{"self":[{"href":"https:\/\/www.polideas.it\/es\/wp-json\/wp\/v2\/product\/10577","targetHints":{"allow":["GET"]}}],"collection":[{"href":"https:\/\/www.polideas.it\/es\/wp-json\/wp\/v2\/product"}],"about":[{"href":"https:\/\/www.polideas.it\/es\/wp-json\/wp\/v2\/types\/product"}],"replies":[{"embeddable":true,"href":"https:\/\/www.polideas.it\/es\/wp-json\/wp\/v2\/comments?post=10577"}],"wp:featuredmedia":[{"embeddable":true,"href":"https:\/\/www.polideas.it\/es\/wp-json\/wp\/v2\/media\/11309"}],"wp:attachment":[{"href":"https:\/\/www.polideas.it\/es\/wp-json\/wp\/v2\/media?parent=10577"}],"wp:term":[{"taxonomy":"product_brand","embeddable":true,"href":"https:\/\/www.polideas.it\/es\/wp-json\/wp\/v2\/product_brand?post=10577"},{"taxonomy":"product_cat","embeddable":true,"href":"https:\/\/www.polideas.it\/es\/wp-json\/wp\/v2\/product_cat?post=10577"},{"taxonomy":"product_tag","embeddable":true,"href":"https:\/\/www.polideas.it\/es\/wp-json\/wp\/v2\/product_tag?post=10577"}],"curies":[{"name":"wp","href":"https:\/\/api.w.org\/{rel}","templated":true}]}}