{"id":10594,"date":"2022-02-28T21:59:10","date_gmt":"2022-02-28T20:59:10","guid":{"rendered":"https:\/\/www.polideas.it\/?post_type=product&#038;p=10594"},"modified":"2025-01-30T10:45:19","modified_gmt":"2025-01-30T09:45:19","slug":"tirador-agora-diseno-mueble-tirador-efecto-aluminio","status":"publish","type":"product","link":"https:\/\/www.polideas.it\/es\/en-2\/pomos-de-salon-tiradores\/tirador-agora-diseno-mueble-tirador-efecto-aluminio\/","title":{"rendered":"Asa Agora - Asa de dise\u00f1o m\u00f3vil - Efecto aluminio"},"content":{"rendered":"<p>L\u00ednea esencial, pero con un car\u00e1cter bien definido para el <strong>asa<\/strong> <strong>\u00c1gora de las Polideas<\/strong>.<\/p>\n<p>Dedicado a quienes desean personalizar sus muebles de dormitorio, cajones y c\u00f3modas in primis, tambi\u00e9n se presta perfectamente a <strong>modernizar el mobiliario <\/strong>de la entrada y la zona de estar.<\/p>\n<p>Disponible en <strong>acabados en cromo pulido y efecto aluminio<\/strong>Tiene una anchura de 140 mm y una altura de 32 mm, lo que lo convierte en el complemento ideal para dar nueva vida a las habitaciones del hogar, proporcionando un agarre seguro y ergon\u00f3mico con un volumen m\u00ednimo.<\/p>\n<p>La <strong>Asa \u00c1gora<\/strong> es el resultado de una investigaci\u00f3n continua combinada con la atenci\u00f3n t\u00edpica de las producciones Made in Italy y est\u00e1 fabricado con materiales de primera calidad para garantizar la m\u00e1xima seguridad en todo momento.<\/p>","protected":false},"excerpt":{"rendered":"<p>Linea essenziale, ma dal carattere ben definito per la maniglia Agor\u00e0 di Polideas. Dedicata a chi desidera personalizzare con semplicit\u00e0 ed efficacia i mobili della camera da letto, cassettiere e com\u00f2 in primis, si presta perfettamente anche a modernizzare i mobili dell\u2019ingresso e della zona living. Disponibile nelle finiture cromato lucido ed effetto alluminio, ha [&#8230;]\n","protected":false},"featured_media":12061,"comment_status":"closed","ping_status":"closed","template":"","meta":{"_acf_changed":false},"product_brand":[],"product_cat":[47],"product_tag":[3149,3151,3173,3174,3209,3152,3153,3175,3156,3176,3100,3159,3160,3211,3177,3178,3179],"class_list":{"0":"post-10594","1":"product","2":"type-product","3":"status-publish","4":"has-post-thumbnail","6":"product_cat-maniglie-pomelli-camera-soggiorno","7":"product_tag-maniglia","8":"product_tag-maniglia-anta-mobile","9":"product_tag-maniglia-anta-mobile-soggiorno","10":"product_tag-maniglia-anta-soggiorno","11":"product_tag-maniglia-arredo","12":"product_tag-maniglia-cassettiera","13":"product_tag-maniglia-cassetto","14":"product_tag-maniglia-cassetto-soggiorno","15":"product_tag-maniglia-design","16":"product_tag-maniglia-interasse-128mm","17":"product_tag-maniglia-mobile","18":"product_tag-maniglia-mobile-al-miglior-prezzo","19":"product_tag-maniglia-mobile-arredamento","20":"product_tag-maniglia-mobile-camera","21":"product_tag-maniglia-mobile-soggiorno","22":"product_tag-maniglia-per-mobile-soggiorno","23":"product_tag-maniglia-soggiorno","25":"first","26":"instock","27":"taxable","28":"shipping-taxable","29":"purchasable","30":"product-type-simple"},"acf":[],"_links":{"self":[{"href":"https:\/\/www.polideas.it\/es\/wp-json\/wp\/v2\/product\/10594","targetHints":{"allow":["GET"]}}],"collection":[{"href":"https:\/\/www.polideas.it\/es\/wp-json\/wp\/v2\/product"}],"about":[{"href":"https:\/\/www.polideas.it\/es\/wp-json\/wp\/v2\/types\/product"}],"replies":[{"embeddable":true,"href":"https:\/\/www.polideas.it\/es\/wp-json\/wp\/v2\/comments?post=10594"}],"wp:featuredmedia":[{"embeddable":true,"href":"https:\/\/www.polideas.it\/es\/wp-json\/wp\/v2\/media\/12061"}],"wp:attachment":[{"href":"https:\/\/www.polideas.it\/es\/wp-json\/wp\/v2\/media?parent=10594"}],"wp:term":[{"taxonomy":"product_brand","embeddable":true,"href":"https:\/\/www.polideas.it\/es\/wp-json\/wp\/v2\/product_brand?post=10594"},{"taxonomy":"product_cat","embeddable":true,"href":"https:\/\/www.polideas.it\/es\/wp-json\/wp\/v2\/product_cat?post=10594"},{"taxonomy":"product_tag","embeddable":true,"href":"https:\/\/www.polideas.it\/es\/wp-json\/wp\/v2\/product_tag?post=10594"}],"curies":[{"name":"wp","href":"https:\/\/api.w.org\/{rel}","templated":true}]}}