{"id":10599,"date":"2022-02-28T21:59:32","date_gmt":"2022-02-28T20:59:32","guid":{"rendered":"https:\/\/www.polideas.it\/?post_type=product&#038;p=10599"},"modified":"2025-01-31T11:09:30","modified_gmt":"2025-01-31T10:09:30","slug":"mueble-infantil-pomo-rueda-repujado-fino-verde","status":"publish","type":"product","link":"https:\/\/www.polideas.it\/es\/en-2\/pomos-tiradores-infantiles-2\/mueble-infantil-pomo-rueda-repujado-fino-verde\/","title":{"rendered":"Rueda Bimbi - Pomo para muebles infantiles - repujado verde fino"},"content":{"rendered":"<p>Recuerda a los botones m\u00e1gicos de los dibujos animados el <strong>Rueda Bimbi de Polideas<\/strong>Perfecto para dar color a los muebles y c\u00f3modas de los dormitorios infantiles.<\/p>\n<p>Capaz de transformar el aspecto de cualquier dormitorio con extrema sencillez, el <strong>Rueda de pomo<\/strong> atraer\u00e1 a los ni\u00f1os amantes de los dibujos animados y las atm\u00f3sferas de c\u00f3mic.<\/p>\n<p>Disponible en <strong>tres matices diferentes<\/strong>, en relieve de finos azules, rosas y verdes, pueden utilizarse en diferentes combinaciones de colores para crear divertidos juegos crom\u00e1ticos que aportan de inmediato un soplo de aire fresco a la habitaci\u00f3n.<\/p>\n<p>Fabricado en total conformidad con la normativa europea REACH, el pomo de rueda no tiene bordes afilados y garantiza la m\u00e1xima seguridad en todas las situaciones.<\/p>\n<p>&nbsp;<\/p>","protected":false},"excerpt":{"rendered":"<p>&nbsp;<\/p>\n<p>&nbsp;<\/p>","protected":false},"featured_media":11489,"comment_status":"closed","ping_status":"closed","template":"","meta":{"_acf_changed":false},"product_brand":[],"product_cat":[24],"product_tag":[3119,3120,3112,3113,3114,3121,3122,3123,3115,3116,3124,3117,3118,3125,3126,3127,3128],"class_list":{"0":"post-10599","1":"product","2":"type-product","3":"status-publish","4":"has-post-thumbnail","6":"product_cat-maniglie-pomelli-bambini","7":"product_tag-pomelli-cameretta-bimba","8":"product_tag-pomelli-cameretta-bimbo","9":"product_tag-pomolo","10":"product_tag-pomolo-al-miglior-prezzo","11":"product_tag-pomolo-anta-mobile","12":"product_tag-pomolo-armadio","13":"product_tag-pomolo-bambini","14":"product_tag-pomolo-cameretta-bambini","15":"product_tag-pomolo-cassettiera","16":"product_tag-pomolo-cassetto","17":"product_tag-pomolo-cassetto-bambini","18":"product_tag-pomolo-mobile","19":"product_tag-pomolo-mobile-arredamento","20":"product_tag-pomolo-mobile-ragazza","21":"product_tag-pomolo-mobile-ragazzi","22":"product_tag-pomolo-mobili-bambina","23":"product_tag-pomolo-mobili-bambino","25":"first","26":"instock","27":"taxable","28":"shipping-taxable","29":"purchasable","30":"product-type-simple"},"acf":[],"_links":{"self":[{"href":"https:\/\/www.polideas.it\/es\/wp-json\/wp\/v2\/product\/10599","targetHints":{"allow":["GET"]}}],"collection":[{"href":"https:\/\/www.polideas.it\/es\/wp-json\/wp\/v2\/product"}],"about":[{"href":"https:\/\/www.polideas.it\/es\/wp-json\/wp\/v2\/types\/product"}],"replies":[{"embeddable":true,"href":"https:\/\/www.polideas.it\/es\/wp-json\/wp\/v2\/comments?post=10599"}],"wp:featuredmedia":[{"embeddable":true,"href":"https:\/\/www.polideas.it\/es\/wp-json\/wp\/v2\/media\/11489"}],"wp:attachment":[{"href":"https:\/\/www.polideas.it\/es\/wp-json\/wp\/v2\/media?parent=10599"}],"wp:term":[{"taxonomy":"product_brand","embeddable":true,"href":"https:\/\/www.polideas.it\/es\/wp-json\/wp\/v2\/product_brand?post=10599"},{"taxonomy":"product_cat","embeddable":true,"href":"https:\/\/www.polideas.it\/es\/wp-json\/wp\/v2\/product_cat?post=10599"},{"taxonomy":"product_tag","embeddable":true,"href":"https:\/\/www.polideas.it\/es\/wp-json\/wp\/v2\/product_tag?post=10599"}],"curies":[{"name":"wp","href":"https:\/\/api.w.org\/{rel}","templated":true}]}}