{"id":10610,"date":"2022-02-28T21:59:33","date_gmt":"2022-02-28T20:59:33","guid":{"rendered":"https:\/\/www.polideas.it\/?post_type=product&#038;p=10610"},"modified":"2025-02-17T12:02:50","modified_gmt":"2025-02-17T11:02:50","slug":"pomo-de-mueble-infantil-fantasma-en-relieve-rosa-fino","status":"publish","type":"product","link":"https:\/\/www.polideas.it\/es\/en-2\/pomos-tiradores-infantiles-2\/pomo-de-mueble-infantil-fantasma-en-relieve-rosa-fino\/","title":{"rendered":"Ghost - Pomo para muebles infantiles - Rosa fino en relieve"},"content":{"rendered":"<p>Dedicado a los ni\u00f1os valientes que no temen a los fantasmas: es el <strong>Perilla fantasma de Polideas<\/strong>ideal para dar un toque de personalidad a los dormitorios infantiles.<\/p>\n<p>Con su tradicional forma de fantasma, el <strong>Pomo fantasma<\/strong> es divertido y original, perfecto para completar los dormitorios infantiles de forma \u00fanica.<\/p>\n<p>Disponible en finos tonos en relieve de rosa, azul claro y verde<strong>, Pomo fantasma<\/strong> puede utilizarse con cualquier estilo de mobiliario y aporta color a los juegos de dormitorio m\u00e1s cl\u00e1sicos de madera clara o totalmente blancos.<\/p>\n<p>Fabricado en total conformidad con la normativa europea REACH, el pomo Ghost no tiene bordes afilados y garantiza la m\u00e1xima seguridad en cualquier situaci\u00f3n.<\/p>","protected":false},"excerpt":{"rendered":"<p>Dedicato ai bambini coraggiosi che non hanno paura dei fantasmi: \u00e8 il Pomolo Ghost di Polideas, l\u2019ideale per dare quel tocco di personalit\u00e0 alle camerette dei pi\u00f9 piccoli. Dalla tradizionale forma a fantasmino, il Pomolo Ghost \u00e8 divertente e originale, perfetto per completare le camerette dei bambini in modo unico. Disponibile nelle tonalit\u00e0 goffrato fine [&#8230;]\n","protected":false},"featured_media":15770,"comment_status":"closed","ping_status":"closed","template":"","meta":{"_acf_changed":false},"product_brand":[],"product_cat":[24],"product_tag":[3119,3120,3112,3113,3114,3121,3122,3123,3115,3116,3124,3117,3118,3125,3126,3127,3128],"class_list":{"0":"post-10610","1":"product","2":"type-product","3":"status-publish","4":"has-post-thumbnail","6":"product_cat-maniglie-pomelli-bambini","7":"product_tag-pomelli-cameretta-bimba","8":"product_tag-pomelli-cameretta-bimbo","9":"product_tag-pomolo","10":"product_tag-pomolo-al-miglior-prezzo","11":"product_tag-pomolo-anta-mobile","12":"product_tag-pomolo-armadio","13":"product_tag-pomolo-bambini","14":"product_tag-pomolo-cameretta-bambini","15":"product_tag-pomolo-cassettiera","16":"product_tag-pomolo-cassetto","17":"product_tag-pomolo-cassetto-bambini","18":"product_tag-pomolo-mobile","19":"product_tag-pomolo-mobile-arredamento","20":"product_tag-pomolo-mobile-ragazza","21":"product_tag-pomolo-mobile-ragazzi","22":"product_tag-pomolo-mobili-bambina","23":"product_tag-pomolo-mobili-bambino","25":"first","26":"instock","27":"taxable","28":"shipping-taxable","29":"purchasable","30":"product-type-simple"},"acf":[],"_links":{"self":[{"href":"https:\/\/www.polideas.it\/es\/wp-json\/wp\/v2\/product\/10610","targetHints":{"allow":["GET"]}}],"collection":[{"href":"https:\/\/www.polideas.it\/es\/wp-json\/wp\/v2\/product"}],"about":[{"href":"https:\/\/www.polideas.it\/es\/wp-json\/wp\/v2\/types\/product"}],"replies":[{"embeddable":true,"href":"https:\/\/www.polideas.it\/es\/wp-json\/wp\/v2\/comments?post=10610"}],"wp:featuredmedia":[{"embeddable":true,"href":"https:\/\/www.polideas.it\/es\/wp-json\/wp\/v2\/media\/15770"}],"wp:attachment":[{"href":"https:\/\/www.polideas.it\/es\/wp-json\/wp\/v2\/media?parent=10610"}],"wp:term":[{"taxonomy":"product_brand","embeddable":true,"href":"https:\/\/www.polideas.it\/es\/wp-json\/wp\/v2\/product_brand?post=10610"},{"taxonomy":"product_cat","embeddable":true,"href":"https:\/\/www.polideas.it\/es\/wp-json\/wp\/v2\/product_cat?post=10610"},{"taxonomy":"product_tag","embeddable":true,"href":"https:\/\/www.polideas.it\/es\/wp-json\/wp\/v2\/product_tag?post=10610"}],"curies":[{"name":"wp","href":"https:\/\/api.w.org\/{rel}","templated":true}]}}