{"id":10614,"date":"2022-02-28T21:59:34","date_gmt":"2022-02-28T20:59:34","guid":{"rendered":"https:\/\/www.polideas.it\/?post_type=product&#038;p=10614"},"modified":"2025-05-03T15:57:28","modified_gmt":"2025-05-03T13:57:28","slug":"mueble-infantil-pomo-elefante-repujado-azul-fino","status":"publish","type":"product","link":"https:\/\/www.polideas.it\/es\/en-2\/pomos-tiradores-infantiles-2\/mueble-infantil-pomo-elefante-repujado-azul-fino\/","title":{"rendered":"Elefante - Pomo m\u00f3vil infantil - Estampado fino Azul claro"},"content":{"rendered":"<p>Dedicado a los ni\u00f1os que adoran el cuento de Dumbo, el Pomo Elefante forma parte de la l\u00ednea animalier de Polideas que transforma algunos de los animales favoritos de los ni\u00f1os en pr\u00e1cticos accesorios.<\/p>\n<p>Polideas reanuda la <strong>forma cl\u00e1sica de elefante<\/strong>con su simp\u00e1tico tronco y sus grandes orejas, y lo transforma en el pomo perfecto para dar un nuevo aire a las habitaciones de los m\u00e1s peque\u00f1os.<\/p>\n<p>Disponible en <strong>muchos matices<\/strong>desde el fino gofrado azul, amarillo y rosa hasta el verde y el efecto de vidrio esmerilado de color opalino, el Pomo Elefante tambi\u00e9n se puede mezclar con los dem\u00e1s <strong>Pomos con estampado de animales de Polideas<\/strong> para un efecto super alegre.<\/p>\n<p>Fabricado en total conformidad con la normativa europea REACH, el pomo Elefante carece de aristas cortantes y garantiza la m\u00e1xima seguridad en cualquier situaci\u00f3n.<\/p>","protected":false},"excerpt":{"rendered":"<p>Dedicato ai bambini che amano la favola di Dumbo, il Pomolo Elefante fa parte della linea animalier di Polideas che trasforma in pratici complementi alcuni degli animaletti pi\u00f9 amati dai bambini. Polideas riprende la classica forma dell\u2019elefante, con la sua simpatica proboscide e le grandi orecchie, e la trasforma in un pomolo perfetto per dare [&#8230;]\n","protected":false},"featured_media":3132,"comment_status":"open","ping_status":"closed","template":"","meta":{"_acf_changed":false},"product_brand":[],"product_cat":[24],"product_tag":[3119,3120,3112,3113,3114,3121,3122,3123,3115,3116,3124,3117,3118,3125,3126,3127,3128],"class_list":{"0":"post-10614","1":"product","2":"type-product","3":"status-publish","4":"has-post-thumbnail","6":"product_cat-maniglie-pomelli-bambini","7":"product_tag-pomelli-cameretta-bimba","8":"product_tag-pomelli-cameretta-bimbo","9":"product_tag-pomolo","10":"product_tag-pomolo-al-miglior-prezzo","11":"product_tag-pomolo-anta-mobile","12":"product_tag-pomolo-armadio","13":"product_tag-pomolo-bambini","14":"product_tag-pomolo-cameretta-bambini","15":"product_tag-pomolo-cassettiera","16":"product_tag-pomolo-cassetto","17":"product_tag-pomolo-cassetto-bambini","18":"product_tag-pomolo-mobile","19":"product_tag-pomolo-mobile-arredamento","20":"product_tag-pomolo-mobile-ragazza","21":"product_tag-pomolo-mobile-ragazzi","22":"product_tag-pomolo-mobili-bambina","23":"product_tag-pomolo-mobili-bambino","25":"first","26":"instock","27":"taxable","28":"shipping-taxable","29":"purchasable","30":"product-type-simple"},"acf":[],"_links":{"self":[{"href":"https:\/\/www.polideas.it\/es\/wp-json\/wp\/v2\/product\/10614","targetHints":{"allow":["GET"]}}],"collection":[{"href":"https:\/\/www.polideas.it\/es\/wp-json\/wp\/v2\/product"}],"about":[{"href":"https:\/\/www.polideas.it\/es\/wp-json\/wp\/v2\/types\/product"}],"replies":[{"embeddable":true,"href":"https:\/\/www.polideas.it\/es\/wp-json\/wp\/v2\/comments?post=10614"}],"wp:featuredmedia":[{"embeddable":true,"href":"https:\/\/www.polideas.it\/es\/wp-json\/wp\/v2\/media\/3132"}],"wp:attachment":[{"href":"https:\/\/www.polideas.it\/es\/wp-json\/wp\/v2\/media?parent=10614"}],"wp:term":[{"taxonomy":"product_brand","embeddable":true,"href":"https:\/\/www.polideas.it\/es\/wp-json\/wp\/v2\/product_brand?post=10614"},{"taxonomy":"product_cat","embeddable":true,"href":"https:\/\/www.polideas.it\/es\/wp-json\/wp\/v2\/product_cat?post=10614"},{"taxonomy":"product_tag","embeddable":true,"href":"https:\/\/www.polideas.it\/es\/wp-json\/wp\/v2\/product_tag?post=10614"}],"curies":[{"name":"wp","href":"https:\/\/api.w.org\/{rel}","templated":true}]}}