{"id":10619,"date":"2022-02-28T21:59:34","date_gmt":"2022-02-28T20:59:34","guid":{"rendered":"https:\/\/www.polideas.it\/?post_type=product&#038;p=10619"},"modified":"2025-02-04T17:50:59","modified_gmt":"2025-02-04T16:50:59","slug":"pomo-mariposa-para-muebles-infantiles-en-relieve-azul-fino","status":"publish","type":"product","link":"https:\/\/www.polideas.it\/es\/en-2\/pomos-tiradores-infantiles-2\/pomo-mariposa-para-muebles-infantiles-en-relieve-azul-fino\/","title":{"rendered":"Pomo infantil mariposa - Pomo para muebles infantiles - Azul claro repujado fino"},"content":{"rendered":"<p>A todos los ni\u00f1os les encantan las mariposas, por eso Polideas en su selecci\u00f3n de <strong>Pomos dedicados a los animales<\/strong> m\u00e1s popular, tambi\u00e9n inclu\u00eda al colorido insecto.<\/p>\n<p>Ideal para los conjuntos de dormitorio m\u00e1s cl\u00e1sicos y rom\u00e1nticos, el <strong>Pomo mariposa<\/strong> renueva al instante muebles, c\u00f3modas y cajoneras, d\u00e1ndoles un aspecto totalmente nuevo.<\/p>\n<p>Disponible en <strong>muchos matices<\/strong>desde el fino gofrado azul, amarillo y rosa hasta el verde y el efecto de cristal opalino, el Pomo Mariposa tambi\u00e9n puede mezclarse con otros <strong>Pomos con estampado de animales de Polideas<\/strong> para un efecto super alegre.<\/p>\n<p>Fabricado en total conformidad con la normativa europea REACH, el pomo Farfalla no tiene bordes afilados y garantiza la m\u00e1xima seguridad en cualquier situaci\u00f3n.<\/p>","protected":false},"excerpt":{"rendered":"<p>A todos los ni\u00f1os les encantan las mariposas, por eso Polideas ha incluido este colorido insecto en su selecci\u00f3n de pomos dedicados a los animales m\u00e1s queridos. Ideal para las habitaciones m\u00e1s cl\u00e1sicas y rom\u00e1nticas, el pomo Bimbi Farfalla renueva al instante muebles, c\u00f3modas y cajoneras, d\u00e1ndoles inmediatamente un aspecto totalmente nuevo. Disponible en muchos colores, [\u2026]","protected":false},"featured_media":3143,"comment_status":"closed","ping_status":"closed","template":"","meta":{"_acf_changed":false},"product_brand":[],"product_cat":[24],"product_tag":[3119,3120,3112,3113,3114,3121,3122,3123,3115,3116,3124,3117,3118,3125,3126,3127,3128],"class_list":{"0":"post-10619","1":"product","2":"type-product","3":"status-publish","4":"has-post-thumbnail","6":"product_cat-maniglie-pomelli-bambini","7":"product_tag-pomelli-cameretta-bimba","8":"product_tag-pomelli-cameretta-bimbo","9":"product_tag-pomolo","10":"product_tag-pomolo-al-miglior-prezzo","11":"product_tag-pomolo-anta-mobile","12":"product_tag-pomolo-armadio","13":"product_tag-pomolo-bambini","14":"product_tag-pomolo-cameretta-bambini","15":"product_tag-pomolo-cassettiera","16":"product_tag-pomolo-cassetto","17":"product_tag-pomolo-cassetto-bambini","18":"product_tag-pomolo-mobile","19":"product_tag-pomolo-mobile-arredamento","20":"product_tag-pomolo-mobile-ragazza","21":"product_tag-pomolo-mobile-ragazzi","22":"product_tag-pomolo-mobili-bambina","23":"product_tag-pomolo-mobili-bambino","25":"first","26":"instock","27":"taxable","28":"shipping-taxable","29":"purchasable","30":"product-type-simple"},"acf":[],"_links":{"self":[{"href":"https:\/\/www.polideas.it\/es\/wp-json\/wp\/v2\/product\/10619","targetHints":{"allow":["GET"]}}],"collection":[{"href":"https:\/\/www.polideas.it\/es\/wp-json\/wp\/v2\/product"}],"about":[{"href":"https:\/\/www.polideas.it\/es\/wp-json\/wp\/v2\/types\/product"}],"replies":[{"embeddable":true,"href":"https:\/\/www.polideas.it\/es\/wp-json\/wp\/v2\/comments?post=10619"}],"wp:featuredmedia":[{"embeddable":true,"href":"https:\/\/www.polideas.it\/es\/wp-json\/wp\/v2\/media\/3143"}],"wp:attachment":[{"href":"https:\/\/www.polideas.it\/es\/wp-json\/wp\/v2\/media?parent=10619"}],"wp:term":[{"taxonomy":"product_brand","embeddable":true,"href":"https:\/\/www.polideas.it\/es\/wp-json\/wp\/v2\/product_brand?post=10619"},{"taxonomy":"product_cat","embeddable":true,"href":"https:\/\/www.polideas.it\/es\/wp-json\/wp\/v2\/product_cat?post=10619"},{"taxonomy":"product_tag","embeddable":true,"href":"https:\/\/www.polideas.it\/es\/wp-json\/wp\/v2\/product_tag?post=10619"}],"curies":[{"name":"wp","href":"https:\/\/api.w.org\/{rel}","templated":true}]}}