{"id":10623,"date":"2022-02-28T21:59:57","date_gmt":"2022-02-28T20:59:57","guid":{"rendered":"https:\/\/www.polideas.it\/?post_type=product&#038;p=10623"},"modified":"2025-02-20T14:35:13","modified_gmt":"2025-02-20T13:35:13","slug":"pomo-para-mueble-de-gato-infantil-en-relieve-rosa-fino","status":"publish","type":"product","link":"https:\/\/www.polideas.it\/es\/en-2\/pomos-tiradores-infantiles-2\/pomo-para-mueble-de-gato-infantil-en-relieve-rosa-fino\/","title":{"rendered":"Pomo Gato - Pomo para muebles infantiles - Rosa fino en relieve"},"content":{"rendered":"<p>Est\u00e1 dedicado a los ni\u00f1os que aman a los gatos el <strong>Pomo Polideas<\/strong> que reproduce la silueta sinuosa e inconfundible del felino.<\/p>\n<p>Colorido, sencillo y divertido, el <strong>Pomo de gato<\/strong> da un toque de personalidad a los muebles de siempre, renovando el aspecto de la habitaci\u00f3n de los ni\u00f1os en unos sencillos pasos: s\u00f3lo se necesitan unos minutos y la ayuda de un destornillador para sustituir los viejos pomos por las divertidas propuestas de Polideas.<\/p>\n<p>Disponible en <strong>muchos matices<\/strong>desde el fino gofrado azul, amarillo y rosa hasta el verde y el efecto de vidrio opalino, el Pomo Gato tambi\u00e9n puede mezclarse con el resto de <strong>Pomos con estampado de animales de Polideas<\/strong> para un efecto super alegre.<\/p>\n<p>Fabricado en total conformidad con la normativa europea REACH, el pomo Gatto no tiene bordes afilados y garantiza la m\u00e1xima seguridad en cualquier situaci\u00f3n.<\/p>","protected":false},"excerpt":{"rendered":"<p>El pomo de Polideas, que reproduce la sinuosa e inconfundible silueta del felino, est\u00e1 dedicado a los ni\u00f1os que aman a los gatos. Colorido, sencillo y divertido, el pomo Gatto da un toque de personalidad a los muebles habituales, renovando el aspecto de la habitaci\u00f3n de los m\u00e1s peque\u00f1os en unos sencillos pasos: bastan unos minutos y la ayuda de un destornillador [...].","protected":false},"featured_media":11600,"comment_status":"closed","ping_status":"closed","template":"","meta":{"_acf_changed":false},"product_brand":[],"product_cat":[24],"product_tag":[3119,3120,3112,3113,3114,3121,3122,3123,3115,3116,3124,3117,3118,3125,3126,3127,3128],"class_list":{"0":"post-10623","1":"product","2":"type-product","3":"status-publish","4":"has-post-thumbnail","6":"product_cat-maniglie-pomelli-bambini","7":"product_tag-pomelli-cameretta-bimba","8":"product_tag-pomelli-cameretta-bimbo","9":"product_tag-pomolo","10":"product_tag-pomolo-al-miglior-prezzo","11":"product_tag-pomolo-anta-mobile","12":"product_tag-pomolo-armadio","13":"product_tag-pomolo-bambini","14":"product_tag-pomolo-cameretta-bambini","15":"product_tag-pomolo-cassettiera","16":"product_tag-pomolo-cassetto","17":"product_tag-pomolo-cassetto-bambini","18":"product_tag-pomolo-mobile","19":"product_tag-pomolo-mobile-arredamento","20":"product_tag-pomolo-mobile-ragazza","21":"product_tag-pomolo-mobile-ragazzi","22":"product_tag-pomolo-mobili-bambina","23":"product_tag-pomolo-mobili-bambino","25":"first","26":"instock","27":"taxable","28":"shipping-taxable","29":"purchasable","30":"product-type-simple"},"acf":[],"_links":{"self":[{"href":"https:\/\/www.polideas.it\/es\/wp-json\/wp\/v2\/product\/10623","targetHints":{"allow":["GET"]}}],"collection":[{"href":"https:\/\/www.polideas.it\/es\/wp-json\/wp\/v2\/product"}],"about":[{"href":"https:\/\/www.polideas.it\/es\/wp-json\/wp\/v2\/types\/product"}],"replies":[{"embeddable":true,"href":"https:\/\/www.polideas.it\/es\/wp-json\/wp\/v2\/comments?post=10623"}],"wp:featuredmedia":[{"embeddable":true,"href":"https:\/\/www.polideas.it\/es\/wp-json\/wp\/v2\/media\/11600"}],"wp:attachment":[{"href":"https:\/\/www.polideas.it\/es\/wp-json\/wp\/v2\/media?parent=10623"}],"wp:term":[{"taxonomy":"product_brand","embeddable":true,"href":"https:\/\/www.polideas.it\/es\/wp-json\/wp\/v2\/product_brand?post=10623"},{"taxonomy":"product_cat","embeddable":true,"href":"https:\/\/www.polideas.it\/es\/wp-json\/wp\/v2\/product_cat?post=10623"},{"taxonomy":"product_tag","embeddable":true,"href":"https:\/\/www.polideas.it\/es\/wp-json\/wp\/v2\/product_tag?post=10623"}],"curies":[{"name":"wp","href":"https:\/\/api.w.org\/{rel}","templated":true}]}}