{"id":10629,"date":"2022-02-28T21:59:57","date_gmt":"2022-02-28T20:59:57","guid":{"rendered":"https:\/\/www.polideas.it\/?post_type=product&#038;p=10629"},"modified":"2025-02-04T15:31:57","modified_gmt":"2025-02-04T14:31:57","slug":"pomo-de-mueble-infantil-nemo-en-relieve-azul-fino","status":"publish","type":"product","link":"https:\/\/www.polideas.it\/es\/en-2\/pomos-tiradores-infantiles-2\/pomo-de-mueble-infantil-nemo-en-relieve-azul-fino\/","title":{"rendered":"Nemo - Pomo para m\u00f3vil infantil - Azul claro repujado fino"},"content":{"rendered":"<p>Directamente desde las profundidades del abismo llega el amistoso <strong>Pomo para beb\u00e9 Nemo<\/strong>Inspirado en el famoso pez del cuento de Disney, el pomo Nemo es ideal para a\u00f1adir un toque de poes\u00eda a la habitaci\u00f3n de los ni\u00f1os amantes del mar.<\/p>\n<p>Tierno y colorido, el pomo <strong>Nemo de Polideas<\/strong> Alegra cajones, muebles y armarios d\u00e1ndoles un toque de originalidad y ternura.<\/p>\n<p>Disponible en bellos colores opalinos y verdes de efecto cristal satinado, y en los cl\u00e1sicos tonos azules, rosas y amarillos de fino relieve, tambi\u00e9n es perfecta para la habitaci\u00f3n del beb\u00e9.<\/p>\n<p>Fabricado en total conformidad con la normativa europea REACH, el pomo Nemo no tiene bordes afilados y garantiza la m\u00e1xima seguridad en cualquier situaci\u00f3n.<\/p>","protected":false},"excerpt":{"rendered":"<p>Directamente de las profundidades del abismo llega el pomo infantil Nemo: inspirado en el famoso pez del cuento de Disney, el pomo Nemo es ideal para a\u00f1adir un toque de poes\u00eda a la habitaci\u00f3n de los ni\u00f1os amantes del mar. Tierno y colorido, el pomo Nemo de Polideas alegra alegremente c\u00f3modas, muebles y armarios, d\u00e1ndoles un toque [...]","protected":false},"featured_media":4481,"comment_status":"closed","ping_status":"closed","template":"","meta":{"_acf_changed":false},"product_brand":[],"product_cat":[24],"product_tag":[3119,3120,3112,3113,3114,3121,3122,3123,3115,3116,3124,3117,3118,3125,3126,3127,3128],"class_list":{"0":"post-10629","1":"product","2":"type-product","3":"status-publish","4":"has-post-thumbnail","6":"product_cat-maniglie-pomelli-bambini","7":"product_tag-pomelli-cameretta-bimba","8":"product_tag-pomelli-cameretta-bimbo","9":"product_tag-pomolo","10":"product_tag-pomolo-al-miglior-prezzo","11":"product_tag-pomolo-anta-mobile","12":"product_tag-pomolo-armadio","13":"product_tag-pomolo-bambini","14":"product_tag-pomolo-cameretta-bambini","15":"product_tag-pomolo-cassettiera","16":"product_tag-pomolo-cassetto","17":"product_tag-pomolo-cassetto-bambini","18":"product_tag-pomolo-mobile","19":"product_tag-pomolo-mobile-arredamento","20":"product_tag-pomolo-mobile-ragazza","21":"product_tag-pomolo-mobile-ragazzi","22":"product_tag-pomolo-mobili-bambina","23":"product_tag-pomolo-mobili-bambino","25":"first","26":"instock","27":"taxable","28":"shipping-taxable","29":"purchasable","30":"product-type-simple"},"acf":[],"_links":{"self":[{"href":"https:\/\/www.polideas.it\/es\/wp-json\/wp\/v2\/product\/10629","targetHints":{"allow":["GET"]}}],"collection":[{"href":"https:\/\/www.polideas.it\/es\/wp-json\/wp\/v2\/product"}],"about":[{"href":"https:\/\/www.polideas.it\/es\/wp-json\/wp\/v2\/types\/product"}],"replies":[{"embeddable":true,"href":"https:\/\/www.polideas.it\/es\/wp-json\/wp\/v2\/comments?post=10629"}],"wp:featuredmedia":[{"embeddable":true,"href":"https:\/\/www.polideas.it\/es\/wp-json\/wp\/v2\/media\/4481"}],"wp:attachment":[{"href":"https:\/\/www.polideas.it\/es\/wp-json\/wp\/v2\/media?parent=10629"}],"wp:term":[{"taxonomy":"product_brand","embeddable":true,"href":"https:\/\/www.polideas.it\/es\/wp-json\/wp\/v2\/product_brand?post=10629"},{"taxonomy":"product_cat","embeddable":true,"href":"https:\/\/www.polideas.it\/es\/wp-json\/wp\/v2\/product_cat?post=10629"},{"taxonomy":"product_tag","embeddable":true,"href":"https:\/\/www.polideas.it\/es\/wp-json\/wp\/v2\/product_tag?post=10629"}],"curies":[{"name":"wp","href":"https:\/\/api.w.org\/{rel}","templated":true}]}}