{"id":10635,"date":"2022-02-28T21:59:58","date_gmt":"2022-02-28T20:59:58","guid":{"rendered":"https:\/\/www.polideas.it\/?post_type=product&#038;p=10635"},"modified":"2025-02-20T10:15:09","modified_gmt":"2025-02-20T09:15:09","slug":"pomo-de-mueble-infantil-ufo-gofrado-fino-azul","status":"publish","type":"product","link":"https:\/\/www.polideas.it\/es\/en-2\/pomos-tiradores-infantiles-2\/pomo-de-mueble-infantil-ufo-gofrado-fino-azul\/","title":{"rendered":"Ufo - Pomo para muebles infantiles - Fino relieve azul claro"},"content":{"rendered":"<p>\u00bfA sus hijos siempre les ha fascinado el espacio y sue\u00f1an con mil aventuras entre naves espaciales y estrellas? <strong>Pomo ovni<\/strong> es justo lo que necesitan.<\/p>\n<p>Inspirada en la famosa nave extraterrestre, la <strong>Pomo infantil ovni de Polideas<\/strong> aporta un toque de encanto y misterio al dormitorio de los ni\u00f1os m\u00e1s aventureros y aficionados a la tecnolog\u00eda.<\/p>\n<p>Disponible en licitaci\u00f3n <strong>fino matiz en relieve<\/strong> rosa, azul claro y blanco, y en el efecto especial de aluminio, que lo hace a\u00fan m\u00e1s espacial, <strong>Pomo ovni<\/strong> es una soluci\u00f3n minimalista pero sofisticada para renovar el mobiliario de la habitaci\u00f3n infantil.<\/p>\n<p>Fabricado en total conformidad con la normativa europea REACH, el pomo Ufo no tiene bordes afilados y garantiza la m\u00e1xima seguridad en cualquier situaci\u00f3n.<\/p>","protected":false},"excerpt":{"rendered":"<p>\u00bfA sus hijos siempre les ha fascinado el espacio y sue\u00f1an con mil aventuras entre naves espaciales y estrellas? El pomo Ufo es justo lo que necesitan. Inspirado en las famosas naves extraterrestres, el pomo infantil Ufo de Polideas aporta un toque de encanto y misterio a la habitaci\u00f3n de los ni\u00f1os m\u00e1s aventureros y tecnol\u00f3gicos. Disponible en tiernos colores [\u2026]","protected":false},"featured_media":11655,"comment_status":"closed","ping_status":"closed","template":"","meta":{"_acf_changed":false},"product_brand":[],"product_cat":[24],"product_tag":[3119,3120,3112,3113,3114,3121,3122,3123,3115,3116,3124,3117,3118,3125,3126,3127,3128],"class_list":{"0":"post-10635","1":"product","2":"type-product","3":"status-publish","4":"has-post-thumbnail","6":"product_cat-maniglie-pomelli-bambini","7":"product_tag-pomelli-cameretta-bimba","8":"product_tag-pomelli-cameretta-bimbo","9":"product_tag-pomolo","10":"product_tag-pomolo-al-miglior-prezzo","11":"product_tag-pomolo-anta-mobile","12":"product_tag-pomolo-armadio","13":"product_tag-pomolo-bambini","14":"product_tag-pomolo-cameretta-bambini","15":"product_tag-pomolo-cassettiera","16":"product_tag-pomolo-cassetto","17":"product_tag-pomolo-cassetto-bambini","18":"product_tag-pomolo-mobile","19":"product_tag-pomolo-mobile-arredamento","20":"product_tag-pomolo-mobile-ragazza","21":"product_tag-pomolo-mobile-ragazzi","22":"product_tag-pomolo-mobili-bambina","23":"product_tag-pomolo-mobili-bambino","25":"first","26":"instock","27":"taxable","28":"shipping-taxable","29":"purchasable","30":"product-type-simple"},"acf":[],"_links":{"self":[{"href":"https:\/\/www.polideas.it\/es\/wp-json\/wp\/v2\/product\/10635","targetHints":{"allow":["GET"]}}],"collection":[{"href":"https:\/\/www.polideas.it\/es\/wp-json\/wp\/v2\/product"}],"about":[{"href":"https:\/\/www.polideas.it\/es\/wp-json\/wp\/v2\/types\/product"}],"replies":[{"embeddable":true,"href":"https:\/\/www.polideas.it\/es\/wp-json\/wp\/v2\/comments?post=10635"}],"wp:featuredmedia":[{"embeddable":true,"href":"https:\/\/www.polideas.it\/es\/wp-json\/wp\/v2\/media\/11655"}],"wp:attachment":[{"href":"https:\/\/www.polideas.it\/es\/wp-json\/wp\/v2\/media?parent=10635"}],"wp:term":[{"taxonomy":"product_brand","embeddable":true,"href":"https:\/\/www.polideas.it\/es\/wp-json\/wp\/v2\/product_brand?post=10635"},{"taxonomy":"product_cat","embeddable":true,"href":"https:\/\/www.polideas.it\/es\/wp-json\/wp\/v2\/product_cat?post=10635"},{"taxonomy":"product_tag","embeddable":true,"href":"https:\/\/www.polideas.it\/es\/wp-json\/wp\/v2\/product_tag?post=10635"}],"curies":[{"name":"wp","href":"https:\/\/api.w.org\/{rel}","templated":true}]}}