{"id":10644,"date":"2022-02-28T21:59:59","date_gmt":"2022-02-28T20:59:59","guid":{"rendered":"https:\/\/www.polideas.it\/?post_type=product&#038;p=10644"},"modified":"2026-01-19T13:12:41","modified_gmt":"2026-01-19T12:12:41","slug":"pomo-de-mueble-infantil-luna-llena-en-relieve-azul-fino","status":"publish","type":"product","link":"https:\/\/www.polideas.it\/es\/en-2\/pomos-tiradores-infantiles-2\/pomo-de-mueble-infantil-luna-llena-en-relieve-azul-fino\/","title":{"rendered":"Luna Llena - Pomo m\u00f3vil infantil - Azul claro repujado fino"},"content":{"rendered":"<p>Al igual que en cualquier cielo estrellado que se precie, una hermosa luna llena tambi\u00e9n puede salir en la habitaci\u00f3n de un ni\u00f1o: es la <strong>Pomo de luna llena de Polideas<\/strong>!<\/p>\n<p>Con su inconfundible forma redonda y tierna, el <strong>Pomo para beb\u00e9 de luna llena<\/strong> transforma inmediatamente los muebles habituales en elementos nuevos e inesperados, d\u00e1ndoles un aspecto totalmente nuevo.<\/p>\n<p>Disponible en los finos colores en relieve blanco, rosa y azul claro, es tambi\u00e9n el complemento ideal para el <strong>habitaci\u00f3n de beb\u00e9.<\/strong><\/p>\n<p>Fabricado en total conformidad con la normativa europea REACH, el <strong>Pomo para beb\u00e9 de luna llena<\/strong> est\u00e1 libre de bordes afilados y garantiza la m\u00e1xima seguridad en todas las situaciones.<\/p>","protected":false},"excerpt":{"rendered":"<p>Proprio come in ogni cielo stellato che si rispetti, anche nella cameretta dei pi\u00f9 piccoli pu\u00f2 sorgere una bellissima luna piena: \u00e8 il pomolo Full Moon di Polideas! Con la sua inconfondibile forma tonda e tenera, il pomolo bimbi Full Moon trasforma subito i soliti mobili in elementi d\u2019arredo nuovi e inaspettati, conferendo loro tutto [&#8230;]\n","protected":false},"featured_media":11715,"comment_status":"closed","ping_status":"closed","template":"","meta":{"_acf_changed":false},"product_brand":[],"product_cat":[24],"product_tag":[3112,3113,3114,3121,3122,3123,3115,3116,3124,3117,3118,3125,3126,3127,3128],"class_list":{"0":"post-10644","1":"product","2":"type-product","3":"status-publish","4":"has-post-thumbnail","6":"product_cat-maniglie-pomelli-bambini","7":"product_tag-pomolo","8":"product_tag-pomolo-al-miglior-prezzo","9":"product_tag-pomolo-anta-mobile","10":"product_tag-pomolo-armadio","11":"product_tag-pomolo-bambini","12":"product_tag-pomolo-cameretta-bambini","13":"product_tag-pomolo-cassettiera","14":"product_tag-pomolo-cassetto","15":"product_tag-pomolo-cassetto-bambini","16":"product_tag-pomolo-mobile","17":"product_tag-pomolo-mobile-arredamento","18":"product_tag-pomolo-mobile-ragazza","19":"product_tag-pomolo-mobile-ragazzi","20":"product_tag-pomolo-mobili-bambina","21":"product_tag-pomolo-mobili-bambino","23":"first","24":"instock","25":"taxable","26":"shipping-taxable","27":"purchasable","28":"product-type-simple"},"acf":[],"_links":{"self":[{"href":"https:\/\/www.polideas.it\/es\/wp-json\/wp\/v2\/product\/10644","targetHints":{"allow":["GET"]}}],"collection":[{"href":"https:\/\/www.polideas.it\/es\/wp-json\/wp\/v2\/product"}],"about":[{"href":"https:\/\/www.polideas.it\/es\/wp-json\/wp\/v2\/types\/product"}],"replies":[{"embeddable":true,"href":"https:\/\/www.polideas.it\/es\/wp-json\/wp\/v2\/comments?post=10644"}],"wp:featuredmedia":[{"embeddable":true,"href":"https:\/\/www.polideas.it\/es\/wp-json\/wp\/v2\/media\/11715"}],"wp:attachment":[{"href":"https:\/\/www.polideas.it\/es\/wp-json\/wp\/v2\/media?parent=10644"}],"wp:term":[{"taxonomy":"product_brand","embeddable":true,"href":"https:\/\/www.polideas.it\/es\/wp-json\/wp\/v2\/product_brand?post=10644"},{"taxonomy":"product_cat","embeddable":true,"href":"https:\/\/www.polideas.it\/es\/wp-json\/wp\/v2\/product_cat?post=10644"},{"taxonomy":"product_tag","embeddable":true,"href":"https:\/\/www.polideas.it\/es\/wp-json\/wp\/v2\/product_tag?post=10644"}],"curies":[{"name":"wp","href":"https:\/\/api.w.org\/{rel}","templated":true}]}}