{"id":10647,"date":"2022-02-28T22:00:00","date_gmt":"2022-02-28T21:00:00","guid":{"rendered":"https:\/\/www.polideas.it\/?post_type=product&#038;p=10647"},"modified":"2025-02-04T11:33:47","modified_gmt":"2025-02-04T10:33:47","slug":"pomo-de-diamante-para-armario-de-bano","status":"publish","type":"product","link":"https:\/\/www.polideas.it\/es\/en-2\/pomos-de-bano-tiradores\/pomo-de-diamante-para-armario-de-bano\/","title":{"rendered":"Pomo de ba\u00f1o diamante - Pomo para muebles de ba\u00f1o"},"content":{"rendered":"<p>Preciosa y luminosa, como una piedra preciosa: es la <strong>Pomo de ba\u00f1o Diamond de Polideas<\/strong>.<\/p>\n<p>El <strong>Pomo de diamante<\/strong> est\u00e1 especialmente dise\u00f1ado para quienes buscan un accesorio de ba\u00f1o \u00fanico y lujoso para personalizar los muebles o colgar toallas y otros art\u00edculos con un estilo \u00fanico y sofisticado.<\/p>\n<p>Disponible en el <strong>acabado en cromo pulido<\/strong>Tiene un di\u00e1metro de 32 mm y es perfecto para hacer especiales los cuartos de ba\u00f1o m\u00e1s modernos, pero tambi\u00e9n para dar un toque extra de sofisticaci\u00f3n a los cuartos de ba\u00f1o amueblados de forma cl\u00e1sica.<\/p>\n<p>El <strong>Pomo de diamante<\/strong> es el resultado de una investigaci\u00f3n continua combinada con la atenci\u00f3n t\u00edpica de las producciones Made in Italy y est\u00e1 fabricado con materiales de la m\u00e1s alta calidad para garantizar la m\u00e1xima seguridad en todo momento, incluso con las manos mojadas, sin dejar halos.<\/p>","protected":false},"excerpt":{"rendered":"<p>Prezioso e luminoso, proprio come una pietra preziosa: \u00e8 il pomello bagno Diamante di Polideas. Il pomello Diamante \u00e8 pensato appositamente per chi cerca un complemento da bagno unico e lussuoso, per personalizzare i mobili o per appendere asciugamani ed altri oggetti con uno stile unico e ricercato. Disponibile nella finitura cromato lucido, ha un [&#8230;]\n","protected":false},"featured_media":7442,"comment_status":"closed","ping_status":"closed","template":"","meta":{"_acf_changed":false},"product_brand":[],"product_cat":[62,377],"product_tag":[3129,3130,3131,3132,3105,3324,3107,3133,3112,3113,3114,3121,3115,3116,3325,3326,3327,3117,3118,3328,3329],"class_list":{"0":"post-10647","1":"product","2":"type-product","3":"status-publish","4":"has-post-thumbnail","6":"product_cat-maniglie-pomelli-bagno","7":"product_cat-maniglie-pomelli-metallo","8":"product_tag-pomello-anta-bagno","9":"product_tag-pomello-bagno","10":"product_tag-pomello-cassetto","11":"product_tag-pomello-cassetto-bagno","12":"product_tag-pomello-design","13":"product_tag-pomello-metallo-diamante","14":"product_tag-pomello-mobile","15":"product_tag-pomello-per-mobile-bagno","16":"product_tag-pomolo","17":"product_tag-pomolo-al-miglior-prezzo","18":"product_tag-pomolo-anta-mobile","19":"product_tag-pomolo-armadio","20":"product_tag-pomolo-cassettiera","21":"product_tag-pomolo-cassetto","22":"product_tag-pomolo-diamante","23":"product_tag-pomolo-diamante-bagno","24":"product_tag-pomolo-metallo-mobile","25":"product_tag-pomolo-mobile","26":"product_tag-pomolo-mobile-arredamento","27":"product_tag-pomolo-mobile-bagno","28":"product_tag-pomolo-mobile-diamante","30":"first","31":"instock","32":"taxable","33":"shipping-taxable","34":"purchasable","35":"product-type-simple"},"acf":[],"_links":{"self":[{"href":"https:\/\/www.polideas.it\/es\/wp-json\/wp\/v2\/product\/10647","targetHints":{"allow":["GET"]}}],"collection":[{"href":"https:\/\/www.polideas.it\/es\/wp-json\/wp\/v2\/product"}],"about":[{"href":"https:\/\/www.polideas.it\/es\/wp-json\/wp\/v2\/types\/product"}],"replies":[{"embeddable":true,"href":"https:\/\/www.polideas.it\/es\/wp-json\/wp\/v2\/comments?post=10647"}],"wp:featuredmedia":[{"embeddable":true,"href":"https:\/\/www.polideas.it\/es\/wp-json\/wp\/v2\/media\/7442"}],"wp:attachment":[{"href":"https:\/\/www.polideas.it\/es\/wp-json\/wp\/v2\/media?parent=10647"}],"wp:term":[{"taxonomy":"product_brand","embeddable":true,"href":"https:\/\/www.polideas.it\/es\/wp-json\/wp\/v2\/product_brand?post=10647"},{"taxonomy":"product_cat","embeddable":true,"href":"https:\/\/www.polideas.it\/es\/wp-json\/wp\/v2\/product_cat?post=10647"},{"taxonomy":"product_tag","embeddable":true,"href":"https:\/\/www.polideas.it\/es\/wp-json\/wp\/v2\/product_tag?post=10647"}],"curies":[{"name":"wp","href":"https:\/\/api.w.org\/{rel}","templated":true}]}}