{"id":10650,"date":"2022-02-28T22:00:21","date_gmt":"2022-02-28T21:00:21","guid":{"rendered":"https:\/\/www.polideas.it\/?post_type=product&#038;p=10650"},"modified":"2025-02-21T09:52:43","modified_gmt":"2025-02-21T08:52:43","slug":"tabya-pomo-mueble-diseno-cromado","status":"publish","type":"product","link":"https:\/\/www.polideas.it\/es\/en-2\/asas-pomos-metalicos\/tabya-pomo-mueble-diseno-cromado\/","title":{"rendered":"Pomo Tabya - Pomo de dise\u00f1o para muebles - Cromo pulido"},"content":{"rendered":"<p>Como un precioso anillo tachonado de microperlas y diamantes el <strong>Pomo Tabya de Polideas<\/strong>el complemento perfecto para quienes buscan el detalle sofisticado, lujoso y refinado.<\/p>\n<p>Dedicado a quienes desean hacer de su sal\u00f3n o dormitorio muebles \u00fanicos y especiales, d\u00e1ndoles un aspecto decididamente lujoso, <strong>Tabya <\/strong>es el pomo ideal para a\u00f1adir luz y refinamiento a los muebles m\u00e1s cl\u00e1sicos.<\/p>\n<p>Disponible en el codiciado <strong>efecto cromo pulido<\/strong>Combina perfectamente con muebles de madera oscura, pero tambi\u00e9n con muebles modernos lacados a los que se desee dar un toque precioso.<\/p>\n<p>Con un di\u00e1metro de 33,23 mm y una profundidad de 29,03 mm, puede montarse en un instante, transformando decisivamente cualquier habitaci\u00f3n.<\/p>","protected":false},"excerpt":{"rendered":"<p>Sembra un anello prezioso tempestato di micro perle e diamanti il Pomolo Tabya di Polideas, complemento perfetto di chi cerca il dettaglio ricercato, lussuoso e raffinato. Dedicato a chi desidera rendere unici e speciali i mobili del salotto o della camera da letto, conferendogli un aspetto decisamente luxury, Tabya \u00e8 il pomolo ideale per dare [&#8230;]\n","protected":false},"featured_media":13934,"comment_status":"closed","ping_status":"closed","template":"","meta":{"_acf_changed":false},"product_brand":[],"product_cat":[377],"product_tag":[3339,3222,3340,3341,3342,3343,3344,3345,3112,3113,3225,3114,3121,3115,3116,3346,3228,3117,3118,3347],"class_list":{"0":"post-10650","1":"product","2":"type-product","3":"status-publish","4":"has-post-thumbnail","6":"product_cat-maniglie-pomelli-metallo","7":"product_tag-pomello-33mm","8":"product_tag-pomello-arredo","9":"product_tag-pomello-cromato-lucido","10":"product_tag-pomello-diamanti","11":"product_tag-pomello-diamanti-mobile","12":"product_tag-pomello-dorato","13":"product_tag-pomello-dorato-diamanti","14":"product_tag-pomello-profondita-29-mm","15":"product_tag-pomolo","16":"product_tag-pomolo-al-miglior-prezzo","17":"product_tag-pomolo-anta","18":"product_tag-pomolo-anta-mobile","19":"product_tag-pomolo-armadio","20":"product_tag-pomolo-cassettiera","21":"product_tag-pomolo-cassetto","22":"product_tag-pomolo-design","23":"product_tag-pomolo-estetico","24":"product_tag-pomolo-mobile","25":"product_tag-pomolo-mobile-arredamento","26":"product_tag-pomolo-perle-diamanti","28":"first","29":"instock","30":"taxable","31":"shipping-taxable","32":"purchasable","33":"product-type-simple"},"acf":[],"_links":{"self":[{"href":"https:\/\/www.polideas.it\/es\/wp-json\/wp\/v2\/product\/10650","targetHints":{"allow":["GET"]}}],"collection":[{"href":"https:\/\/www.polideas.it\/es\/wp-json\/wp\/v2\/product"}],"about":[{"href":"https:\/\/www.polideas.it\/es\/wp-json\/wp\/v2\/types\/product"}],"replies":[{"embeddable":true,"href":"https:\/\/www.polideas.it\/es\/wp-json\/wp\/v2\/comments?post=10650"}],"wp:featuredmedia":[{"embeddable":true,"href":"https:\/\/www.polideas.it\/es\/wp-json\/wp\/v2\/media\/13934"}],"wp:attachment":[{"href":"https:\/\/www.polideas.it\/es\/wp-json\/wp\/v2\/media?parent=10650"}],"wp:term":[{"taxonomy":"product_brand","embeddable":true,"href":"https:\/\/www.polideas.it\/es\/wp-json\/wp\/v2\/product_brand?post=10650"},{"taxonomy":"product_cat","embeddable":true,"href":"https:\/\/www.polideas.it\/es\/wp-json\/wp\/v2\/product_cat?post=10650"},{"taxonomy":"product_tag","embeddable":true,"href":"https:\/\/www.polideas.it\/es\/wp-json\/wp\/v2\/product_tag?post=10650"}],"curies":[{"name":"wp","href":"https:\/\/api.w.org\/{rel}","templated":true}]}}