{"id":10664,"date":"2022-02-28T22:00:23","date_gmt":"2022-02-28T21:00:23","guid":{"rendered":"https:\/\/www.polideas.it\/?post_type=product&#038;p=10664"},"modified":"2025-05-31T15:53:23","modified_gmt":"2025-05-31T13:53:23","slug":"life-c-tirador-de-armario-de-cocina","status":"publish","type":"product","link":"https:\/\/www.polideas.it\/es\/en-2\/pomos-de-cocina-tiradores\/life-c-tirador-de-armario-de-cocina\/","title":{"rendered":"Tirador de cocina Life B - Tirador de armario de cocina"},"content":{"rendered":"<p>M\u00ednimo, cuadrado, esencial: <strong>el tirador de cocina Life C de Polideas<\/strong> es la soluci\u00f3n ideal para completar de forma sencilla y elegante el mobiliario de su cocina, renov\u00e1ndolo en unos pocos pasos.<\/p>\n<p>Robusto y seguro, a pesar de sus discretas dimensiones que aprovechan al m\u00e1ximo el espacio, el <strong>manejar Life C<\/strong> es un tirador imperecedero que encaja perfectamente tanto en cocinas cl\u00e1sicas como modernas, realzando sus l\u00edneas y colores.<\/p>\n<p><strong>Disponible en el elegante tono efecto n\u00edquel<\/strong>Combina perfectamente con muebles sencillos y modernos, pero tambi\u00e9n con superficies m\u00e1s refinadas y elaboradas t\u00edpicas de las cocinas tradicionales.<\/p>\n<p>180 mm de ancho y 20 mm de alto, <strong>el asa Life C<\/strong> es extremadamente c\u00f3modo de sostener y da brillo instant\u00e1neo a puertas y cajones, renovando su dise\u00f1o con sencillez.<\/p>","protected":false},"excerpt":{"rendered":"<p>Minimal, squadrata, essenziale: la maniglia cucina Life C di Polideas \u00e8 la soluzione ideale per completare in modo semplice ed elegante i mobili della cucina, rinnovandoli in pochi semplici step. Robusta e sicura, nonostante le dimensioni discrete che sfruttano al meglio gli spazi, la maniglia Life C \u00e8 una maniglia evergreen che si adatta perfettamente [&#8230;]","protected":false},"featured_media":13944,"comment_status":"closed","ping_status":"closed","template":"","meta":{"_acf_changed":false},"product_brand":[],"product_cat":[37,377],"product_tag":[3149,3150,3151,3152,3153,3154,3155,3156,3158,3100,3159,3160,3161],"class_list":{"0":"post-10664","1":"product","2":"type-product","3":"status-publish","4":"has-post-thumbnail","6":"product_cat-maniglie-pomelli-cucina","7":"product_cat-maniglie-pomelli-metallo","8":"product_tag-maniglia","9":"product_tag-maniglia-anta-cucina","10":"product_tag-maniglia-anta-mobile","11":"product_tag-maniglia-cassettiera","12":"product_tag-maniglia-cassetto","13":"product_tag-maniglia-cassetto-cucina","14":"product_tag-maniglia-cucina","15":"product_tag-maniglia-design","16":"product_tag-maniglia-interasse-160mm","17":"product_tag-maniglia-mobile","18":"product_tag-maniglia-mobile-al-miglior-prezzo","19":"product_tag-maniglia-mobile-arredamento","20":"product_tag-maniglia-per-mobile-cucina","22":"first","23":"instock","24":"taxable","25":"shipping-taxable","26":"purchasable","27":"product-type-simple"},"acf":[],"_links":{"self":[{"href":"https:\/\/www.polideas.it\/es\/wp-json\/wp\/v2\/product\/10664","targetHints":{"allow":["GET"]}}],"collection":[{"href":"https:\/\/www.polideas.it\/es\/wp-json\/wp\/v2\/product"}],"about":[{"href":"https:\/\/www.polideas.it\/es\/wp-json\/wp\/v2\/types\/product"}],"replies":[{"embeddable":true,"href":"https:\/\/www.polideas.it\/es\/wp-json\/wp\/v2\/comments?post=10664"}],"wp:featuredmedia":[{"embeddable":true,"href":"https:\/\/www.polideas.it\/es\/wp-json\/wp\/v2\/media\/13944"}],"wp:attachment":[{"href":"https:\/\/www.polideas.it\/es\/wp-json\/wp\/v2\/media?parent=10664"}],"wp:term":[{"taxonomy":"product_brand","embeddable":true,"href":"https:\/\/www.polideas.it\/es\/wp-json\/wp\/v2\/product_brand?post=10664"},{"taxonomy":"product_cat","embeddable":true,"href":"https:\/\/www.polideas.it\/es\/wp-json\/wp\/v2\/product_cat?post=10664"},{"taxonomy":"product_tag","embeddable":true,"href":"https:\/\/www.polideas.it\/es\/wp-json\/wp\/v2\/product_tag?post=10664"}],"curies":[{"name":"wp","href":"https:\/\/api.w.org\/{rel}","templated":true}]}}