{"id":10669,"date":"2022-02-28T22:00:24","date_gmt":"2022-02-28T21:00:24","guid":{"rendered":"https:\/\/www.polideas.it\/?post_type=product&#038;p=10669"},"modified":"2025-02-04T11:12:57","modified_gmt":"2025-02-04T10:12:57","slug":"asa-de-cocina-grande-de-toda-la-vida-y-asa-de-armario-de-cocina","status":"publish","type":"product","link":"https:\/\/www.polideas.it\/es\/en-2\/pomos-de-cocina-tiradores\/asa-de-cocina-grande-de-toda-la-vida-y-asa-de-armario-de-cocina\/","title":{"rendered":"Tirador de cocina Life Big E - Tirador de armario de cocina"},"content":{"rendered":"<p>S\u00f3lido, robusto y esencial: <strong>el tirador de cocina Life Big E de Polideas<\/strong> es la soluci\u00f3n ideal para completar de forma sencilla y elegante el mobiliario de su cocina, renov\u00e1ndolo en unos pocos pasos.<\/p>\n<p>Caracterizada por un agarre c\u00f3modo y seguro, la <strong>handle Life Big E<\/strong> es un tirador imperecedero que encaja perfectamente tanto en cocinas cl\u00e1sicas como modernas, realzando sus l\u00edneas y colores.<\/p>\n<p><strong>Disponible en el elegante tono efecto n\u00edquel, <\/strong>combina perfectamente con muebles sencillos y modernos, pero tambi\u00e9n con superficies m\u00e1s sofisticadas y elaboradas t\u00edpicas de las cocinas tradicionales.<\/p>\n<p>244 mm de ancho y 25 mm de alto, <strong>el mango Life Big E<\/strong> permite renovar con poco el dise\u00f1o de los armarios de cocina garantizando un resultado \u00f3ptimo tanto en est\u00e9tica como en practicidad<\/p>","protected":false},"excerpt":{"rendered":"<p>S\u00f3lida, robusta y esencial: la manija para cocina Life Big E de Polideas es la soluci\u00f3n ideal para completar de forma sencilla y elegante los muebles de cocina, renov\u00e1ndolos en unos pocos y sencillos pasos. Caracterizada por un agarre c\u00f3modo y seguro, la manija Life Big E es una manija atemporal que se adapta perfectamente tanto a cocinas [\u2026]","protected":false},"featured_media":7413,"comment_status":"closed","ping_status":"closed","template":"","meta":{"_acf_changed":false},"product_brand":[],"product_cat":[37,377],"product_tag":[3149,3200,3150,3151,3209,3152,3153,3154,3155,3156,3366,3365,3100,3159,3160,3189,3161],"class_list":{"0":"post-10669","1":"product","2":"type-product","3":"status-publish","4":"has-post-thumbnail","6":"product_cat-maniglie-pomelli-cucina","7":"product_cat-maniglie-pomelli-metallo","8":"product_tag-maniglia","9":"product_tag-maniglia-anta","10":"product_tag-maniglia-anta-cucina","11":"product_tag-maniglia-anta-mobile","12":"product_tag-maniglia-arredo","13":"product_tag-maniglia-cassettiera","14":"product_tag-maniglia-cassetto","15":"product_tag-maniglia-cassetto-cucina","16":"product_tag-maniglia-cucina","17":"product_tag-maniglia-design","18":"product_tag-maniglia-interasse-224mm","19":"product_tag-maniglia-metallo","20":"product_tag-maniglia-mobile","21":"product_tag-maniglia-mobile-al-miglior-prezzo","22":"product_tag-maniglia-mobile-arredamento","23":"product_tag-maniglia-mobile-cucina","24":"product_tag-maniglia-per-mobile-cucina","26":"first","27":"instock","28":"taxable","29":"shipping-taxable","30":"purchasable","31":"product-type-simple"},"acf":[],"_links":{"self":[{"href":"https:\/\/www.polideas.it\/es\/wp-json\/wp\/v2\/product\/10669","targetHints":{"allow":["GET"]}}],"collection":[{"href":"https:\/\/www.polideas.it\/es\/wp-json\/wp\/v2\/product"}],"about":[{"href":"https:\/\/www.polideas.it\/es\/wp-json\/wp\/v2\/types\/product"}],"replies":[{"embeddable":true,"href":"https:\/\/www.polideas.it\/es\/wp-json\/wp\/v2\/comments?post=10669"}],"wp:featuredmedia":[{"embeddable":true,"href":"https:\/\/www.polideas.it\/es\/wp-json\/wp\/v2\/media\/7413"}],"wp:attachment":[{"href":"https:\/\/www.polideas.it\/es\/wp-json\/wp\/v2\/media?parent=10669"}],"wp:term":[{"taxonomy":"product_brand","embeddable":true,"href":"https:\/\/www.polideas.it\/es\/wp-json\/wp\/v2\/product_brand?post=10669"},{"taxonomy":"product_cat","embeddable":true,"href":"https:\/\/www.polideas.it\/es\/wp-json\/wp\/v2\/product_cat?post=10669"},{"taxonomy":"product_tag","embeddable":true,"href":"https:\/\/www.polideas.it\/es\/wp-json\/wp\/v2\/product_tag?post=10669"}],"curies":[{"name":"wp","href":"https:\/\/api.w.org\/{rel}","templated":true}]}}